{"id":135925,"date":"2025-06-05T10:35:10","date_gmt":"2025-06-05T09:35:10","guid":{"rendered":"https:\/\/zoca.es\/tablets\/acessorios\/"},"modified":"2025-09-25T07:34:51","modified_gmt":"2025-09-25T06:34:51","slug":"acessorios","status":"publish","type":"page","link":"https:\/\/zoca.es\/pt-pt\/tablets\/acessorios\/","title":{"rendered":"Acess\u00f3rios"},"content":{"rendered":"","protected":false},"excerpt":{"rendered":"","protected":false},"author":623,"featured_media":0,"parent":135924,"menu_order":0,"comment_status":"closed","ping_status":"closed","template":"template-new-categories.php","meta":{"zoca_cat_short_desc":"<p>Acess\u00f3rios para tablets recondicionados. Capas, teclados, canetas \u00f3ticas e protetores de ecr\u00e3. Complemente o seu tablet com acess\u00f3rios de qualidade para melhorar a sua funcionalidade e prote\u00e7\u00e3o.<\/p>\n","footnotes":""},"class_list":["post-135925","page","type-page","status-publish","hentry"],"_links":{"self":[{"href":"https:\/\/zoca.es\/pt-pt\/wp-json\/wp\/v2\/pages\/135925","targetHints":{"allow":["GET"]}}],"collection":[{"href":"https:\/\/zoca.es\/pt-pt\/wp-json\/wp\/v2\/pages"}],"about":[{"href":"https:\/\/zoca.es\/pt-pt\/wp-json\/wp\/v2\/types\/page"}],"author":[{"embeddable":true,"href":"https:\/\/zoca.es\/pt-pt\/wp-json\/wp\/v2\/users\/623"}],"replies":[{"embeddable":true,"href":"https:\/\/zoca.es\/pt-pt\/wp-json\/wp\/v2\/comments?post=135925"}],"version-history":[{"count":2,"href":"https:\/\/zoca.es\/pt-pt\/wp-json\/wp\/v2\/pages\/135925\/revisions"}],"predecessor-version":[{"id":143176,"href":"https:\/\/zoca.es\/pt-pt\/wp-json\/wp\/v2\/pages\/135925\/revisions\/143176"}],"up":[{"embeddable":true,"href":"https:\/\/zoca.es\/pt-pt\/wp-json\/wp\/v2\/pages\/135924"}],"wp:attachment":[{"href":"https:\/\/zoca.es\/pt-pt\/wp-json\/wp\/v2\/media?parent=135925"}],"curies":[{"name":"wp","href":"https:\/\/api.w.org\/{rel}","templated":true}]}}