{"id":135924,"date":"2025-06-05T10:34:44","date_gmt":"2025-06-05T09:34:44","guid":{"rendered":"https:\/\/zoca.es\/tablets\/"},"modified":"2025-06-06T13:52:14","modified_gmt":"2025-06-06T12:52:14","slug":"tablets","status":"publish","type":"page","link":"https:\/\/zoca.es\/pt-pt\/tablets\/","title":{"rendered":"Tablets"},"content":{"rendered":"","protected":false},"excerpt":{"rendered":"","protected":false},"author":623,"featured_media":0,"parent":0,"menu_order":-4,"comment_status":"closed","ping_status":"closed","template":"template-new-categories.php","meta":{"zoca_cat_short_desc":"Tablets recondicionados para entretenimento e produtividade com garantia de funcionamento como no primeiro dia. Tablets Android, iPad e Windows, com diferentes caracter\u00edsticas de tamanho, armazenamento e desempenho. Escolha em todo o nosso cat\u00e1logo o melhor tablet que se adequa \u00e0s suas necessidades e desfrute de um equipamento que oferece muita qualidade a baixo pre\u00e7o.","footnotes":""},"class_list":["post-135924","page","type-page","status-publish","hentry"],"_links":{"self":[{"href":"https:\/\/zoca.es\/pt-pt\/wp-json\/wp\/v2\/pages\/135924","targetHints":{"allow":["GET"]}}],"collection":[{"href":"https:\/\/zoca.es\/pt-pt\/wp-json\/wp\/v2\/pages"}],"about":[{"href":"https:\/\/zoca.es\/pt-pt\/wp-json\/wp\/v2\/types\/page"}],"author":[{"embeddable":true,"href":"https:\/\/zoca.es\/pt-pt\/wp-json\/wp\/v2\/users\/623"}],"replies":[{"embeddable":true,"href":"https:\/\/zoca.es\/pt-pt\/wp-json\/wp\/v2\/comments?post=135924"}],"version-history":[{"count":2,"href":"https:\/\/zoca.es\/pt-pt\/wp-json\/wp\/v2\/pages\/135924\/revisions"}],"predecessor-version":[{"id":143043,"href":"https:\/\/zoca.es\/pt-pt\/wp-json\/wp\/v2\/pages\/135924\/revisions\/143043"}],"wp:attachment":[{"href":"https:\/\/zoca.es\/pt-pt\/wp-json\/wp\/v2\/media?parent=135924"}],"curies":[{"name":"wp","href":"https:\/\/api.w.org\/{rel}","templated":true}]}}