{"id":135919,"date":"2025-06-05T10:31:02","date_gmt":"2025-06-05T09:31:02","guid":{"rendered":"https:\/\/zoca.es\/laptops\/touchscreen\/"},"modified":"2025-09-25T07:34:24","modified_gmt":"2025-09-25T06:34:24","slug":"touchscreen","status":"publish","type":"page","link":"https:\/\/zoca.es\/pt-pt\/laptops\/touchscreen\/","title":{"rendered":"Touchscreen"},"content":{"rendered":"","protected":false},"excerpt":{"rendered":"","protected":false},"author":623,"featured_media":0,"parent":135601,"menu_order":0,"comment_status":"closed","ping_status":"closed","template":"template-new-categories.php","meta":{"zoca_cat_short_desc":"<p>Port\u00e1teis com ecr\u00e3 t\u00e1ctil para uma intera\u00e7\u00e3o intuitiva. Ideais para design, apresenta\u00e7\u00f5es e entretenimento que necessitem de uma intera\u00e7\u00e3o r\u00e1pida com o equipamento. Port\u00e1teis t\u00e1cteis recondicionados de todas as marcas poss\u00edveis e caracter\u00edsticas do equipamento no nosso cat\u00e1logo.<\/p>\n","footnotes":""},"class_list":["post-135919","page","type-page","status-publish","hentry"],"_links":{"self":[{"href":"https:\/\/zoca.es\/pt-pt\/wp-json\/wp\/v2\/pages\/135919","targetHints":{"allow":["GET"]}}],"collection":[{"href":"https:\/\/zoca.es\/pt-pt\/wp-json\/wp\/v2\/pages"}],"about":[{"href":"https:\/\/zoca.es\/pt-pt\/wp-json\/wp\/v2\/types\/page"}],"author":[{"embeddable":true,"href":"https:\/\/zoca.es\/pt-pt\/wp-json\/wp\/v2\/users\/623"}],"replies":[{"embeddable":true,"href":"https:\/\/zoca.es\/pt-pt\/wp-json\/wp\/v2\/comments?post=135919"}],"version-history":[{"count":2,"href":"https:\/\/zoca.es\/pt-pt\/wp-json\/wp\/v2\/pages\/135919\/revisions"}],"predecessor-version":[{"id":143173,"href":"https:\/\/zoca.es\/pt-pt\/wp-json\/wp\/v2\/pages\/135919\/revisions\/143173"}],"up":[{"embeddable":true,"href":"https:\/\/zoca.es\/pt-pt\/wp-json\/wp\/v2\/pages\/135601"}],"wp:attachment":[{"href":"https:\/\/zoca.es\/pt-pt\/wp-json\/wp\/v2\/media?parent=135919"}],"curies":[{"name":"wp","href":"https:\/\/api.w.org\/{rel}","templated":true}]}}