{"id":135918,"date":"2025-06-05T10:30:09","date_gmt":"2025-06-05T09:30:09","guid":{"rendered":"https:\/\/zoca.es\/laptops\/laptops-robustos\/"},"modified":"2025-09-24T12:46:52","modified_gmt":"2025-09-24T11:46:52","slug":"laptops-robustos","status":"publish","type":"page","link":"https:\/\/zoca.es\/pt-pt\/laptops\/laptops-robustos\/","title":{"rendered":"Laptops robustos"},"content":{"rendered":"","protected":false},"excerpt":{"rendered":"","protected":false},"author":623,"featured_media":0,"parent":135601,"menu_order":0,"comment_status":"closed","ping_status":"closed","template":"template-new-categories.php","meta":{"zoca_cat_short_desc":"<p>Port\u00e1teis ruggedizados recondicionados resistentes para ambientes extremos. Os nossos computadores ruggedizados suportam pancadas, quedas, p\u00f3 e \u00e1gua. Ideais para profissionais, estudantes e uso familiar que necessitam de m\u00e1xima durabilidade.<\/p>\n","footnotes":""},"class_list":["post-135918","page","type-page","status-publish","hentry"],"_links":{"self":[{"href":"https:\/\/zoca.es\/pt-pt\/wp-json\/wp\/v2\/pages\/135918","targetHints":{"allow":["GET"]}}],"collection":[{"href":"https:\/\/zoca.es\/pt-pt\/wp-json\/wp\/v2\/pages"}],"about":[{"href":"https:\/\/zoca.es\/pt-pt\/wp-json\/wp\/v2\/types\/page"}],"author":[{"embeddable":true,"href":"https:\/\/zoca.es\/pt-pt\/wp-json\/wp\/v2\/users\/623"}],"replies":[{"embeddable":true,"href":"https:\/\/zoca.es\/pt-pt\/wp-json\/wp\/v2\/comments?post=135918"}],"version-history":[{"count":2,"href":"https:\/\/zoca.es\/pt-pt\/wp-json\/wp\/v2\/pages\/135918\/revisions"}],"predecessor-version":[{"id":143039,"href":"https:\/\/zoca.es\/pt-pt\/wp-json\/wp\/v2\/pages\/135918\/revisions\/143039"}],"up":[{"embeddable":true,"href":"https:\/\/zoca.es\/pt-pt\/wp-json\/wp\/v2\/pages\/135601"}],"wp:attachment":[{"href":"https:\/\/zoca.es\/pt-pt\/wp-json\/wp\/v2\/media?parent=135918"}],"curies":[{"name":"wp","href":"https:\/\/api.w.org\/{rel}","templated":true}]}}