{"id":135917,"date":"2025-06-05T10:29:32","date_gmt":"2025-06-05T09:29:32","guid":{"rendered":"https:\/\/zoca.es\/laptops\/laptops-gamer\/"},"modified":"2025-09-24T12:48:09","modified_gmt":"2025-09-24T11:48:09","slug":"laptops-gamer","status":"publish","type":"page","link":"https:\/\/zoca.es\/pt-pt\/laptops\/laptops-gamer\/","title":{"rendered":"Laptops Gamer"},"content":{"rendered":"","protected":false},"excerpt":{"rendered":"","protected":false},"author":623,"featured_media":0,"parent":135601,"menu_order":0,"comment_status":"closed","ping_status":"closed","template":"template-new-categories.php","meta":{"zoca_cat_short_desc":"<p>PCs gaming recondicionados de alto rendimento. Os nossos melhores port\u00e1teis com gr\u00e1ficos potentes a um pre\u00e7o muito econ\u00f3mico. Desfrute do gaming profissional com equipamentos que garantem um bom rendimento desde o seu primeiro contacto como se sa\u00edssem de f\u00e1brica.<\/p>\n","footnotes":""},"class_list":["post-135917","page","type-page","status-publish","hentry"],"_links":{"self":[{"href":"https:\/\/zoca.es\/pt-pt\/wp-json\/wp\/v2\/pages\/135917","targetHints":{"allow":["GET"]}}],"collection":[{"href":"https:\/\/zoca.es\/pt-pt\/wp-json\/wp\/v2\/pages"}],"about":[{"href":"https:\/\/zoca.es\/pt-pt\/wp-json\/wp\/v2\/types\/page"}],"author":[{"embeddable":true,"href":"https:\/\/zoca.es\/pt-pt\/wp-json\/wp\/v2\/users\/623"}],"replies":[{"embeddable":true,"href":"https:\/\/zoca.es\/pt-pt\/wp-json\/wp\/v2\/comments?post=135917"}],"version-history":[{"count":2,"href":"https:\/\/zoca.es\/pt-pt\/wp-json\/wp\/v2\/pages\/135917\/revisions"}],"predecessor-version":[{"id":143038,"href":"https:\/\/zoca.es\/pt-pt\/wp-json\/wp\/v2\/pages\/135917\/revisions\/143038"}],"up":[{"embeddable":true,"href":"https:\/\/zoca.es\/pt-pt\/wp-json\/wp\/v2\/pages\/135601"}],"wp:attachment":[{"href":"https:\/\/zoca.es\/pt-pt\/wp-json\/wp\/v2\/media?parent=135917"}],"curies":[{"name":"wp","href":"https:\/\/api.w.org\/{rel}","templated":true}]}}