{"id":135916,"date":"2025-06-05T10:28:37","date_gmt":"2025-06-05T09:28:37","guid":{"rendered":"https:\/\/zoca.es\/laptops\/laptops-conversiveis\/"},"modified":"2025-09-24T12:49:03","modified_gmt":"2025-09-24T11:49:03","slug":"laptops-conversiveis","status":"publish","type":"page","link":"https:\/\/zoca.es\/pt-pt\/laptops\/laptops-conversiveis\/","title":{"rendered":"Laptops convers\u00edveis"},"content":{"rendered":"","protected":false},"excerpt":{"rendered":"","protected":false},"author":623,"featured_media":0,"parent":135601,"menu_order":0,"comment_status":"closed","ping_status":"closed","template":"template-new-categories.php","meta":{"zoca_cat_short_desc":"<p>Na Zoca pomos \u00e0 disposi\u00e7\u00e3o dos nossos clientes port\u00e1teis 2 em 1 com ecr\u00e3 t\u00e1ctil e modo tablet. Flexibilidade e versatilidade para se entreter ou estudar em qualquer lugar com os nossos port\u00e1teis convert\u00edveis recondicionados.<\/p>\n","footnotes":""},"class_list":["post-135916","page","type-page","status-publish","hentry"],"_links":{"self":[{"href":"https:\/\/zoca.es\/pt-pt\/wp-json\/wp\/v2\/pages\/135916","targetHints":{"allow":["GET"]}}],"collection":[{"href":"https:\/\/zoca.es\/pt-pt\/wp-json\/wp\/v2\/pages"}],"about":[{"href":"https:\/\/zoca.es\/pt-pt\/wp-json\/wp\/v2\/types\/page"}],"author":[{"embeddable":true,"href":"https:\/\/zoca.es\/pt-pt\/wp-json\/wp\/v2\/users\/623"}],"replies":[{"embeddable":true,"href":"https:\/\/zoca.es\/pt-pt\/wp-json\/wp\/v2\/comments?post=135916"}],"version-history":[{"count":2,"href":"https:\/\/zoca.es\/pt-pt\/wp-json\/wp\/v2\/pages\/135916\/revisions"}],"predecessor-version":[{"id":143037,"href":"https:\/\/zoca.es\/pt-pt\/wp-json\/wp\/v2\/pages\/135916\/revisions\/143037"}],"up":[{"embeddable":true,"href":"https:\/\/zoca.es\/pt-pt\/wp-json\/wp\/v2\/pages\/135601"}],"wp:attachment":[{"href":"https:\/\/zoca.es\/pt-pt\/wp-json\/wp\/v2\/media?parent=135916"}],"curies":[{"name":"wp","href":"https:\/\/api.w.org\/{rel}","templated":true}]}}