{"id":135915,"date":"2025-06-05T10:28:05","date_gmt":"2025-06-05T09:28:05","guid":{"rendered":"https:\/\/zoca.es\/laptops\/cadeados\/"},"modified":"2025-09-24T11:54:24","modified_gmt":"2025-09-24T10:54:24","slug":"cadeados","status":"publish","type":"page","link":"https:\/\/zoca.es\/pt-pt\/laptops\/cadeados\/","title":{"rendered":"Cadeados"},"content":{"rendered":"","protected":false},"excerpt":{"rendered":"","protected":false},"author":623,"featured_media":0,"parent":135601,"menu_order":0,"comment_status":"closed","ping_status":"closed","template":"template-new-categories.php","meta":{"zoca_cat_short_desc":"<p>Proteja o seu port\u00e1til em bibliotecas ou espa\u00e7os p\u00fablicos com cadeados de combina\u00e7\u00e3o e chave. Seguran\u00e7a antifurto com os nossos melhores produtos, um acess\u00f3rio indispens\u00e1vel para o seu equipamento de trabalho.<\/p>\n","footnotes":""},"class_list":["post-135915","page","type-page","status-publish","hentry"],"_links":{"self":[{"href":"https:\/\/zoca.es\/pt-pt\/wp-json\/wp\/v2\/pages\/135915","targetHints":{"allow":["GET"]}}],"collection":[{"href":"https:\/\/zoca.es\/pt-pt\/wp-json\/wp\/v2\/pages"}],"about":[{"href":"https:\/\/zoca.es\/pt-pt\/wp-json\/wp\/v2\/types\/page"}],"author":[{"embeddable":true,"href":"https:\/\/zoca.es\/pt-pt\/wp-json\/wp\/v2\/users\/623"}],"replies":[{"embeddable":true,"href":"https:\/\/zoca.es\/pt-pt\/wp-json\/wp\/v2\/comments?post=135915"}],"version-history":[{"count":2,"href":"https:\/\/zoca.es\/pt-pt\/wp-json\/wp\/v2\/pages\/135915\/revisions"}],"predecessor-version":[{"id":143036,"href":"https:\/\/zoca.es\/pt-pt\/wp-json\/wp\/v2\/pages\/135915\/revisions\/143036"}],"up":[{"embeddable":true,"href":"https:\/\/zoca.es\/pt-pt\/wp-json\/wp\/v2\/pages\/135601"}],"wp:attachment":[{"href":"https:\/\/zoca.es\/pt-pt\/wp-json\/wp\/v2\/media?parent=135915"}],"curies":[{"name":"wp","href":"https:\/\/api.w.org\/{rel}","templated":true}]}}