{"id":135611,"date":"2025-06-04T09:17:57","date_gmt":"2025-06-04T08:17:57","guid":{"rendered":"https:\/\/zoca.es\/computadores\/workstations\/"},"modified":"2025-06-05T10:50:25","modified_gmt":"2025-06-05T09:50:25","slug":"workstations","status":"publish","type":"page","link":"https:\/\/zoca.es\/pt-pt\/computadores\/workstations\/","title":{"rendered":"Workstations"},"content":{"rendered":"","protected":false},"excerpt":{"rendered":"","protected":false},"author":623,"featured_media":0,"parent":135605,"menu_order":0,"comment_status":"closed","ping_status":"closed","template":"template-new-categories.php","meta":{"zoca_cat_short_desc":"Esta\u00e7\u00f5es de trabalho com processadores Xeon, gr\u00e1ficas Quadro\/RTX e at\u00e9 128GB RAM. Pot\u00eancia garantida para AutoCAD, renderiza\u00e7\u00e3o 3D, edi\u00e7\u00e3o de v\u00eddeo e aplica\u00e7\u00f5es de engenharia.","footnotes":""},"class_list":["post-135611","page","type-page","status-publish","hentry"],"_links":{"self":[{"href":"https:\/\/zoca.es\/pt-pt\/wp-json\/wp\/v2\/pages\/135611","targetHints":{"allow":["GET"]}}],"collection":[{"href":"https:\/\/zoca.es\/pt-pt\/wp-json\/wp\/v2\/pages"}],"about":[{"href":"https:\/\/zoca.es\/pt-pt\/wp-json\/wp\/v2\/types\/page"}],"author":[{"embeddable":true,"href":"https:\/\/zoca.es\/pt-pt\/wp-json\/wp\/v2\/users\/623"}],"replies":[{"embeddable":true,"href":"https:\/\/zoca.es\/pt-pt\/wp-json\/wp\/v2\/comments?post=135611"}],"version-history":[{"count":2,"href":"https:\/\/zoca.es\/pt-pt\/wp-json\/wp\/v2\/pages\/135611\/revisions"}],"predecessor-version":[{"id":143172,"href":"https:\/\/zoca.es\/pt-pt\/wp-json\/wp\/v2\/pages\/135611\/revisions\/143172"}],"up":[{"embeddable":true,"href":"https:\/\/zoca.es\/pt-pt\/wp-json\/wp\/v2\/pages\/135605"}],"wp:attachment":[{"href":"https:\/\/zoca.es\/pt-pt\/wp-json\/wp\/v2\/media?parent=135611"}],"curies":[{"name":"wp","href":"https:\/\/api.w.org\/{rel}","templated":true}]}}