{"id":135608,"date":"2025-06-04T09:16:43","date_gmt":"2025-06-04T08:16:43","guid":{"rendered":"https:\/\/zoca.es\/computadores\/gaming\/"},"modified":"2025-06-05T10:49:59","modified_gmt":"2025-06-05T09:49:59","slug":"gaming","status":"publish","type":"page","link":"https:\/\/zoca.es\/pt-pt\/computadores\/gaming\/","title":{"rendered":"Gaming"},"content":{"rendered":"","protected":false},"excerpt":{"rendered":"","protected":false},"author":623,"featured_media":0,"parent":135605,"menu_order":0,"comment_status":"closed","ping_status":"closed","template":"template-new-categories.php","meta":{"zoca_cat_short_desc":"Computadores gaming recondicionados em perfeito estado. PCs com placas gr\u00e1ficas dedicadas (NVIDIA GeForce RTX, AMD Radeon RX) e processadores potentes. Experimente o gaming a um pre\u00e7o econ\u00f3mico gra\u00e7as aos nossos equipamentos em segunda m\u00e3o que funcionam como no primeiro dia. Equipamentos com rendimento a mais de 60 fps, 144Hz em 4k, encontre o seu no nosso cat\u00e1logo.","footnotes":""},"class_list":["post-135608","page","type-page","status-publish","hentry"],"_links":{"self":[{"href":"https:\/\/zoca.es\/pt-pt\/wp-json\/wp\/v2\/pages\/135608","targetHints":{"allow":["GET"]}}],"collection":[{"href":"https:\/\/zoca.es\/pt-pt\/wp-json\/wp\/v2\/pages"}],"about":[{"href":"https:\/\/zoca.es\/pt-pt\/wp-json\/wp\/v2\/types\/page"}],"author":[{"embeddable":true,"href":"https:\/\/zoca.es\/pt-pt\/wp-json\/wp\/v2\/users\/623"}],"replies":[{"embeddable":true,"href":"https:\/\/zoca.es\/pt-pt\/wp-json\/wp\/v2\/comments?post=135608"}],"version-history":[{"count":2,"href":"https:\/\/zoca.es\/pt-pt\/wp-json\/wp\/v2\/pages\/135608\/revisions"}],"predecessor-version":[{"id":143168,"href":"https:\/\/zoca.es\/pt-pt\/wp-json\/wp\/v2\/pages\/135608\/revisions\/143168"}],"up":[{"embeddable":true,"href":"https:\/\/zoca.es\/pt-pt\/wp-json\/wp\/v2\/pages\/135605"}],"wp:attachment":[{"href":"https:\/\/zoca.es\/pt-pt\/wp-json\/wp\/v2\/media?parent=135608"}],"curies":[{"name":"wp","href":"https:\/\/api.w.org\/{rel}","templated":true}]}}