{"id":135606,"date":"2025-06-04T09:16:15","date_gmt":"2025-06-04T08:16:15","guid":{"rendered":"https:\/\/zoca.es\/computadores\/all-in-one\/"},"modified":"2025-06-05T10:49:49","modified_gmt":"2025-06-05T09:49:49","slug":"all-in-one","status":"publish","type":"page","link":"https:\/\/zoca.es\/pt-pt\/computadores\/all-in-one\/","title":{"rendered":"All In One"},"content":{"rendered":"","protected":false},"excerpt":{"rendered":"","protected":false},"author":623,"featured_media":0,"parent":135605,"menu_order":0,"comment_status":"closed","ping_status":"closed","template":"template-new-categories.php","meta":{"zoca_cat_short_desc":"Computadores All in One recondicionados tudo em um com ecr\u00e3 integrado. Equipamentos de secret\u00e1ria que poupam espa\u00e7o combinando monitor e computador num s\u00f3 dispositivo.","footnotes":""},"class_list":["post-135606","page","type-page","status-publish","hentry"],"_links":{"self":[{"href":"https:\/\/zoca.es\/pt-pt\/wp-json\/wp\/v2\/pages\/135606","targetHints":{"allow":["GET"]}}],"collection":[{"href":"https:\/\/zoca.es\/pt-pt\/wp-json\/wp\/v2\/pages"}],"about":[{"href":"https:\/\/zoca.es\/pt-pt\/wp-json\/wp\/v2\/types\/page"}],"author":[{"embeddable":true,"href":"https:\/\/zoca.es\/pt-pt\/wp-json\/wp\/v2\/users\/623"}],"replies":[{"embeddable":true,"href":"https:\/\/zoca.es\/pt-pt\/wp-json\/wp\/v2\/comments?post=135606"}],"version-history":[{"count":2,"href":"https:\/\/zoca.es\/pt-pt\/wp-json\/wp\/v2\/pages\/135606\/revisions"}],"predecessor-version":[{"id":143167,"href":"https:\/\/zoca.es\/pt-pt\/wp-json\/wp\/v2\/pages\/135606\/revisions\/143167"}],"up":[{"embeddable":true,"href":"https:\/\/zoca.es\/pt-pt\/wp-json\/wp\/v2\/pages\/135605"}],"wp:attachment":[{"href":"https:\/\/zoca.es\/pt-pt\/wp-json\/wp\/v2\/media?parent=135606"}],"curies":[{"name":"wp","href":"https:\/\/api.w.org\/{rel}","templated":true}]}}