{"id":135602,"date":"2025-06-03T17:13:38","date_gmt":"2025-06-03T16:13:38","guid":{"rendered":"https:\/\/zoca.es\/laptops\/maletas\/"},"modified":"2025-09-24T11:54:43","modified_gmt":"2025-09-24T10:54:43","slug":"maletas","status":"publish","type":"page","link":"https:\/\/zoca.es\/pt-pt\/laptops\/maletas\/","title":{"rendered":"Maletas"},"content":{"rendered":"","protected":false},"excerpt":{"rendered":"","protected":false},"author":623,"featured_media":0,"parent":135601,"menu_order":0,"comment_status":"closed","ping_status":"closed","template":"template-new-categories.php","meta":{"zoca_cat_short_desc":"<p>Malas com diferentes tamanhos e compartimentos para guardar o seu port\u00e1til e os seus acess\u00f3rios. Malas de qualidade com interiores acolchoados e refor\u00e7ados para garantir um lugar seguro para o seu equipamento e minimizar qualquer pancada ou dano que receba. Encontre no nosso cat\u00e1logo a mala que mais se ajusta ao que precisa.<\/p>\n","footnotes":""},"class_list":["post-135602","page","type-page","status-publish","hentry"],"_links":{"self":[{"href":"https:\/\/zoca.es\/pt-pt\/wp-json\/wp\/v2\/pages\/135602","targetHints":{"allow":["GET"]}}],"collection":[{"href":"https:\/\/zoca.es\/pt-pt\/wp-json\/wp\/v2\/pages"}],"about":[{"href":"https:\/\/zoca.es\/pt-pt\/wp-json\/wp\/v2\/types\/page"}],"author":[{"embeddable":true,"href":"https:\/\/zoca.es\/pt-pt\/wp-json\/wp\/v2\/users\/623"}],"replies":[{"embeddable":true,"href":"https:\/\/zoca.es\/pt-pt\/wp-json\/wp\/v2\/comments?post=135602"}],"version-history":[{"count":3,"href":"https:\/\/zoca.es\/pt-pt\/wp-json\/wp\/v2\/pages\/135602\/revisions"}],"predecessor-version":[{"id":143040,"href":"https:\/\/zoca.es\/pt-pt\/wp-json\/wp\/v2\/pages\/135602\/revisions\/143040"}],"up":[{"embeddable":true,"href":"https:\/\/zoca.es\/pt-pt\/wp-json\/wp\/v2\/pages\/135601"}],"wp:attachment":[{"href":"https:\/\/zoca.es\/pt-pt\/wp-json\/wp\/v2\/media?parent=135602"}],"curies":[{"name":"wp","href":"https:\/\/api.w.org\/{rel}","templated":true}]}}