{"id":135601,"date":"2025-06-03T17:11:10","date_gmt":"2025-06-03T16:11:10","guid":{"rendered":"https:\/\/zoca.es\/laptops\/"},"modified":"2025-11-07T13:05:26","modified_gmt":"2025-11-07T12:05:26","slug":"laptops","status":"publish","type":"page","link":"https:\/\/zoca.es\/pt-pt\/laptops\/","title":{"rendered":"Laptops recondicionados"},"content":{"rendered":"","protected":false},"excerpt":{"rendered":"","protected":false},"author":623,"featured_media":0,"parent":0,"menu_order":-5,"comment_status":"closed","ping_status":"closed","template":"template-new-categories.php","meta":{"zoca_cat_short_desc":"<p>Procure e encontre no nosso cat\u00e1logo os nossos melhores port\u00e1teis das marcas mais reconhecidas. Laptops de todas as marcas e modelos: Dell, HP, Lenovo, Apple MacBook com processadores Intel Core i3, i5, i7, i9 e AMD Ryzen. Encontre a op\u00e7\u00e3o que mais se ajusta ao seu or\u00e7amento e d\u00ea uma segunda vida aos nossos port\u00e1teis em segunda m\u00e3o como novos.<\/p>\r\n","footnotes":""},"class_list":["post-135601","page","type-page","status-publish","hentry"],"_links":{"self":[{"href":"https:\/\/zoca.es\/pt-pt\/wp-json\/wp\/v2\/pages\/135601","targetHints":{"allow":["GET"]}}],"collection":[{"href":"https:\/\/zoca.es\/pt-pt\/wp-json\/wp\/v2\/pages"}],"about":[{"href":"https:\/\/zoca.es\/pt-pt\/wp-json\/wp\/v2\/types\/page"}],"author":[{"embeddable":true,"href":"https:\/\/zoca.es\/pt-pt\/wp-json\/wp\/v2\/users\/623"}],"replies":[{"embeddable":true,"href":"https:\/\/zoca.es\/pt-pt\/wp-json\/wp\/v2\/comments?post=135601"}],"version-history":[{"count":3,"href":"https:\/\/zoca.es\/pt-pt\/wp-json\/wp\/v2\/pages\/135601\/revisions"}],"predecessor-version":[{"id":148229,"href":"https:\/\/zoca.es\/pt-pt\/wp-json\/wp\/v2\/pages\/135601\/revisions\/148229"}],"wp:attachment":[{"href":"https:\/\/zoca.es\/pt-pt\/wp-json\/wp\/v2\/media?parent=135601"}],"curies":[{"name":"wp","href":"https:\/\/api.w.org\/{rel}","templated":true}]}}