{"id":1306,"date":"2020-05-04T09:58:06","date_gmt":"2020-05-04T07:58:06","guid":{"rendered":"https:\/\/zoca.es\/?page_id=1306"},"modified":"2025-06-04T16:13:23","modified_gmt":"2025-06-04T15:13:23","slug":"politica-de-privacidade","status":"publish","type":"page","link":"https:\/\/zoca.es\/pt-pt\/politica-de-privacidade\/","title":{"rendered":"Pol\u00edtica de privacidade"},"content":{"rendered":"\n<section id=\"politica-privacidad\">\n  <header>\n    <h2 class=\"espHeader\">Pol\u00edtica protecci\u00f3n de datos\n    <\/h2><p>De acuerdo con la normativa de Protecci\u00f3n de Datos de Car\u00e1cter Personal, procedemos a informarle del tratamiento de datos personales que realizamos de nuestros clientes y\/o usuarios de la presente p\u00e1gina web.<\/p>\n  <\/header>\n\n  <article>\n    <h2 class=\"espHeader\">1. Responsable de tratamiento de los datos<\/h2>\n    <address>\n      <strong>GRUPO DIGALCO, SL<\/strong> (en adelante GRUPO DIGALCO)<br\/>\n      Pol\u00edgono Industrial de Bergondo, Parcelas R7-R8<br\/>\n      15165 Bergondo (A Coru\u00f1a)<br\/>\n      <a href=\"mailto:administracion@grupodigalco.com\">administracion@grupodigalco.com<\/a>\n    <\/address>\n  <\/article>\n\n  <article>\n    <h2 class=\"espHeader\">2. Finalidad del tratamiento, legitimaci\u00f3n y plazo de conservaci\u00f3n<\/h2>\n\n    <section>\n      <h3 class=\"espHeader\">Servicio de atenci\u00f3n al usuario a trav\u00e9s del formulario de contacto y\/o env\u00edo de correos electr\u00f3nicos<\/h3>\n      <p><strong>Finalidad:<\/strong> Trataremos los datos estrictamente necesarios para gestionar su petici\u00f3n.<\/p>\n      <p><strong>Legitimaci\u00f3n:<\/strong> Inter\u00e9s leg\u00edtimo mutuo. En caso de reclamaciones, cumplimiento de obligaciones legales. Si el contacto est\u00e1 relacionado con una compra, ejecuci\u00f3n del contrato.<\/p>\n      <p><strong>Conservaci\u00f3n:<\/strong> El tiempo necesario para responder y hasta la prescripci\u00f3n de posibles responsabilidades.<\/p>\n    <\/section>\n\n    <section>\n      <h3 class=\"espHeader\">Gestionar el registro como usuario de la web<\/h3>\n      <p><strong>Finalidad:<\/strong> Identificarle como usuario registrado y darle acceso a los beneficios correspondientes.<\/p>\n      <p><strong>Legitimaci\u00f3n:<\/strong> Consentimiento del interesado.<\/p>\n      <p><strong>Conservaci\u00f3n:<\/strong> Hasta que se d\u00e9 de baja como usuario. Ver apartado &#8220;5. Derechos&#8221;.<\/p>\n    <\/section>\n\n    <section>\n      <h3 class=\"espHeader\">Para cumplir con el contrato de compraventa de servicios y\/o productos<\/h3>\n      <p><strong>Finalidad:<\/strong> Gestionar la compra y prestaci\u00f3n del servicio, incluyendo pagos, devoluciones y gesti\u00f3n de datos de tarjeta para futuras compras.<\/p>\n      <p><strong>Legitimaci\u00f3n:<\/strong> Ejecuci\u00f3n del contrato. Para almacenamiento de tarjetas, su consentimiento. Tambi\u00e9n existe inter\u00e9s leg\u00edtimo en prevenir fraudes.<\/p>\n      <p><strong>Conservaci\u00f3n:<\/strong> Durante el tiempo necesario para gestionar la compra y obligaciones derivadas. Los datos de tarjeta se conservar\u00e1n hasta que usted los elimine.<\/p>\n    <\/section>\n\n    <section>\n      <h3 class=\"espHeader\">Si desea remitirnos su curr\u00edculum<\/h3>\n      <p><strong>Finalidad:<\/strong> Participaci\u00f3n en procesos de selecci\u00f3n.<\/p>\n      <p><strong>Legitimaci\u00f3n:<\/strong> Consentimiento mediante aceptaci\u00f3n de la pol\u00edtica de privacidad.<\/p>\n      <p><strong>Conservaci\u00f3n:<\/strong> 1 a\u00f1o. Posteriormente ser\u00e1n destruidos.<\/p>\n    <\/section>\n\n    <section>\n      <h3 class=\"espHeader\">Con fines de marketing<\/h3>\n      <p><strong>Finalidad:<\/strong> Env\u00edo de informaci\u00f3n personalizada sobre productos o servicios.<\/p>\n      <p><strong>Legitimaci\u00f3n:<\/strong> Su consentimiento.<\/p>\n      <p><strong>Conservaci\u00f3n:<\/strong> Hasta que decida darse de baja. Puede hacerlo escribiendo a <a href=\"mailto:administracion@grupodigalco.com\">administracion@grupodigalco.com<\/a>.<\/p>\n    <\/section>\n\n    <section>\n      <h3 class=\"espHeader\">Uso de redes sociales<\/h3>\n      <p>Los datos tratados en redes sociales se rigen por las pol\u00edticas de privacidad de cada red. Los comentarios o \u201cme gusta\u201d ser\u00e1n visibles para otros usuarios. Puede eliminar o modificar su contenido, y si desea que lo hagamos por usted, puede contactarnos por mensaje privado o en <a href=\"mailto:administracion@grupodigalco.com\">administracion@grupodigalco.com<\/a>.<\/p>\n    <\/section>\n  <\/article>\n\n  <article>\n    <h2 class=\"espHeader\">3. Destinatarios de cesiones<\/h2>\n    <p>No se ceder\u00e1n datos a terceros salvo obligaci\u00f3n legal.<\/p>\n  <\/article>\n\n  <article>\n    <h2 class=\"espHeader\">4. Pol\u00edtica de cookies<\/h2>\n    <p>Para m\u00e1s informaci\u00f3n, consulte nuestra pol\u00edtica de cookies disponible en esta misma p\u00e1gina web.<\/p>\n    <p>Podr\u00e1 configurar sus preferencias en el aviso de configuraci\u00f3n de cookies.<\/p>\n  <\/article>\n\n  <article>\n    <h2 class=\"espHeader\">5. Derechos<\/h2>\n    <p>Puede ejercer los siguientes derechos:<\/p>\n    <ul>\n      <li>Acceso a sus datos personales<\/li>\n      <li>Rectificaci\u00f3n o supresi\u00f3n<\/li>\n      <li>Limitaci\u00f3n u oposici\u00f3n al tratamiento<\/li>\n      <li>Portabilidad de los datos<\/li>\n      <li>Retirada del consentimiento<\/li>\n    <\/ul>\n    <p>Env\u00ede su solicitud a <a href=\"mailto:administracion@grupodigalco.com\">administracion@grupodigalco.com<\/a>.<\/p>\n    <p>Si considera que sus derechos no han sido atendidos, puede reclamar ante la Agencia Espa\u00f1ola de Protecci\u00f3n de Datos:<\/p>\n    <ul>\n      <li><strong>Sede electr\u00f3nica:<\/strong> <a href=\"https:\/\/www.aepd.es\" target=\"_blank\" rel=\"noopener noreferrer\">www.aepd.es<\/a><\/li>\n      <li><strong>Correo postal:<\/strong> C\/ Jorge Juan 6, 28001 \u2013 Madrid<\/li>\n      <li><strong>Tel\u00e9fono:<\/strong> 901 100 099 \u2013 91 266 35 17<\/li>\n    <\/ul>\n  <\/article>\n\n  <article>\n    <h2 class=\"espHeader\">6. Medidas de seguridad<\/h2>\n    <p>GRUPO DIGALCO ha implantado las medidas t\u00e9cnicas y organizativas necesarias para garantizar la seguridad de sus datos personales y evitar su alteraci\u00f3n, p\u00e9rdida, tratamiento o acceso no autorizado, considerando el estado de la tecnolog\u00eda, la naturaleza de los datos y los riesgos existentes.<\/p>\n  <\/article>\n<\/section>\n\n\n<p><\/p>\n","protected":false},"excerpt":{"rendered":"<p>Pol\u00edtica protecci\u00f3n de datos De acuerdo con la normativa de Protecci\u00f3n de Datos de Car\u00e1cter Personal, procedemos a informarle del tratamiento de datos personales que realizamos de nuestros clientes y\/o usuarios de la presente p\u00e1gina web. 1. Responsable de tratamiento de los datos GRUPO DIGALCO, SL (en adelante GRUPO DIGALCO) Pol\u00edgono Industrial de Bergondo, Parcelas [&hellip;]<\/p>\n","protected":false},"author":1,"featured_media":0,"parent":0,"menu_order":0,"comment_status":"closed","ping_status":"closed","template":"","meta":{"zoca_cat_short_desc":"","footnotes":""},"class_list":["post-1306","page","type-page","status-publish","hentry"],"_links":{"self":[{"href":"https:\/\/zoca.es\/pt-pt\/wp-json\/wp\/v2\/pages\/1306","targetHints":{"allow":["GET"]}}],"collection":[{"href":"https:\/\/zoca.es\/pt-pt\/wp-json\/wp\/v2\/pages"}],"about":[{"href":"https:\/\/zoca.es\/pt-pt\/wp-json\/wp\/v2\/types\/page"}],"author":[{"embeddable":true,"href":"https:\/\/zoca.es\/pt-pt\/wp-json\/wp\/v2\/users\/1"}],"replies":[{"embeddable":true,"href":"https:\/\/zoca.es\/pt-pt\/wp-json\/wp\/v2\/comments?post=1306"}],"version-history":[{"count":0,"href":"https:\/\/zoca.es\/pt-pt\/wp-json\/wp\/v2\/pages\/1306\/revisions"}],"wp:attachment":[{"href":"https:\/\/zoca.es\/pt-pt\/wp-json\/wp\/v2\/media?parent=1306"}],"curies":[{"name":"wp","href":"https:\/\/api.w.org\/{rel}","templated":true}]}}