{"id":240455,"date":"2026-05-11T11:36:36","date_gmt":"2026-05-11T10:36:36","guid":{"rendered":"https:\/\/zoca.es\/producto\/dell-latitude-e5410-bateria-agotada-14-ricondizionato-core-i5-24ghz-4-gb-ram-500-gb-hdd-1280x800-it-15141\/"},"modified":"2026-05-11T11:37:18","modified_gmt":"2026-05-11T10:37:18","slug":"dell-latitude-e5410-bateria-agotada-14-ricondizionato-core-i5-24ghz-4-gb-ram-500-gb-hdd-1280x800-it-15141","status":"publish","type":"product","link":"https:\/\/zoca.es\/it\/producto\/dell-latitude-e5410-bateria-agotada-14-ricondizionato-core-i5-24ghz-4-gb-ram-500-gb-hdd-1280x800-it-15141\/","title":{"rendered":"Dell Latitude E5410-Bateria Agotada 14&#8221; | Ricondizionato | Core i5 2.4GHz | 4 GB RAM | 500 GB HDD 1280&#215;800"},"content":{"rendered":"<p><strong>Processore<\/strong><br \/>Intel Core i5 M 520 2.4 GHz.<br \/><strong>Memoria RAM<\/strong><br \/>4 Gb. SO-DDR3 RAM<br \/><strong>Disco duro<\/strong><br \/>500 Gb. SATA<br \/><strong>Unit\u00e0 ottica<\/strong><br \/>DVD-RW<br \/><strong>Carte<\/strong><br \/>Grafica: intel HD Graphics<br \/>Suono: High Definition Audio<br \/>Rete: Intel Gigabit Broadcom<br \/><strong>Sistema operativo<\/strong><br \/>Windows 7 Pro<br \/><strong>Porte<\/strong><br \/>4x USB 2.0<br \/>Firewire<br \/><strong>Schermo<\/strong><br \/>TFT 14 &#8221; HD 16:9 \u00b7 Risoluzione 1280&#215;800<br \/><strong>Altre porte<\/strong><br \/>PCMCIA<br \/><strong>Porte video<\/strong><br \/>VGA<br \/><strong>Multimedia<\/strong><br \/>Webcam<br \/>Lettore SD<br \/><strong>Connettivit\u00e0<\/strong><br \/>RJ-45<br \/>WIFI<br \/><strong>Specifico portatile<\/strong><br \/>Batteria Esaurito<br \/>Lingua tastiera Spagnolo<br \/><strong>Dimensioni<\/strong><br \/>34&#215;24.5&#215;3.5 cm.<br \/><strong>Peso<\/strong><br \/>2.00 Kg.<br \/><strong>Specifiche aggiuntive<\/strong><br \/>Il Dell Latitude E5410 \u00e8 un portatile da 14 pollici pensato per utenti che necessitano di un dispositivo funzionale per attivit\u00e0 di base, ambienti legacy, applicazioni datate, formazione, consultazioni, documentazione o utilizzi specifici in cui Windows 7 Pro \u00e8 ancora necessario per compatibilit\u00e0. Integra un processore Intel Core i5 M 520 a 2.4 GHz, accompagnato da 4 Gb di memoria SO-DDR3 RAM, una configurazione adatta a lavori leggeri, navigazione di base, gestione file, strumenti semplici da ufficio e applicazioni professionali poco esigenti. Il disco SATA da 500 Gb offre una buona capacit\u00e0 di archiviazione per documenti, programmi, file e materiale di lavoro, mentre l\u2019unit\u00e0 DVD-RW permette di leggere e masterizzare supporti ottici, aspetto particolarmente utile in ambienti tecnici, educativi o aziendali in cui vengono ancora utilizzati dischi. Include Windows 7 Pro, un\u2019opzione interessante per sistemi, periferiche o programmi che richiedono questo ambiente operativo. Lo schermo TFT HD da 14 pollici in formato 16:9, con risoluzione 1280&#215;800, consente di lavorare con documenti, moduli, applicazioni amministrative e attivit\u00e0 quotidiane. Inoltre, integra webcam e lettore SD, ampliando le possibilit\u00e0 per videochiamate di base, trasferimento file e uso quotidiano. La batteria \u00e8 esaurita, quindi \u00e8 particolarmente consigliato per l\u2019utilizzo collegato alla corrente in postazioni fisse, laboratori, aule, ambienti tecnici o configurazioni dove compatibilit\u00e0 e funzionalit\u00e0 di base sono prioritarie.Buon aspetto esterno. Pu\u00f2 presentare lievi segni d\u2019uso sulla scocca. Consulta \u201c+ Foto\u201d e \u201cVideo\u201d e, se hai dubbi, chiamaci o usa la nostra chat per ricevere maggiori informazioni o ulteriori dettagli.<br \/><strong>Commenti<\/strong><br \/><u>Batteria scarica<\/u><\/p>\n","protected":false},"excerpt":{"rendered":"<p>Intel Core i5 M 520 2.4 GHz. \u00b7 4 Gb. SO-DDR3 RAM \u00b7 500 Gb. SATA \u00b7 DVD-RW \u00b7 Windows 7 Pro \u00b7 TFT 14 &#8221; HD 16:9 \u00b7 Webcam \u00b7<br \/>\n<strong>Batteria scarica<\/strong><\/p>\n","protected":false},"featured_media":240456,"template":"","meta":[],"product_brand":[3445],"product_cat":[3856,3942],"product_tag":[],"class_list":{"0":"post-240455","1":"product","2":"type-product","3":"status-publish","4":"has-post-thumbnail","6":"product_brand-dell","7":"product_cat-portatili-it","8":"product_cat-portatili-portatili-it","10":"first","11":"instock","12":"taxable","13":"shipping-taxable","14":"purchasable","15":"product-type-simple"},"bundled_by":[],"bundle_stock_status":"instock","bundle_stock_quantity":1,"bundle_virtual":false,"bundle_layout":"","bundle_add_to_cart_form_location":"","bundle_editable_in_cart":false,"bundle_sold_individually_context":"","bundle_item_grouping":"","bundle_min_size":"","bundle_max_size":"","bundle_price":[],"bundled_items":[],"bundle_sell_ids":[],"exclude_global_add_ons":true,"addons":{"keyboard-iso-upgrades":{"name":"Seleziona lingua della tastiera","type":"multiple_choice","position":0,"required":false,"title_format":"heading","default":"","description_enable":false,"description":"","placeholder_enable":false,"placeholder":"","display":"radiobutton","restrictions_type":"any_text","adjust_price":false,"price":"","price_type":"quantity_based","restrictions":false,"min":"0","max":"0","options":[{"label":"French Stickers [AMP00084]","price":"0.0000","price_type":"quantity_based","image":0,"visibility":true},{"label":"Portuguese Stickers [AMP00083]","price":"0.0000","price_type":"quantity_based","image":0,"visibility":true}]},"ram-memory-upgrades":{"name":"Espansione RAM","type":"multiple_choice","position":0,"required":false,"title_format":"heading","default":"","description_enable":false,"description":"","placeholder_enable":false,"placeholder":"","display":"radiobutton","restrictions_type":"any_text","adjust_price":false,"price":"","price_type":"quantity_based","restrictions":false,"min":"0","max":"0","options":[{"label":"8 Gb SODIM RAM extension [AMP00003]","price":"20.0000","price_type":"quantity_based","image":0,"visibility":true}]},"hdd-upgrades":{"name":"Estensione HDD","type":"multiple_choice","position":0,"required":false,"title_format":"heading","default":"","description_enable":false,"description":"","placeholder_enable":false,"placeholder":"","display":"radiobutton","restrictions_type":"any_text","adjust_price":false,"price":"","price_type":"quantity_based","restrictions":false,"min":"0","max":"0","options":[{"label":"SSD 240 Gb. Upgrade [AMP00013]","price":"35.0000","price_type":"quantity_based","image":0,"visibility":true},{"label":"SSD 480 Gb. Upgrade [AMP00014]","price":"59.0000","price_type":"quantity_based","image":0,"visibility":true},{"label":"SSD 1 Tb. Upgrade [AMP00071]","price":"95.0000","price_type":"quantity_based","image":0,"visibility":true}]},"os-upgrades":{"name":"Estensione SO","type":"multiple_choice","position":0,"required":false,"title_format":"heading","default":"","description_enable":false,"description":"","placeholder_enable":false,"placeholder":"","display":"radiobutton","restrictions_type":"any_text","adjust_price":false,"price":"","price_type":"quantity_based","restrictions":false,"min":"0","max":"0","options":[{"label":"Change language to French [AMP00125]","price":"0.0000","price_type":"quantity_based","image":0,"visibility":true},{"label":"Change language to English [AMP00008]","price":"0.0000","price_type":"quantity_based","image":0,"visibility":true},{"label":"Change language to Portuguese [AMP00009]","price":"0.0000","price_type":"quantity_based","image":0,"visibility":true}]},"briefcase-upgrades":{"name":"Valigetta","type":"multiple_choice","position":0,"required":false,"title_format":"heading","default":"","description_enable":false,"description":"","placeholder_enable":false,"placeholder":"","display":"radiobutton","restrictions_type":"any_text","adjust_price":false,"price":"","price_type":"quantity_based","restrictions":false,"min":"0","max":"0","options":[{"label":"Laptop Briefcase [AMP00041]","price":"5.0000","price_type":"quantity_based","image":0,"visibility":true}]}},"df_price":197.47,"df_sale_price":"","df_regular_price":197.47,"df_image_link":"https:\/\/zoca.es\/wp-content\/uploads\/images\/product\/15141\/dell01718_01-300x225.jpg","_links":{"self":[{"href":"https:\/\/zoca.es\/it\/wp-json\/wp\/v2\/product\/240455","targetHints":{"allow":["GET"]}}],"collection":[{"href":"https:\/\/zoca.es\/it\/wp-json\/wp\/v2\/product"}],"about":[{"href":"https:\/\/zoca.es\/it\/wp-json\/wp\/v2\/types\/product"}],"wp:featuredmedia":[{"embeddable":true,"href":"https:\/\/zoca.es\/it\/wp-json\/wp\/v2\/media\/240456"}],"wp:attachment":[{"href":"https:\/\/zoca.es\/it\/wp-json\/wp\/v2\/media?parent=240455"}],"wp:term":[{"taxonomy":"product_brand","embeddable":true,"href":"https:\/\/zoca.es\/it\/wp-json\/wp\/v2\/product_brand?post=240455"},{"taxonomy":"product_cat","embeddable":true,"href":"https:\/\/zoca.es\/it\/wp-json\/wp\/v2\/product_cat?post=240455"},{"taxonomy":"product_tag","embeddable":true,"href":"https:\/\/zoca.es\/it\/wp-json\/wp\/v2\/product_tag?post=240455"}],"curies":[{"name":"wp","href":"https:\/\/api.w.org\/{rel}","templated":true}]}}