{"id":237803,"date":"2026-05-07T10:34:59","date_gmt":"2026-05-07T09:34:59","guid":{"rendered":"https:\/\/zoca.es\/producto\/lenovo-thinkcentre-m920q-mini-ricondizionato-core-i7-24ghz-16-gb-ram-256-gb-ssd-it-15148\/"},"modified":"2026-05-07T10:35:27","modified_gmt":"2026-05-07T09:35:27","slug":"lenovo-thinkcentre-m920q-mini-ricondizionato-core-i7-24ghz-16-gb-ram-256-gb-ssd-it-15148","status":"publish","type":"product","link":"https:\/\/zoca.es\/it\/producto\/lenovo-thinkcentre-m920q-mini-ricondizionato-core-i7-24ghz-16-gb-ram-256-gb-ssd-it-15148\/","title":{"rendered":"Lenovo ThinkCentre M920Q Mini | Ricondizionato | Core i7 2.4GHz | 16 GB RAM | 256 GB SSD"},"content":{"rendered":"<p><strong>Processore<\/strong><br \/>Intel Core i7 8700T 2.4 GHz.<br \/><strong>Formato<\/strong><br \/>Mini<br \/><strong>Memoria RAM<\/strong><br \/>16 Gb. SO-DDR4 RAM<br \/><strong>Disco duro<\/strong><br \/>256 Gb. SSD<br \/><strong>Carte<\/strong><br \/>Grafica: Intel UHD Graphics 630<br \/>Suono: Realtek Audio<br \/>Rete: Intel Ethernet Connection I219-LM<br \/><strong>Sistema operativo<\/strong><br \/>Windows 11 Pro<br \/><strong>Porte<\/strong><br \/>Serie<br \/>USB-C<br \/>5x USB 3.1<br \/><strong>Porte video<\/strong><br \/>VGA<br \/>HDMI<br \/>Display Port<br \/><strong>Connettivit\u00e0<\/strong><br \/>RJ-45<br \/><strong>Altri<\/strong><br \/>Imballaggio hR<br \/><strong>Dimensioni<\/strong><br \/>18&#215;18.5&#215;3.8 cm.<br \/><strong>Peso<\/strong><br \/>1.15 Kg.<br \/><strong>Specifiche aggiuntive<\/strong><br \/>Il Lenovo ThinkCentre M920Q ricondizionato \u00e8 un Mini PC professionale progettato per offrire alte prestazioni, affidabilit\u00e0 e massima ottimizzazione dello spazio in ambienti aziendali, uffici, amministrazione, negozi o postazioni di lavoro tecniche. Il suo formato ultracompatto consente di installarlo facilmente su scrivanie ridotte, banconi, reception, aule o aree in cui \u00e8 necessaria una soluzione discreta, ordinata ed efficiente senza rinunciare alla potenza. Integra un processore Intel Core i7 8700T a 2.4 GHz, una soluzione ad alte prestazioni pensata per utenti che richiedono fluidit\u00e0 in multitasking, applicazioni professionali, gestione documentale, navigazione intensiva, strumenti di produttivit\u00e0 e lavoro quotidiano esigente. I suoi 16 Gb di memoria SO-DDR4 RAM permettono di lavorare con grande fluidit\u00e0 in ambienti in cui vengono utilizzate pi\u00f9 applicazioni contemporaneamente, mentre l\u2019unit\u00e0 SSD da 256 Gb offre avvio rapido del sistema, caricamento veloce dei programmi e un\u2019esperienza d\u2019uso molto pi\u00f9 dinamica. Questo modello include TPM 2.0 e Windows 11 Pro, offrendo un ambiente professionale moderno, stabile e pronto per l\u2019integrazione nelle infrastrutture aziendali attuali. Inoltre, dispone di 1xM.2 2280 disponibile per archiviazione aggiuntiva, permettendo di ampliare la capacit\u00e0 interna se fosse necessario pi\u00f9 spazio in futuro. \u00c8 una soluzione particolarmente interessante per aziende, uffici, tecnici, negozi o utenti professionali che cercano un dispositivo ricondizionato compatto, potente, efficiente e pronto per un utilizzo quotidiano intensivo.Buon aspetto esterno. Consulta \u201c+ Foto\u201d e \u201cVideo\u201d e, se hai dubbi, chiamaci o usa la nostra chat per ricevere maggiori informazioni o ulteriori dettagli.<br \/><strong>Commenti<\/strong><br \/><u>1xM.2 2280 per archiviazione disponibile<\/u><\/p>\n","protected":false},"excerpt":{"rendered":"<p>Intel Core i7 8700T 2.4 GHz. \u00b7 16 Gb. SO-DDR4 RAM \u00b7 256 Gb. SSD \u00b7 <strong>Windows 11 Pro<\/strong> \u00b7<br \/>\n<u>1xM.2 2280 per archiviazione disponibile<\/u><\/p>\n","protected":false},"featured_media":237804,"template":"","meta":[],"product_brand":[3452],"product_cat":[3845,3848],"product_tag":[],"class_list":{"0":"post-237803","1":"product","2":"type-product","3":"status-publish","4":"has-post-thumbnail","6":"product_brand-lenovo","7":"product_cat-computer-it","8":"product_cat-computer-mini-it","10":"first","11":"instock","12":"taxable","13":"shipping-taxable","14":"purchasable","15":"product-type-simple"},"bundled_by":[],"bundle_stock_status":"instock","bundle_stock_quantity":1,"bundle_virtual":false,"bundle_layout":"","bundle_add_to_cart_form_location":"","bundle_editable_in_cart":false,"bundle_sold_individually_context":"","bundle_item_grouping":"","bundle_min_size":"","bundle_max_size":"","bundle_price":[],"bundled_items":[],"bundle_sell_ids":[],"exclude_global_add_ons":true,"addons":{"webcam-upgrades":{"name":"Estensione Webcam","type":"multiple_choice","position":0,"required":false,"title_format":"heading","default":"","description_enable":false,"description":"","placeholder_enable":false,"placeholder":"","display":"radiobutton","restrictions_type":"any_text","adjust_price":false,"price":"","price_type":"quantity_based","restrictions":false,"min":"0","max":"0","options":[{"label":"Conceptronic AMDIS FullHD [AMP00085]","price":"29.0000","price_type":"quantity_based","image":0,"visibility":true}]},"hdd-upgrades":{"name":"Estensione HDD","type":"multiple_choice","position":0,"required":false,"title_format":"heading","default":"","description_enable":false,"description":"","placeholder_enable":false,"placeholder":"","display":"radiobutton","restrictions_type":"any_text","adjust_price":false,"price":"","price_type":"quantity_based","restrictions":false,"min":"0","max":"0","options":[{"label":"SSD 480 Gb. Upgrade [AMP00014]","price":"59.0000","price_type":"quantity_based","image":0,"visibility":true},{"label":"SSD 1 Tb. Upgrade [AMP00071]","price":"95.0000","price_type":"quantity_based","image":0,"visibility":true},{"label":"SSD 500 Gb. M.2 2280 PCIe Upgrade [AMP00106]","price":"110.0000","price_type":"quantity_based","image":0,"visibility":true},{"label":"SSD 1 Tb. M.2 2280 PCIe Upgrade [AMP00107]","price":"165.0000","price_type":"quantity_based","image":0,"visibility":true},{"label":"Additional SSD 500 Gb. M.2 2280 PCIe [AMP00108]","price":"115.0000","price_type":"quantity_based","image":0,"visibility":true},{"label":"1 Tb SSD disk. M.2 2280 PCIe Additional [AMP00109]","price":"170.0000","price_type":"quantity_based","image":0,"visibility":true}]},"network-card-upgrades":{"name":"Estensione WIFI","type":"multiple_choice","position":0,"required":false,"title_format":"heading","default":"","description_enable":false,"description":"","placeholder_enable":false,"placeholder":"","display":"radiobutton","restrictions_type":"any_text","adjust_price":false,"price":"","price_type":"quantity_based","restrictions":false,"min":"0","max":"0","options":[{"label":"Wireless nano USB Upgrade [AMP00018]","price":"15.0000","price_type":"quantity_based","image":0,"visibility":true}]},"os-upgrades":{"name":"Estensione SO","type":"multiple_choice","position":0,"required":false,"title_format":"heading","default":"","description_enable":false,"description":"","placeholder_enable":false,"placeholder":"","display":"radiobutton","restrictions_type":"any_text","adjust_price":false,"price":"","price_type":"quantity_based","restrictions":false,"min":"0","max":"0","options":[{"label":"Change language to French [AMP00125]","price":"0.0000","price_type":"quantity_based","image":0,"visibility":true},{"label":"Change language to English [AMP00008]","price":"0.0000","price_type":"quantity_based","image":0,"visibility":true},{"label":"Change language to Portuguese [AMP00009]","price":"0.0000","price_type":"quantity_based","image":0,"visibility":true}]},"keyboard-upgrades":{"name":"Estensione tastiera","type":"multiple_choice","position":0,"required":false,"title_format":"heading","default":"","description_enable":false,"description":"","placeholder_enable":false,"placeholder":"","display":"radiobutton","restrictions_type":"any_text","adjust_price":false,"price":"","price_type":"quantity_based","restrictions":false,"min":"0","max":"0","options":[{"label":"Keyboard and Mouse [AMP00020]","price":"8.0000","price_type":"quantity_based","image":0,"visibility":true},{"label":"Portuguese New Keyboard and Mouse [AMP00088]","price":"15.0000","price_type":"quantity_based","image":0,"visibility":true},{"label":"Spanish USB Keyboard and Mouse (New) [AMP00068]","price":"12.0000","price_type":"quantity_based","image":0,"visibility":true}]}},"df_price":557.69,"df_sale_price":"","df_regular_price":557.69,"df_image_link":"https:\/\/zoca.es\/wp-content\/uploads\/images\/product\/15148\/leno01193_01-300x225.jpg","_links":{"self":[{"href":"https:\/\/zoca.es\/it\/wp-json\/wp\/v2\/product\/237803","targetHints":{"allow":["GET"]}}],"collection":[{"href":"https:\/\/zoca.es\/it\/wp-json\/wp\/v2\/product"}],"about":[{"href":"https:\/\/zoca.es\/it\/wp-json\/wp\/v2\/types\/product"}],"wp:featuredmedia":[{"embeddable":true,"href":"https:\/\/zoca.es\/it\/wp-json\/wp\/v2\/media\/237804"}],"wp:attachment":[{"href":"https:\/\/zoca.es\/it\/wp-json\/wp\/v2\/media?parent=237803"}],"wp:term":[{"taxonomy":"product_brand","embeddable":true,"href":"https:\/\/zoca.es\/it\/wp-json\/wp\/v2\/product_brand?post=237803"},{"taxonomy":"product_cat","embeddable":true,"href":"https:\/\/zoca.es\/it\/wp-json\/wp\/v2\/product_cat?post=237803"},{"taxonomy":"product_tag","embeddable":true,"href":"https:\/\/zoca.es\/it\/wp-json\/wp\/v2\/product_tag?post=237803"}],"curies":[{"name":"wp","href":"https:\/\/api.w.org\/{rel}","templated":true}]}}