{"id":236665,"date":"2026-05-07T08:35:36","date_gmt":"2026-05-07T07:35:36","guid":{"rendered":"https:\/\/zoca.es\/producto\/lenovo-ideapad-miix-510-12ikb-122-ricondizionato-core-i7-27ghz-8-gb-ram-256-gb-ssd-m2-1920x1200-it-15099\/"},"modified":"2026-05-07T08:36:02","modified_gmt":"2026-05-07T07:36:02","slug":"lenovo-ideapad-miix-510-12ikb-122-ricondizionato-core-i7-27ghz-8-gb-ram-256-gb-ssd-m2-1920x1200-it-15099","status":"publish","type":"product","link":"https:\/\/zoca.es\/it\/producto\/lenovo-ideapad-miix-510-12ikb-122-ricondizionato-core-i7-27ghz-8-gb-ram-256-gb-ssd-m2-1920x1200-it-15099\/","title":{"rendered":"Lenovo IdeaPad MIIX 510-12IKB 12.2&#8221; | Ricondizionato | Core i7 2.7GHz | 8 GB RAM | 256 GB SSD M2 1920&#215;1200"},"content":{"rendered":"<p><strong>Processore<\/strong><br \/>Intel Core i7 7500U 2.7 GHz.<br \/><strong>Formato<\/strong><br \/>AIO<br \/><strong>Memoria RAM<\/strong><br \/>8 Gb. SO-DDR4 RAM<br \/><strong>Disco duro<\/strong><br \/>256 Gb. SSD M2<br \/><strong>Carte<\/strong><br \/>Grafica: Intel HD 620<br \/>Suono: Realtek HD Audio<br \/>Rete: &#8211;<br \/><strong>Sistema operativo<\/strong><br \/>Windows 10 Pro<br \/><strong>Porte<\/strong><br \/>USB 2.0<br \/>USB-C<br \/><strong>Schermo<\/strong><br \/>Tattile 12.2 &#8221; FullHD 16:9 \u00b7 Risoluzione 1920&#215;1200<br \/><strong>Multimedia<\/strong><br \/>Webcam<br \/>Webcam posteriore<br \/>Webcam frontale<br \/><strong>Connettivit\u00e0<\/strong><br \/>WIFI<br \/>Bluetooth<br \/>4G<br \/><strong>Altri<\/strong><br \/>Imballaggio hR<br \/><strong>Dimensioni<\/strong><br \/>30x20x3 cm.<br \/><strong>Peso<\/strong><br \/>1.00 Kg.<br \/><strong>Specifiche aggiuntive<\/strong><br \/>Il Lenovo IdeaPad MIIX 510-12IKB \u00e8 un dispositivo 2 in 1 convertibile della gamma IdeaPad di Lenovo che combina la versatilit\u00e0 di un tablet con la piena funzionalit\u00e0 di un laptop in un fattore di forma ultra-compatto da 12,2 pollici, progettato per utenti professionali e domestici che necessitano di un dispositivo adattabile, leggero e potente in qualsiasi situazione. Con il suo schermo touch dotato di supporto integrato tipo kickstand e tastiera rimovibile in layout spagnolo, il MIIX 510 consente di passare con naturalezza dalla modalit\u00e0 tablet per il consumo di contenuti, la lettura e la navigazione touch alla modalit\u00e0 laptop per il lavoro con tastiera, offrendo un&#8217;esperienza d&#8217;uso completa in entrambe le configurazioni senza la necessit\u00e0 di portare con s\u00e9 due dispositivi diversi. Il suo processore Intel Core i7-7500U a 2,7 GHz, chip Kaby Lake di settima generazione con due core e quattro thread ad alta frequenza, \u00e8 progettato per offrire prestazioni agili e ben al di sopra di quanto ci si aspetterebbe per le sue dimensioni e il suo consumo in attivit\u00e0 di produttivit\u00e0, lavoro d&#8217;ufficio avanzato, gestione documentale, navigazione, comunicazioni e uso multimediale, con frequenze operative elevate che garantiscono una risposta rapida e immediata in tutte le operazioni quotidiane. Gli 8 GB di RAM SO-DDR4 assicurano una gestione fluida di pi\u00f9 applicazioni simultanee in qualsiasi modalit\u00e0 d&#8217;uso del dispositivo senza rallentamenti n\u00e9 interruzioni. L&#8217;archiviazione \u00e8 affidata a un SSD M.2 da 256 GB ad alta velocit\u00e0 che garantisce avvii in pochi secondi, accesso agile ai file e una risposta fluida e costante in tutte le operazioni quotidiane. Il display touch da 12,2 pollici con risoluzione FullHD di 1920&#215;1200 pixel e rapporto d&#8217;aspetto 16:9 offre una nitidezza e una precisione touch ben superiori alla media per i dispositivi di questo formato, con una superficie di lavoro generosa che facilita sia la navigazione gestuale in modalit\u00e0 tablet che il lavoro con documenti in modalit\u00e0 laptop. La tastiera rimovibile in layout spagnolo garantisce una digitazione comoda, intuitiva e naturale fin dal primo momento. Il sistema operativo installato \u00e8 Windows 10 Pro, l&#8217;edizione professionale di Microsoft che include supporto per BitLocker, Desktop Remoto, dominio aziendale e tutti gli strumenti avanzati di gestione aziendale. Un Lenovo MIIX 510 2 in 1 ricondizionato che offre potenza i7, versatilit\u00e0 touch e connettivit\u00e0 professionale nel fattore di forma pi\u00f9 compatto e adattabile del mercato.Buon aspetto esteriore. Pu\u00f2 presentare lievi segni di utilizzo sulla scocca. Guarda &#8220;+ Foto&#8221; e &#8220;Video&#8221; e se hai qualche dubbio chiamaci o usa la nostra chat per avere maggiori informazioni o per richiedere ulteriori dettagli.<br \/><strong>Commenti<\/strong><br \/><u>Tastiera spagnola<\/u><\/p>\n","protected":false},"excerpt":{"rendered":"<p>Intel Core i7 7500U 2.7 GHz. \u00b7 8 Gb. SO-DDR4 RAM \u00b7 256 Gb. SSD M2 \u00b7 <strong>Windows 10 Pro<\/strong> \u00b7 Tattile 12.2 &#8221; FullHD 16:9 \u00b7<br \/>\n<strong>Tastiera spagnola<\/strong><\/p>\n","protected":false},"featured_media":236666,"template":"","meta":[],"product_brand":[3452],"product_cat":[3869,3939],"product_tag":[],"class_list":{"0":"post-236665","1":"product","2":"type-product","3":"status-publish","4":"has-post-thumbnail","6":"product_brand-lenovo","7":"product_cat-tablets-it","8":"product_cat-tablets-tablets-it","10":"first","11":"instock","12":"taxable","13":"shipping-taxable","14":"purchasable","15":"product-type-simple"},"bundled_by":[],"bundle_stock_status":"instock","bundle_stock_quantity":3,"bundle_virtual":false,"bundle_layout":"","bundle_add_to_cart_form_location":"","bundle_editable_in_cart":false,"bundle_sold_individually_context":"","bundle_item_grouping":"","bundle_min_size":"","bundle_max_size":"","bundle_price":[],"bundled_items":[],"bundle_sell_ids":[],"exclude_global_add_ons":true,"addons":{"keyboard-iso-upgrades":{"name":"Seleziona lingua della tastiera","type":"multiple_choice","position":0,"required":false,"title_format":"heading","default":"","description_enable":false,"description":"","placeholder_enable":false,"placeholder":"","display":"radiobutton","restrictions_type":"any_text","adjust_price":false,"price":"","price_type":"quantity_based","restrictions":false,"min":"0","max":"0","options":[{"label":"French Stickers [AMP00084]","price":"0.0000","price_type":"quantity_based","image":0,"visibility":true},{"label":"Portuguese Stickers [AMP00083]","price":"0.0000","price_type":"quantity_based","image":0,"visibility":true}]},"hdd-upgrades":{"name":"Estensione HDD","type":"multiple_choice","position":0,"required":false,"title_format":"heading","default":"","description_enable":false,"description":"","placeholder_enable":false,"placeholder":"","display":"radiobutton","restrictions_type":"any_text","adjust_price":false,"price":"","price_type":"quantity_based","restrictions":false,"min":"0","max":"0","options":[{"label":"SSD 500 Gb. M.2 2280 PCIe Upgrade [AMP00106]","price":"110.0000","price_type":"quantity_based","image":0,"visibility":true},{"label":"SSD 1 Tb. M.2 2280 PCIe Upgrade [AMP00107]","price":"165.0000","price_type":"quantity_based","image":0,"visibility":true}]},"os-upgrades":{"name":"Estensione SO","type":"multiple_choice","position":0,"required":false,"title_format":"heading","default":"","description_enable":false,"description":"","placeholder_enable":false,"placeholder":"","display":"radiobutton","restrictions_type":"any_text","adjust_price":false,"price":"","price_type":"quantity_based","restrictions":false,"min":"0","max":"0","options":[{"label":"Change language to French [AMP00125]","price":"0.0000","price_type":"quantity_based","image":0,"visibility":true},{"label":"Change language to English [AMP00008]","price":"0.0000","price_type":"quantity_based","image":0,"visibility":true},{"label":"Change language to Portuguese [AMP00009]","price":"0.0000","price_type":"quantity_based","image":0,"visibility":true}]}},"df_price":422.41,"df_sale_price":"","df_regular_price":422.41,"df_image_link":"https:\/\/zoca.es\/wp-content\/uploads\/images\/product\/15099\/leno01181_01-300x225.jpg","_links":{"self":[{"href":"https:\/\/zoca.es\/it\/wp-json\/wp\/v2\/product\/236665","targetHints":{"allow":["GET"]}}],"collection":[{"href":"https:\/\/zoca.es\/it\/wp-json\/wp\/v2\/product"}],"about":[{"href":"https:\/\/zoca.es\/it\/wp-json\/wp\/v2\/types\/product"}],"wp:featuredmedia":[{"embeddable":true,"href":"https:\/\/zoca.es\/it\/wp-json\/wp\/v2\/media\/236666"}],"wp:attachment":[{"href":"https:\/\/zoca.es\/it\/wp-json\/wp\/v2\/media?parent=236665"}],"wp:term":[{"taxonomy":"product_brand","embeddable":true,"href":"https:\/\/zoca.es\/it\/wp-json\/wp\/v2\/product_brand?post=236665"},{"taxonomy":"product_cat","embeddable":true,"href":"https:\/\/zoca.es\/it\/wp-json\/wp\/v2\/product_cat?post=236665"},{"taxonomy":"product_tag","embeddable":true,"href":"https:\/\/zoca.es\/it\/wp-json\/wp\/v2\/product_tag?post=236665"}],"curies":[{"name":"wp","href":"https:\/\/api.w.org\/{rel}","templated":true}]}}