{"id":230139,"date":"2023-10-04T11:49:13","date_gmt":"2023-10-04T10:49:13","guid":{"rendered":"https:\/\/zoca.es\/producto\/stampante-pos-termica-epson-tm-t88v-usbparalelo-ricondizionato-it-8451\/"},"modified":"2026-04-27T12:17:43","modified_gmt":"2026-04-27T11:17:43","slug":"stampante-pos-termica-epson-tm-t88v-usbparalelo-ricondizionato-it-8451","status":"publish","type":"product","link":"https:\/\/zoca.es\/it\/producto\/stampante-pos-termica-epson-tm-t88v-usbparalelo-ricondizionato-it-8451\/","title":{"rendered":"Stampante POS termica Epson TM-T88V USB\/PARALELO | Ricondizionato"},"content":{"rendered":"<p><strong>Tecnologia<\/strong><br \/>Termica<br \/><strong>Copie<\/strong><br \/>Velocit\u00e0 di stampa 300 mm\/s<br \/>Caratteri per pollice 20<br \/><strong>Gestione della carta<\/strong><br \/>Larghezza di carta 83mm<br \/>Taglio automatico<br \/><strong>Connettivit\u00e0 stampante<\/strong><br \/>Parallelo, USB, Apertura cassetto<br \/><strong>Altri<\/strong><br \/>Imballaggio hR<br \/><strong>Dimensioni<\/strong><br \/>19&#215;14.5&#215;15 cm.<br \/><strong>Peso<\/strong><br \/>1.50 Kg.<br \/><strong>Specifiche aggiuntive<\/strong><br \/>La Epson TM-T88V \u00e8 una stampante termica professionale progettata per ambienti POS in cui ogni secondo conta. Ideale per negozi, ristorazione e attivit\u00e0 con elevato volume di scontrini, combina velocit\u00e0, precisione e affidabilit\u00e0 comprovata, garantendo un funzionamento continuo senza interruzioni. Il suo design compatto in colore nero si adatta perfettamente a qualsiasi banco, offrendo un\u2019immagine moderna e professionale.<br \/>Dotata di una velocit\u00e0 di stampa fino a 300 mm\/s, consente di ottimizzare il flusso di lavoro nei momenti di maggiore affluenza, riducendo le code e migliorando l\u2019esperienza del cliente. Il sistema di stampa termica elimina la necessit\u00e0 di consumabili come l\u2019inchiostro, riducendo i costi operativi e di manutenzione. Supporta carta fino a 83 mm di larghezza, offrendo scontrini chiari e ben strutturati, ed \u00e8 dotata di taglierina automatica per una finitura pulita e professionale ad ogni stampa. Inoltre, include connettivit\u00e0 USB e parallela, oltre all\u2019apertura del cassetto portadenaro, facilitando l\u2019integrazione in qualsiasi sistema POS.<br \/>In sintesi, questa stampante per scontrini Epson \u00e8 una scelta sicura per chi cerca una soluzione POS veloce, efficiente e conveniente nel lungo periodo. Ideale come stampante termica per negozi o ristorazione, si distingue per la sua durata, il basso costo di utilizzo e le eccellenti prestazioni quotidiane, diventando una soluzione chiave per ottimizzare la gestione di qualsiasi attivit\u00e0.<br \/>Buono stato estetico. Guarda \u201c+ Foto\u201d e, se hai qualche dubbio, chiamaci o utilizza la nostra chat per maggiori informazioni o per richiedere ulteriori dettagli.<\/p>\n","protected":false},"excerpt":{"rendered":"<p>Termica \u00b7 Larghezza di carta 83mm \u00b7 Taglio automatico \u00b7 Velocit\u00e0 di stampa 300 mm\/s \u00b7 Caratteri per pollice 20 \u00b7 Parallelo, USB, Apertura cassetto \u00b7 Carcassa colore nero<\/p>\n","protected":false},"featured_media":230140,"template":"","meta":[],"product_brand":[3472],"product_cat":[3873,3900,3891,3941],"product_tag":[],"class_list":{"0":"post-230139","1":"product","2":"type-product","3":"status-publish","4":"has-post-thumbnail","6":"product_brand-epson","7":"product_cat-pos-it","8":"product_cat-stampanti-pos-it","9":"product_cat-stampanti-it","10":"product_cat-pos-stampanti-it","12":"first","13":"instock","14":"taxable","15":"shipping-taxable","16":"purchasable","17":"product-type-simple"},"bundled_by":[],"bundle_stock_status":"instock","bundle_stock_quantity":40,"bundle_virtual":false,"bundle_layout":"","bundle_add_to_cart_form_location":"","bundle_editable_in_cart":false,"bundle_sold_individually_context":"","bundle_item_grouping":"","bundle_min_size":"","bundle_max_size":"","bundle_price":[],"bundled_items":[],"bundle_sell_ids":[],"exclude_global_add_ons":[],"addons":[],"df_price":159.72,"df_sale_price":"","df_regular_price":159.72,"df_image_link":"https:\/\/zoca.es\/wp-content\/uploads\/images\/product\/8451\/epso00031_01-300x225.jpg","_links":{"self":[{"href":"https:\/\/zoca.es\/it\/wp-json\/wp\/v2\/product\/230139","targetHints":{"allow":["GET"]}}],"collection":[{"href":"https:\/\/zoca.es\/it\/wp-json\/wp\/v2\/product"}],"about":[{"href":"https:\/\/zoca.es\/it\/wp-json\/wp\/v2\/types\/product"}],"wp:featuredmedia":[{"embeddable":true,"href":"https:\/\/zoca.es\/it\/wp-json\/wp\/v2\/media\/230140"}],"wp:attachment":[{"href":"https:\/\/zoca.es\/it\/wp-json\/wp\/v2\/media?parent=230139"}],"wp:term":[{"taxonomy":"product_brand","embeddable":true,"href":"https:\/\/zoca.es\/it\/wp-json\/wp\/v2\/product_brand?post=230139"},{"taxonomy":"product_cat","embeddable":true,"href":"https:\/\/zoca.es\/it\/wp-json\/wp\/v2\/product_cat?post=230139"},{"taxonomy":"product_tag","embeddable":true,"href":"https:\/\/zoca.es\/it\/wp-json\/wp\/v2\/product_tag?post=230139"}],"curies":[{"name":"wp","href":"https:\/\/api.w.org\/{rel}","templated":true}]}}