{"id":227594,"date":"2024-11-22T13:54:38","date_gmt":"2024-11-22T12:54:38","guid":{"rendered":"https:\/\/zoca.es\/producto\/hp-probook-450-g3-156-ricondizionato-core-i5-23ghz-16-gb-ram-500-gb-ssd-1366x768-it-12973\/"},"modified":"2026-04-23T11:38:43","modified_gmt":"2026-04-23T10:38:43","slug":"hp-probook-450-g3-156-ricondizionato-core-i5-23ghz-16-gb-ram-500-gb-ssd-1366x768-it-12973","status":"publish","type":"product","link":"https:\/\/zoca.es\/it\/producto\/hp-probook-450-g3-156-ricondizionato-core-i5-23ghz-16-gb-ram-500-gb-ssd-1366x768-it-12973\/","title":{"rendered":"HP ProBook 450 G3 15.6&#8221; | Ricondizionato | Core i5 2.3GHz | 16 GB RAM | 500 GB SSD 1366&#215;768"},"content":{"rendered":"<p><strong>Processore<\/strong><br \/>Intel Core i5 6200U 2.3 GHz.<br \/><strong>Memoria RAM<\/strong><br \/>16 Gb. SO-DDR3 RAM<br \/><strong>Disco duro<\/strong><br \/>500 Gb. SSD<br \/><strong>Unit\u00e0 ottica<\/strong><br \/>DVD<br \/><strong>Carte<\/strong><br \/>Grafica: Intel Hd Graphics 520<br \/>Suono: Conexant audio<br \/>Rete: Realtek PCIe GBE<br \/><strong>Sistema operativo<\/strong><br \/>Windows 10 Pro<br \/><strong>Porte<\/strong><br \/>2x USB 2.0<br \/>2x USB 3.0<br \/><strong>Schermo<\/strong><br \/>Led 15.6 &#8221; HD 16:10  \u00b7 Risoluzione 1366&#215;768<br \/><strong>Porte video<\/strong><br \/>VGA<br \/>HDMI<br \/><strong>Multimedia<\/strong><br \/>Webcam<br \/>Lettore SD<br \/>Lettore impronte<br \/><strong>Connettivit\u00e0<\/strong><br \/>RJ-45<br \/>WIFI<br \/>Bluetooth<br \/><strong>Specifico portatile<\/strong><br \/>Lingua tastiera Spagnolo<br \/>Tastierino numerico<br \/><strong>Altri<\/strong><br \/>Imballaggio hR<br \/><strong>Dimensioni<\/strong><br \/>37.8&#215;26.3&#215;3 cm.<br \/><strong>Peso<\/strong><br \/>2.25 Kg.<br \/><strong>Specifiche aggiuntive<\/strong><br \/>HP ProBook 450 G3 \u00e8 un laptop progettato per offrire un equilibrio tra prestazioni e funzionalit\u00e0, ideale per professionisti e studenti. Dotato di un processore Intel Core i5 di sesta generazione e 16 GB di RAM, garantisce prestazioni fluide nel multitasking e nelle applicazioni quotidiane. La sua memoria SSD da 512 GB offre velocit\u00e0 di avvio elevate e ampio spazio per file e programmi. Il display LED da 15,6&#8243; con risoluzione HD (1366&#215;768) offre immagini chiare e dettagli sufficienti per attivit\u00e0 di produttivit\u00e0. Include funzionalit\u00e0 aggiuntive come lettore di impronte digitali e lettore di schede SD. , che migliorano la sicurezza e la comodit\u00e0. Con Windows 10 Pro preinstallato, il ProBook 450 G3 offre un ambiente sicuro ed efficiente, mentre l&#8217;unit\u00e0 DVD aggiunge funzionalit\u00e0 extra. versatilit\u00e0. \u00c8 un&#8217;opzione robusta e affidabile per chi cerca un laptop conveniente con funzionalit\u00e0 complete.<br \/>Buon aspetto esteriore. Guarda in &#8220;+ Foto&#8221; e &#8220;Video&#8221; e se hai domande, chiamaci o usa la nostra chat per maggiori informazioni o per richiedere maggiori dettagli.<\/p>\n<p><strong>Commenti<\/strong><br \/><u>1xM.2 2280 per l&#8217;archiviazione<\/u><\/p>\n","protected":false},"excerpt":{"rendered":"<p>Intel Core i5 6200U 2.3 GHz. \u00b7 16 Gb. SO-DDR3 RAM \u00b7 500 Gb. SSD \u00b7 DVD \u00b7 Windows 10 Pro \u00b7 Led 15.6 &#8221; HD 16:10  \u00b7 Risoluzione 1366&#215;768 \u00b7 Webcam \u00b7 Lettore SD \u00b7 Lettore impronte \u00b7 <u>1xM.2 2280 per l&#8217;archiviazione<\/u><\/p>\n","protected":false},"featured_media":227595,"template":"","meta":[],"product_brand":[3453],"product_cat":[3856,3942],"product_tag":[],"class_list":{"0":"post-227594","1":"product","2":"type-product","3":"status-publish","4":"has-post-thumbnail","6":"product_brand-hp","7":"product_cat-portatili-it","8":"product_cat-portatili-portatili-it","10":"first","11":"instock","12":"taxable","13":"shipping-taxable","14":"purchasable","15":"product-type-simple"},"bundled_by":[],"bundle_stock_status":"instock","bundle_stock_quantity":1,"bundle_virtual":false,"bundle_layout":"","bundle_add_to_cart_form_location":"","bundle_editable_in_cart":false,"bundle_sold_individually_context":"","bundle_item_grouping":"","bundle_min_size":"","bundle_max_size":"","bundle_price":[],"bundled_items":[],"bundle_sell_ids":[],"exclude_global_add_ons":true,"addons":{"keyboard-iso-upgrades":{"name":"Seleziona lingua della tastiera","type":"multiple_choice","position":0,"required":false,"title_format":"heading","default":"","description_enable":false,"description":"","placeholder_enable":false,"placeholder":"","display":"radiobutton","restrictions_type":"any_text","adjust_price":false,"price":"","price_type":"quantity_based","restrictions":false,"min":"0","max":"0","options":[{"label":"French Stickers [AMP00084]","price":"0.0000","price_type":"quantity_based","image":0,"visibility":true},{"label":"Portuguese Stickers [AMP00083]","price":"0.0000","price_type":"quantity_based","image":0,"visibility":true}]},"hdd-upgrades":{"name":"Estensione HDD","type":"multiple_choice","position":0,"required":false,"title_format":"heading","default":"","description_enable":false,"description":"","placeholder_enable":false,"placeholder":"","display":"radiobutton","restrictions_type":"any_text","adjust_price":false,"price":"","price_type":"quantity_based","restrictions":false,"min":"0","max":"0","options":[{"label":"SSD 1 Tb. Upgrade [AMP00071]","price":"95.0000","price_type":"quantity_based","image":0,"visibility":true},{"label":"SSD 1 Tb. M.2 2280 PCIe Upgrade [AMP00107]","price":"165.0000","price_type":"quantity_based","image":0,"visibility":true},{"label":"Additional SSD 500 Gb. M.2 2280 PCIe [AMP00108]","price":"115.0000","price_type":"quantity_based","image":0,"visibility":true},{"label":"1 Tb SSD disk. M.2 2280 PCIe Additional [AMP00109]","price":"170.0000","price_type":"quantity_based","image":0,"visibility":true}]},"os-upgrades":{"name":"Estensione SO","type":"multiple_choice","position":0,"required":false,"title_format":"heading","default":"","description_enable":false,"description":"","placeholder_enable":false,"placeholder":"","display":"radiobutton","restrictions_type":"any_text","adjust_price":false,"price":"","price_type":"quantity_based","restrictions":false,"min":"0","max":"0","options":[{"label":"Change language to French [AMP00125]","price":"0.0000","price_type":"quantity_based","image":0,"visibility":true},{"label":"Change language to English [AMP00008]","price":"0.0000","price_type":"quantity_based","image":0,"visibility":true},{"label":"Change language to Portuguese [AMP00009]","price":"0.0000","price_type":"quantity_based","image":0,"visibility":true}]},"briefcase-upgrades":{"name":"Valigetta","type":"multiple_choice","position":0,"required":false,"title_format":"heading","default":"","description_enable":false,"description":"","placeholder_enable":false,"placeholder":"","display":"radiobutton","restrictions_type":"any_text","adjust_price":false,"price":"","price_type":"quantity_based","restrictions":false,"min":"0","max":"0","options":[{"label":"Laptop Briefcase [AMP00041]","price":"5.0000","price_type":"quantity_based","image":0,"visibility":true}]}},"df_price":461.74,"df_sale_price":"","df_regular_price":461.74,"df_image_link":"https:\/\/zoca.es\/wp-content\/uploads\/images\/product\/12973\/hp02787_01-300x225.jpg","_links":{"self":[{"href":"https:\/\/zoca.es\/it\/wp-json\/wp\/v2\/product\/227594","targetHints":{"allow":["GET"]}}],"collection":[{"href":"https:\/\/zoca.es\/it\/wp-json\/wp\/v2\/product"}],"about":[{"href":"https:\/\/zoca.es\/it\/wp-json\/wp\/v2\/types\/product"}],"wp:featuredmedia":[{"embeddable":true,"href":"https:\/\/zoca.es\/it\/wp-json\/wp\/v2\/media\/227595"}],"wp:attachment":[{"href":"https:\/\/zoca.es\/it\/wp-json\/wp\/v2\/media?parent=227594"}],"wp:term":[{"taxonomy":"product_brand","embeddable":true,"href":"https:\/\/zoca.es\/it\/wp-json\/wp\/v2\/product_brand?post=227594"},{"taxonomy":"product_cat","embeddable":true,"href":"https:\/\/zoca.es\/it\/wp-json\/wp\/v2\/product_cat?post=227594"},{"taxonomy":"product_tag","embeddable":true,"href":"https:\/\/zoca.es\/it\/wp-json\/wp\/v2\/product_tag?post=227594"}],"curies":[{"name":"wp","href":"https:\/\/api.w.org\/{rel}","templated":true}]}}