{"id":224655,"date":"2026-04-20T12:44:34","date_gmt":"2026-04-20T11:44:34","guid":{"rendered":"https:\/\/zoca.es\/producto\/hp-z2-g4-workstation-torre-ricondizionato-core-i7-3ghz-64-gb-ram-1024-gb-ssd-m2-it-13705\/"},"modified":"2026-04-20T12:44:59","modified_gmt":"2026-04-20T11:44:59","slug":"hp-z2-g4-workstation-torre-ricondizionato-core-i7-3ghz-64-gb-ram-1024-gb-ssd-m2-it-13705","status":"publish","type":"product","link":"https:\/\/zoca.es\/it\/producto\/hp-z2-g4-workstation-torre-ricondizionato-core-i7-3ghz-64-gb-ram-1024-gb-ssd-m2-it-13705\/","title":{"rendered":"HP Z2 G4 WorkStation Torre | Ricondizionato | Core i7 3GHz | 64 GB RAM | 1024 GB SSD M2"},"content":{"rendered":"<p><strong>Processore<\/strong><br \/>Intel Core i7 9700 3 GHz.<br \/><strong>Formato<\/strong><br \/>Torre<br \/><strong>Memoria RAM<\/strong><br \/>64 Gb. DDR4 ECC RAM<br \/><strong>Disco duro<\/strong><br \/>1.00 Tb. SSD M2<br \/><strong>Carte<\/strong><br \/>Grafica: nVidia Quadro M4000 8GB GDDR5<br \/>Suono: HD Audio<br \/>Rete: Intel I219-LM<br \/><strong>Sistema operativo<\/strong><br \/>Windows 11 Pro<br \/><strong>Porte<\/strong><br \/>2x USB 2.0<br \/>6x USB 3.0<br \/><strong>Porte video<\/strong><br \/>4x Display Port<br \/><strong>Connettivit\u00e0<\/strong><br \/>RJ-45<br \/><strong>Altri<\/strong><br \/>Imballaggio hR<br \/><strong>Dimensioni<\/strong><br \/>35.5x17x43.5 cm.<br \/><strong>Peso<\/strong><br \/>8.30 Kg.<br \/><strong>Specifiche aggiuntive<\/strong><br \/>La workstation HP Z2 G4 \u00e8 progettata per offrire elevate prestazioni, precisione e stabilit\u00e0 nei flussi di lavoro pi\u00f9 intensi. Dotata di un processore Intel Core i7-9700 da 3,0 GHz e 64 GB di memoria DDR4 ECC, offre la velocit\u00e0 e la sicurezza necessarie per affrontare attivit\u00e0 complesse come la modellazione 3D, l&#8217;editing video professionale, la progettazione CAD e le simulazioni tecniche. L&#8217;SSD M.2 da 1 TB garantisce tempi di caricamento rapidi e fluidit\u00e0 nella gestione di grandi volumi di dati. In termini di grafica, la scheda NVIDIA Quadro M4000 con 8 GB di GDDR5 offre prestazioni professionali certificate, ideali per software come AutoCAD, Revit, Adobe Creative Suite e SolidWorks. Con Windows 11 Pro, TPM 2.0 e molteplici opzioni di espansione tramite slot PCIe x16 e x4, la Z2 G4 \u00e8 una workstation solida e scalabile, pronta a rispondere efficacemente agli ambienti tecnici e creativi pi\u00f9 esigenti.Ottimo aspetto esterno. Il case potrebbe presentare lievi segni di usura. Vedi &#8220;+ Foto&#8221; e &#8220;Video&#8221; di seguito. Se avete domande, chiamateci o utilizzate la nostra chat per maggiori informazioni o per richiedere maggiori dettagli.<br \/><strong>Commenti<\/strong><br \/><u>nVidia Quadro M4000 8GB GDDR5 &#8211; 2pcie x16 (1 occupato) \/ 2xpcie x4<\/u><\/p>\n","protected":false},"excerpt":{"rendered":"<p>Intel Core i7 9700 3 GHz. \u00b7 64 Gb. DDR4 ECC RAM \u00b7 1.00 Tb. SSD M2 \u00b7 <strong>Windows 11 Pro \u00b7<br \/>\nnVidia Quadro M4000 8GB GDDR5<\/strong> &#8211; <u>2pcie x16 (1 occupato) \/ 2xpcie x4<\/u><\/p>\n","protected":false},"featured_media":224656,"template":"","meta":[],"product_brand":[3453],"product_cat":[3845,3943,3846],"product_tag":[],"class_list":{"0":"post-224655","1":"product","2":"type-product","3":"status-publish","4":"has-post-thumbnail","6":"product_brand-hp","7":"product_cat-computer-it","8":"product_cat-computer-computer-it","9":"product_cat-computer-workstations-it","11":"first","12":"instock","13":"taxable","14":"shipping-taxable","15":"purchasable","16":"product-type-simple"},"bundled_by":[],"bundle_stock_status":"instock","bundle_stock_quantity":1,"bundle_virtual":false,"bundle_layout":"","bundle_add_to_cart_form_location":"","bundle_editable_in_cart":false,"bundle_sold_individually_context":"","bundle_item_grouping":"","bundle_min_size":"","bundle_max_size":"","bundle_price":[],"bundled_items":[],"bundle_sell_ids":[],"exclude_global_add_ons":true,"addons":{"webcam-upgrades":{"name":"Estensione Webcam","type":"multiple_choice","position":0,"required":false,"title_format":"heading","default":"","description_enable":false,"description":"","placeholder_enable":false,"placeholder":"","display":"radiobutton","restrictions_type":"any_text","adjust_price":false,"price":"","price_type":"quantity_based","restrictions":false,"min":"0","max":"0","options":[{"label":"Conceptronic AMDIS FullHD [AMP00085]","price":"29.0000","price_type":"quantity_based","image":0,"visibility":true}]},"network-card-upgrades":{"name":"Estensione WIFI","type":"multiple_choice","position":0,"required":false,"title_format":"heading","default":"","description_enable":false,"description":"","placeholder_enable":false,"placeholder":"","display":"radiobutton","restrictions_type":"any_text","adjust_price":false,"price":"","price_type":"quantity_based","restrictions":false,"min":"0","max":"0","options":[{"label":"Wi-Fi PCI Card Upgrade [AMP00017]","price":"15.0000","price_type":"quantity_based","image":0,"visibility":true},{"label":"Wireless nano USB Upgrade [AMP00018]","price":"12.0000","price_type":"quantity_based","image":0,"visibility":true}]},"os-upgrades":{"name":"Estensione SO","type":"multiple_choice","position":0,"required":false,"title_format":"heading","default":"","description_enable":false,"description":"","placeholder_enable":false,"placeholder":"","display":"radiobutton","restrictions_type":"any_text","adjust_price":false,"price":"","price_type":"quantity_based","restrictions":false,"min":"0","max":"0","options":[{"label":"Change language to French [AMP00125]","price":"0.0000","price_type":"quantity_based","image":0,"visibility":true},{"label":"Change language to English [AMP00008]","price":"0.0000","price_type":"quantity_based","image":0,"visibility":true},{"label":"Change language to Portuguese [AMP00009]","price":"0.0000","price_type":"quantity_based","image":0,"visibility":true}]},"keyboard-upgrades":{"name":"Estensione tastiera","type":"multiple_choice","position":0,"required":false,"title_format":"heading","default":"","description_enable":false,"description":"","placeholder_enable":false,"placeholder":"","display":"radiobutton","restrictions_type":"any_text","adjust_price":false,"price":"","price_type":"quantity_based","restrictions":false,"min":"0","max":"0","options":[{"label":"Keyboard and Mouse [AMP00020]","price":"8.0000","price_type":"quantity_based","image":0,"visibility":true},{"label":"Portuguese New Keyboard and Mouse [AMP00088]","price":"15.0000","price_type":"quantity_based","image":0,"visibility":true},{"label":"Spanish USB Keyboard and Mouse (New) [AMP00068]","price":"12.0000","price_type":"quantity_based","image":0,"visibility":true}]}},"df_price":1477.89,"df_sale_price":"","df_regular_price":1477.89,"df_image_link":"https:\/\/zoca.es\/wp-content\/uploads\/images\/product\/13705\/hp03028_01-300x225.jpg","_links":{"self":[{"href":"https:\/\/zoca.es\/it\/wp-json\/wp\/v2\/product\/224655","targetHints":{"allow":["GET"]}}],"collection":[{"href":"https:\/\/zoca.es\/it\/wp-json\/wp\/v2\/product"}],"about":[{"href":"https:\/\/zoca.es\/it\/wp-json\/wp\/v2\/types\/product"}],"wp:featuredmedia":[{"embeddable":true,"href":"https:\/\/zoca.es\/it\/wp-json\/wp\/v2\/media\/224656"}],"wp:attachment":[{"href":"https:\/\/zoca.es\/it\/wp-json\/wp\/v2\/media?parent=224655"}],"wp:term":[{"taxonomy":"product_brand","embeddable":true,"href":"https:\/\/zoca.es\/it\/wp-json\/wp\/v2\/product_brand?post=224655"},{"taxonomy":"product_cat","embeddable":true,"href":"https:\/\/zoca.es\/it\/wp-json\/wp\/v2\/product_cat?post=224655"},{"taxonomy":"product_tag","embeddable":true,"href":"https:\/\/zoca.es\/it\/wp-json\/wp\/v2\/product_tag?post=224655"}],"curies":[{"name":"wp","href":"https:\/\/api.w.org\/{rel}","templated":true}]}}