{"id":223711,"date":"2026-04-20T09:01:08","date_gmt":"2026-04-20T08:01:08","guid":{"rendered":"https:\/\/zoca.es\/producto\/hp-elitedisplay-e233-23-ips-169-difetto-1920x1080-it-15019\/"},"modified":"2026-04-20T09:01:37","modified_gmt":"2026-04-20T08:01:37","slug":"hp-elitedisplay-e233-23-ips-169-difetto-1920x1080-it-15019","status":"publish","type":"product","link":"https:\/\/zoca.es\/it\/producto\/hp-elitedisplay-e233-23-ips-169-difetto-1920x1080-it-15019\/","title":{"rendered":"HP EliteDisplay E233 23&#8221; IPS 16:9 | Difetto | 1920&#215;1080"},"content":{"rendered":"<p><strong>Schermo<\/strong><br \/>IPS 23 &#8221; FullHD 16:9  \u00b7 Risoluzione 1920&#215;1080<br \/>Punto passo 0.265 mm<br \/>Risposta 7 ms<br \/>Contrasto 1000:1<br \/>Luminosit\u00e0 250 cd\/m2<br \/>Angolo visione 178\u00b0v\/178\u00b0h<br \/><strong>Porte video<\/strong><br \/>VGA<br \/>HDMI<br \/>Display Port<br \/><strong>Schermo specifico<\/strong><br \/>Supporto VESA<br \/>Peana<br \/>Regolabile in altezza<br \/><strong>Altri<\/strong><br \/>Imballaggio hR<br \/><strong>Dimensioni<\/strong><br \/>52&#215;20.5&#215;32.2 cm.<br \/><strong>Peso<\/strong><br \/>5.20 Kg.<br \/><strong>Commenti<\/strong><br \/><u>Leggero oscuramento nella parte superiore dello schermo. Si tratta di un difetto minimo, quasi impercettibile. Solo guardando molto attentamente si pu\u00f2 notare la parte superiore dello schermo come una piccola ombra pi\u00f9 scura. Questa \u00e8 sicuramente un&#8217;ottima opportunit\u00e0, data la scarsa visibilit\u00e0 del difetto. Per qualsiasi domanda, non esitate a contattarci telefonicamente o tramite la chat per ottenere maggiori informazioni o richiedere ulteriori dettagli.<\/u><br \/><strong>Difetto<\/strong><br \/>Ombre<\/p>\n","protected":false},"excerpt":{"rendered":"<p>IPS 23 &#8221; FullHD 16:9 \u00b7 Risoluzione 1920&#215;1080 \u00b7<u>Leggero oscuramento dello schermo<\/u><\/p>\n","protected":false},"featured_media":223712,"template":"","meta":[],"product_brand":[3453],"product_cat":[3854,3851],"product_tag":[],"class_list":{"0":"post-223711","1":"product","2":"type-product","3":"status-publish","4":"has-post-thumbnail","6":"product_brand-hp","7":"product_cat-monitor-con-difetti-it","8":"product_cat-monitor-it","10":"first","11":"instock","12":"taxable","13":"shipping-taxable","14":"purchasable","15":"product-type-simple"},"bundled_by":[],"bundle_stock_status":"instock","bundle_stock_quantity":1,"bundle_virtual":false,"bundle_layout":"","bundle_add_to_cart_form_location":"","bundle_editable_in_cart":false,"bundle_sold_individually_context":"","bundle_item_grouping":"","bundle_min_size":"","bundle_max_size":"","bundle_price":[],"bundled_items":[],"bundle_sell_ids":[],"exclude_global_add_ons":true,"addons":{"hdmi-upgrades":{"name":"Estensione cavo","type":"multiple_choice","position":0,"required":false,"title_format":"heading","default":"","description_enable":false,"description":"","placeholder_enable":false,"placeholder":"","display":"radiobutton","restrictions_type":"any_text","adjust_price":false,"price":"","price_type":"quantity_based","restrictions":false,"min":"0","max":"0","options":[{"label":"HDMI cable 2 mts. [AMP00104]","price":"6.0000","price_type":"quantity_based","image":0,"visibility":true},{"label":"DisplayPort to DisplayPort cable 1,8 mts. [AMP00103]","price":"8.0000","price_type":"quantity_based","image":0,"visibility":true}]}},"df_price":96.8,"df_sale_price":"","df_regular_price":96.8,"df_image_link":"https:\/\/zoca.es\/wp-content\/uploads\/images\/product\/15019\/hp02299tr02_01-300x225.jpg","_links":{"self":[{"href":"https:\/\/zoca.es\/it\/wp-json\/wp\/v2\/product\/223711","targetHints":{"allow":["GET"]}}],"collection":[{"href":"https:\/\/zoca.es\/it\/wp-json\/wp\/v2\/product"}],"about":[{"href":"https:\/\/zoca.es\/it\/wp-json\/wp\/v2\/types\/product"}],"wp:featuredmedia":[{"embeddable":true,"href":"https:\/\/zoca.es\/it\/wp-json\/wp\/v2\/media\/223712"}],"wp:attachment":[{"href":"https:\/\/zoca.es\/it\/wp-json\/wp\/v2\/media?parent=223711"}],"wp:term":[{"taxonomy":"product_brand","embeddable":true,"href":"https:\/\/zoca.es\/it\/wp-json\/wp\/v2\/product_brand?post=223711"},{"taxonomy":"product_cat","embeddable":true,"href":"https:\/\/zoca.es\/it\/wp-json\/wp\/v2\/product_cat?post=223711"},{"taxonomy":"product_tag","embeddable":true,"href":"https:\/\/zoca.es\/it\/wp-json\/wp\/v2\/product_tag?post=223711"}],"curies":[{"name":"wp","href":"https:\/\/api.w.org\/{rel}","templated":true}]}}