{"id":206779,"date":"2025-04-02T11:40:04","date_gmt":"2025-04-02T10:40:04","guid":{"rendered":"https:\/\/zoca.es\/producto\/hp-z2-g5-workstation-torre-ricondizionato-core-i7-38ghz-32-gb-ram-1024-gb-ssd-m2-it-13420\/"},"modified":"2026-03-23T16:26:46","modified_gmt":"2026-03-23T15:26:46","slug":"hp-z2-g5-workstation-torre-ricondizionato-core-i7-38ghz-32-gb-ram-1024-gb-ssd-m2-it-13420","status":"publish","type":"product","link":"https:\/\/zoca.es\/it\/producto\/hp-z2-g5-workstation-torre-ricondizionato-core-i7-38ghz-32-gb-ram-1024-gb-ssd-m2-it-13420\/","title":{"rendered":"HP Z2 G5 WorkStation Torre | Ricondizionato | Core i7 3.8GHz | 32 GB RAM | 1024 GB SSD M2"},"content":{"rendered":"<p><strong>Processore<\/strong><br \/>Intel Core i7 10700K 3.8 GHz.<br \/><strong>Formato<\/strong><br \/>Torre<br \/><strong>Memoria RAM<\/strong><br \/>32 Gb. DDR4 RAM<br \/><strong>Disco duro<\/strong><br \/>1.00 Tb. SSD M2<br \/><strong>Carte<\/strong><br \/>Grafica: nVidia Quadro RTX A2000 12GB GDDR6<br \/>Suono: NVIDIA High Definiton Audio<br \/>Rete: Intel Ethernet Connecti  I219-LM<br \/><strong>Sistema operativo<\/strong><br \/>Windows 11 Pro<br \/><strong>Porte<\/strong><br \/>10x USB 3.1<br \/><strong>Porte video<\/strong><br \/>4x Mini Display Port<br \/><strong>Connettivit\u00e0<\/strong><br \/>RJ-45<br \/><strong>Altri<\/strong><br \/>Imballaggio hR<br \/><strong>Dimensioni<\/strong><br \/>39x17x38.5 cm.<br \/><strong>Peso<\/strong><br \/>7.65 Kg.<br \/><strong>Specifiche aggiuntive<\/strong><br \/>La WorkStation HP Z2 G5 \u00e8 la scelta ideale per designer, ingegneri e creatori di contenuti che necessitano delle massime prestazioni. Con un Intel Core i7-10700K da 3,8 GHz e 64 GB di RAM DDR4, offre fluidit\u00e0 in attivit\u00e0 impegnative come rendering 3D, editing video e simulazioni avanzate. Il suo SSD M.2 da 1 TB garantisce estrema velocit\u00e0 nei caricamenti e nei trasferimenti dati, permettendoti di lavorare senza interruzioni. La scheda nVidia Quadro RTX A2000 12GB GDDR6 ottimizza le prestazioni di software professionali come AutoCAD, Premiere Pro e SolidWorks, garantendo grafica fluida e tempi di rendering pi\u00f9 rapidi. Inoltre, con Windows 11 Pro, il supporto per le app pi\u00f9 recenti e le opzioni di espansione PCIe X16 e X4, questa WorkStation \u00e8 pronta per crescere insieme alle tue esigenze. Se stai cercando una workstation veloce, affidabile e scalabile, la WorkStation HP Z2 G5 \u00e8 la soluzione migliore per portare la tua produttivit\u00e0 a un livello superiore. Buon aspetto esteriore. Potrebbe presentare lievi segni di utilizzo sulla custodia. Se hai domande, chiamaci o usa la nostra chat per maggiori informazioni o per richiedere maggiori dettagli.<br \/><strong>Commenti<\/strong><br \/><u>nVidia Quadro RTX A2000 12GB GDDR6 &#8211; 2xPCIe X16 \/ 2xPCIe X4<\/u><\/p>\n","protected":false},"excerpt":{"rendered":"<p>Intel Core i7 10700K 3.8 GHz. \u00b7 32 Gb. DDR4 RAM \u00b7 1.00 Tb. SSD M2 \u00b7 <strong>Windows 11 Pro<\/strong> \u00b7<br \/>\n<strong>nVidia Quadro RTX A2000 12GB GDDR6<\/strong> &#8211; <u>2xPCIe X16 \/ 2xPCIe X4<br \/>\n<\/u><\/p>\n","protected":false},"featured_media":206780,"template":"","meta":[],"product_brand":[3453],"product_cat":[3845,3846],"product_tag":[],"class_list":{"0":"post-206779","1":"product","2":"type-product","3":"status-publish","4":"has-post-thumbnail","6":"product_brand-hp","7":"product_cat-computer-it","8":"product_cat-computer-workstations-it","10":"first","11":"instock","12":"taxable","13":"shipping-taxable","14":"purchasable","15":"product-type-simple"},"bundled_by":[],"bundle_stock_status":"instock","bundle_stock_quantity":5,"bundle_virtual":false,"bundle_layout":"","bundle_add_to_cart_form_location":"","bundle_editable_in_cart":false,"bundle_sold_individually_context":"","bundle_item_grouping":"","bundle_min_size":"","bundle_max_size":"","bundle_price":[],"bundled_items":[],"bundle_sell_ids":[],"exclude_global_add_ons":true,"addons":{"hdd-upgrades":{"name":"Estensione HDD","type":"multiple_choice","position":0,"required":false,"title_format":"heading","default":"","description_enable":false,"description":"","placeholder_enable":false,"placeholder":"","display":"radiobutton","restrictions_type":"any_text","adjust_price":false,"price":"","price_type":"quantity_based","restrictions":false,"min":"0","max":"0","options":[{"label":"SSD 120 Gb. additional (O.S.) [AMP00030]","price":"25.0000","price_type":"quantity_based","image":0,"visibility":true},{"label":"SSD 240 Gb. additional (O.S.) [AMP00031]","price":"35.0000","price_type":"quantity_based","image":0,"visibility":true},{"label":"SSD 480 Gb. additional (O.S.) [AMP00032]","price":"64.0000","price_type":"quantity_based","image":0,"visibility":true},{"label":"SSD 240 1 Tb. additional [AMP00072]","price":"100.0000","price_type":"quantity_based","image":0,"visibility":true}]},"network-card-upgrades":{"name":"Estensione WIFI","type":"multiple_choice","position":0,"required":false,"title_format":"heading","default":"","description_enable":false,"description":"","placeholder_enable":false,"placeholder":"","display":"radiobutton","restrictions_type":"any_text","adjust_price":false,"price":"","price_type":"quantity_based","restrictions":false,"min":"0","max":"0","options":[{"label":"Wi-Fi PCI Card Upgrade [AMP00017]","price":"15.0000","price_type":"quantity_based","image":0,"visibility":true},{"label":"Wireless nano USB Upgrade [AMP00018]","price":"12.0000","price_type":"quantity_based","image":0,"visibility":true}]},"os-upgrades":{"name":"Estensione SO","type":"multiple_choice","position":0,"required":false,"title_format":"heading","default":"","description_enable":false,"description":"","placeholder_enable":false,"placeholder":"","display":"radiobutton","restrictions_type":"any_text","adjust_price":false,"price":"","price_type":"quantity_based","restrictions":false,"min":"0","max":"0","options":[{"label":"Change language to French [AMP00125]","price":"0.0000","price_type":"quantity_based","image":0,"visibility":true},{"label":"Change language to English [AMP00008]","price":"0.0000","price_type":"quantity_based","image":0,"visibility":true},{"label":"Change language to Portuguese [AMP00009]","price":"0.0000","price_type":"quantity_based","image":0,"visibility":true}]},"keyboard-upgrades":{"name":"Estensione tastiera","type":"multiple_choice","position":0,"required":false,"title_format":"heading","default":"","description_enable":false,"description":"","placeholder_enable":false,"placeholder":"","display":"radiobutton","restrictions_type":"any_text","adjust_price":false,"price":"","price_type":"quantity_based","restrictions":false,"min":"0","max":"0","options":[{"label":"Keyboard and Mouse [AMP00020]","price":"8.0000","price_type":"quantity_based","image":0,"visibility":true},{"label":"Portuguese New Keyboard and Mouse [AMP00088]","price":"15.0000","price_type":"quantity_based","image":0,"visibility":true},{"label":"Spanish USB Keyboard and Mouse (New) [AMP00068]","price":"12.0000","price_type":"quantity_based","image":0,"visibility":true}]}},"df_price":1962.38,"df_sale_price":"","df_regular_price":1962.38,"df_image_link":"https:\/\/zoca.es\/wp-content\/uploads\/images\/product\/13420\/hp02942_01-300x225.jpg","_links":{"self":[{"href":"https:\/\/zoca.es\/it\/wp-json\/wp\/v2\/product\/206779","targetHints":{"allow":["GET"]}}],"collection":[{"href":"https:\/\/zoca.es\/it\/wp-json\/wp\/v2\/product"}],"about":[{"href":"https:\/\/zoca.es\/it\/wp-json\/wp\/v2\/types\/product"}],"wp:featuredmedia":[{"embeddable":true,"href":"https:\/\/zoca.es\/it\/wp-json\/wp\/v2\/media\/206780"}],"wp:attachment":[{"href":"https:\/\/zoca.es\/it\/wp-json\/wp\/v2\/media?parent=206779"}],"wp:term":[{"taxonomy":"product_brand","embeddable":true,"href":"https:\/\/zoca.es\/it\/wp-json\/wp\/v2\/product_brand?post=206779"},{"taxonomy":"product_cat","embeddable":true,"href":"https:\/\/zoca.es\/it\/wp-json\/wp\/v2\/product_cat?post=206779"},{"taxonomy":"product_tag","embeddable":true,"href":"https:\/\/zoca.es\/it\/wp-json\/wp\/v2\/product_tag?post=206779"}],"curies":[{"name":"wp","href":"https:\/\/api.w.org\/{rel}","templated":true}]}}