{"id":204794,"date":"2026-03-18T13:03:17","date_gmt":"2026-03-18T12:03:17","guid":{"rendered":"https:\/\/zoca.es\/producto\/hp-proliant-dl360-g5-barebone-rack-ricondizionato-xeon-25ghz-8-gb-ram-sas-it-12568\/"},"modified":"2026-03-18T13:03:43","modified_gmt":"2026-03-18T12:03:43","slug":"hp-proliant-dl360-g5-barebone-rack-ricondizionato-xeon-25ghz-8-gb-ram-sas-it-12568","status":"publish","type":"product","link":"https:\/\/zoca.es\/it\/producto\/hp-proliant-dl360-g5-barebone-rack-ricondizionato-xeon-25ghz-8-gb-ram-sas-it-12568\/","title":{"rendered":"HP Proliant DL360 G5 Barebone Rack | Ricondizionato | Xeon 2.5GHz | 8 GB RAM | SAS"},"content":{"rendered":"<p><strong>Processore<\/strong><br \/>Intel Xeon L5420 2.5 GHz.<br \/><strong>Formato<\/strong><br \/>Rack (1U)<br \/><strong>Memoria RAM<\/strong><br \/>8 Gb. DDR2 ECC RAM<br \/>8 baies (0 vuoti )<br \/><strong>Disco duro<\/strong><br \/>SAS 2.5&#8221;<br \/>6 baies<br \/><strong>Carte<\/strong><br \/>Grafica: ATI ES1000 16 Mb.<br \/>Rete: BCM5708<br \/><strong>Sistema operativo<\/strong><br \/>&#8211; Nessun sistema operativo &#8211;<br \/><strong>Porte<\/strong><br \/>Serie<br \/>3x USB 2.0<br \/>2x PS2<br \/><strong>Connettivit\u00e0<\/strong><br \/>2x RJ-45<br \/><strong>Alimentazione<\/strong><br \/>Alimentatori (Hotplug)<br \/><strong>Dimensioni<\/strong><br \/>71&#215;48.5&#215;4.5 cm.<br \/><strong>Peso<\/strong><br \/>17.00 Kg.<br \/><strong>Specifiche aggiuntive<\/strong><br \/>L\u2019HP ProLiant DL360 G5 in formato barebone \u00e8 la scelta perfetta per chi desidera costruire un server su misura su una piattaforma solida e collaudata. Il suo design rack 1U consente di ottimizzare al massimo lo spazio negli armadi professionali, rendendolo una base ideale per infrastrutture IT efficienti e ben organizzate.Dotato di processore Intel Xeon L5420 quad-core, offre prestazioni equilibrate per servizi di rete, virtualizzazione leggera o ambienti aziendali che richiedono stabilit\u00e0 continua. I suoi 8 GB di memoria DDR2 ECC aggiungono affidabilit\u00e0, riducendo gli errori e garantendo un funzionamento sicuro nelle attivit\u00e0 critiche.Questo modello si distingue per la sua flessibilit\u00e0 di configurazione grazie alle 8 baie per dischi SAS da 2,5\u201d, consentendo di adattare lo storage alle esigenze specifiche di ogni progetto. Il controller HP Smart Array P400i aggiunge funzionalit\u00e0 RAID avanzate, fondamentali per proteggere i dati e migliorare le prestazioni del sistema.Essendo un barebone, offre totale libert\u00e0 nella personalizzazione dei componenti chiave, rendendolo una soluzione molto versatile sia per aggiornamenti che per nuove implementazioni. Include inoltre un alimentatore ridondante con opzione di espansione, migliorando la continuit\u00e0 operativa.La connettivit\u00e0 PCIe e la qualit\u00e0 costruttiva HP lo rendono una base affidabile per molteplici scenari: server dati, backup, virtualizzazione o applicazioni aziendali.Buon aspetto esterno. Guarda in \u201c+ Foto\u201d e se hai qualche dubbio chiamaci o usa la nostra chat per ampliare le informazioni o per richiedere maggiori dettagli.<br \/><strong>Commenti<\/strong><br \/><u>HP Smart Array P400i &#8211; 2xPCIe X8 \/ 2xPCIe X1 &#8211; 1xFte. Alimentazione ridondante (con la possibilit\u00e0 di inserire una seconda sorgente)<\/u><\/p>\n","protected":false},"excerpt":{"rendered":"<p>Intel Xeon L5420 2.5 GHz. \u00b7 8 Gb. DDR2 ECC RAM \u00b7 SAS 2.5&#8221; \u00b7 6 baies \u00b7<br \/>\n<strong>HP Smart Array P400i <\/strong>&#8211; <u>2xPCIe X8 \/ 2xPCIe X1 &#8211; 1xFte. Alimentazione ridondante (con la possibilit\u00e0 di inserire una seconda sorgente)<\/u><\/p>\n","protected":false},"featured_media":204795,"template":"","meta":[],"product_brand":[3453],"product_cat":[3947,3884,3882],"product_tag":[],"class_list":{"0":"post-204794","1":"product","2":"type-product","3":"status-publish","4":"has-post-thumbnail","6":"product_brand-hp","7":"product_cat-barebone-it","8":"product_cat-server-rack-it","9":"product_cat-server-it","11":"first","12":"instock","13":"taxable","14":"shipping-taxable","15":"purchasable","16":"product-type-simple"},"bundled_by":[],"bundle_stock_status":"instock","bundle_stock_quantity":1,"bundle_virtual":false,"bundle_layout":"","bundle_add_to_cart_form_location":"","bundle_editable_in_cart":false,"bundle_sold_individually_context":"","bundle_item_grouping":"","bundle_min_size":"","bundle_max_size":"","bundle_price":[],"bundled_items":[],"bundle_sell_ids":[],"exclude_global_add_ons":[],"addons":[],"df_price":131.41,"df_sale_price":"","df_regular_price":131.41,"df_image_link":"https:\/\/zoca.es\/wp-content\/uploads\/images\/product\/12568\/hp02674_01-300x225.jpg","_links":{"self":[{"href":"https:\/\/zoca.es\/it\/wp-json\/wp\/v2\/product\/204794","targetHints":{"allow":["GET"]}}],"collection":[{"href":"https:\/\/zoca.es\/it\/wp-json\/wp\/v2\/product"}],"about":[{"href":"https:\/\/zoca.es\/it\/wp-json\/wp\/v2\/types\/product"}],"wp:featuredmedia":[{"embeddable":true,"href":"https:\/\/zoca.es\/it\/wp-json\/wp\/v2\/media\/204795"}],"wp:attachment":[{"href":"https:\/\/zoca.es\/it\/wp-json\/wp\/v2\/media?parent=204794"}],"wp:term":[{"taxonomy":"product_brand","embeddable":true,"href":"https:\/\/zoca.es\/it\/wp-json\/wp\/v2\/product_brand?post=204794"},{"taxonomy":"product_cat","embeddable":true,"href":"https:\/\/zoca.es\/it\/wp-json\/wp\/v2\/product_cat?post=204794"},{"taxonomy":"product_tag","embeddable":true,"href":"https:\/\/zoca.es\/it\/wp-json\/wp\/v2\/product_tag?post=204794"}],"curies":[{"name":"wp","href":"https:\/\/api.w.org\/{rel}","templated":true}]}}