{"id":201930,"date":"2026-03-16T10:19:28","date_gmt":"2026-03-16T09:19:28","guid":{"rendered":"https:\/\/zoca.es\/producto\/hp-elitebook-840-g8-14-ricondizionato-core-i7-28ghz-32-gb-ram-512-gb-ssd-m2-1920x1080-it-14801\/"},"modified":"2026-03-30T14:37:40","modified_gmt":"2026-03-30T13:37:40","slug":"hp-elitebook-840-g8-14-ricondizionato-core-i7-28ghz-32-gb-ram-512-gb-ssd-m2-1920x1080-it-14801","status":"publish","type":"product","link":"https:\/\/zoca.es\/it\/producto\/hp-elitebook-840-g8-14-ricondizionato-core-i7-28ghz-32-gb-ram-512-gb-ssd-m2-1920x1080-it-14801\/","title":{"rendered":"HP EliteBook 840 G8 14&#8221; | Ricondizionato | Core i7 2.8GHz | 32 GB RAM | 512 GB SSD M2 1920&#215;1080"},"content":{"rendered":"<p><strong>Processore<\/strong><br \/>Intel Core i7 1165G7 2.8 GHz.<br \/><strong>Memoria RAM<\/strong><br \/>32 Gb. SO-DDR4 RAM<br \/><strong>Disco duro<\/strong><br \/>512 Gb. SSD M2<br \/><strong>Carte<\/strong><br \/>Grafica: Iris Xe Graphics<br \/>Suono: Bang y Olufsen audio<br \/><strong>Sistema operativo<\/strong><br \/>Windows 11 Pro<br \/><strong>Porte<\/strong><br \/>2x USB-C<br \/>2x USB 3.1<br \/><strong>Schermo<\/strong><br \/>IPS 14 &#8221; FullHD 16:9  \u00b7 Risoluzione 1920&#215;1080<br \/><strong>Porte video<\/strong><br \/>HDMI<br \/><strong>Multimedia<\/strong><br \/>Webcam<br \/>Lettore impronte<br \/>Lettore DNI<br \/><strong>Connettivit\u00e0<\/strong><br \/>WIFI<br \/>Bluetooth<br \/><strong>Specifico portatile<\/strong><br \/>Lingua tastiera Internazionale (adesivi spagnoli)<br \/><strong>Altri<\/strong><br \/>Imballaggio hR<br \/><strong>Dimensioni<\/strong><br \/>32x21x2 cm.<br \/><strong>Peso<\/strong><br \/>1.33 Kg.<br \/><strong>Specifiche aggiuntive<\/strong><br \/>L\u2019HP EliteBook 840 G8 con processore Intel Core i7 1165G7 da 2.8 GHz rappresenta la fusione perfetta tra potenza, leggerezza e raffinatezza. Progettato per professionisti esigenti, offre un\u2019esperienza fluida nel multitasking avanzato, nelle videoconferenze o nei lavori di editing leggero, grazie ai suoi 32 GB di memoria RAM e al suo veloce SSD M.2 da 512 GB, che garantiscono un avvio istantaneo e una gestione efficiente dei tuoi progetti pi\u00f9 impegnativi.<br \/>Il suo schermo IPS da 14 pollici FullHD offre una visualizzazione nitida e realistica, ideale sia per il lavoro che per l\u2019intrattenimento. Inoltre, lo chassis in alluminio ultrasottile aggiunge un tocco premium e grande resistenza per l\u2019uso quotidiano.<br \/>Integra un lettore di impronte digitali, un lettore di carta d\u2019identit\u00e0 elettronica e una webcam integrata, offrendo una combinazione perfetta di sicurezza, connettivit\u00e0 e comfort. Con Windows 11 Pro, potrai godere di un ambiente moderno, agile e ottimizzato per la produttivit\u00e0 professionale.<br \/>L\u2019EliteBook 840 G8 \u00e8 l\u2019opzione ideale per chi cerca un laptop affidabile, potente e con un design di alto livello, pronto ad affrontare con sicurezza le esigenze dell\u2019attuale ambiente aziendale.<br \/>Buon aspetto esterno. Guarda in &#8220;+ Foto&#8221; e &#8220;Video&#8221; e se hai domande chiamaci o usa la nostra chat per ampliare le informazioni o per richiedere maggiori dettagli.<\/p>\n","protected":false},"excerpt":{"rendered":"<p>Intel Core i7 1165G7 2.8 GHz. \u00b7 32 Gb. SO-DDR4 RAM \u00b7 512 Gb. SSD M2 \u00b7 <strong>Windows 11 Pro<\/strong> \u00b7 IPS 14 &#8221; FullHD 16:9 \u00b7 Webcam \u00b7<u>Tastiera internazionale<\/u><\/p>\n","protected":false},"featured_media":201838,"template":"","meta":[],"product_brand":[3453],"product_cat":[3856,3942],"product_tag":[],"class_list":{"0":"post-201930","1":"product","2":"type-product","3":"status-publish","4":"has-post-thumbnail","6":"product_brand-hp","7":"product_cat-portatili-it","8":"product_cat-portatili-portatili-it","10":"first","11":"instock","12":"taxable","13":"shipping-taxable","14":"purchasable","15":"product-type-simple"},"bundled_by":[],"bundle_stock_status":"instock","bundle_stock_quantity":29,"bundle_virtual":false,"bundle_layout":"","bundle_add_to_cart_form_location":"","bundle_editable_in_cart":false,"bundle_sold_individually_context":"","bundle_item_grouping":"","bundle_min_size":"","bundle_max_size":"","bundle_price":[],"bundled_items":[],"bundle_sell_ids":[],"exclude_global_add_ons":true,"addons":{"keyboard-iso-upgrades":{"name":"Seleziona lingua della tastiera","type":"multiple_choice","position":0,"required":false,"title_format":"heading","default":"","description_enable":false,"description":"","placeholder_enable":false,"placeholder":"","display":"radiobutton","restrictions_type":"any_text","adjust_price":false,"price":"","price_type":"quantity_based","restrictions":false,"min":"0","max":"0","options":[{"label":"Spanish Stickers [AMP00082]","price":"0.0000","price_type":"quantity_based","image":0,"visibility":true},{"label":"French Stickers [AMP00084]","price":"0.0000","price_type":"quantity_based","image":0,"visibility":true},{"label":"Portuguese Stickers [AMP00083]","price":"0.0000","price_type":"quantity_based","image":0,"visibility":true}]},"ram-memory-upgrades":{"name":"Espansione RAM","type":"multiple_choice","position":0,"required":false,"title_format":"heading","default":"","description_enable":false,"description":"","placeholder_enable":false,"placeholder":"","display":"radiobutton","restrictions_type":"any_text","adjust_price":false,"price":"","price_type":"quantity_based","restrictions":false,"min":"0","max":"0","options":[{"label":"64 Gb RAM DDR4 extension [AMP00119]","price":"230.0000","price_type":"quantity_based","image":0,"visibility":true}]},"hdd-upgrades":{"name":"Estensione HDD","type":"multiple_choice","position":0,"required":false,"title_format":"heading","default":"","description_enable":false,"description":"","placeholder_enable":false,"placeholder":"","display":"radiobutton","restrictions_type":"any_text","adjust_price":false,"price":"","price_type":"quantity_based","restrictions":false,"min":"0","max":"0","options":[{"label":"SSD 1 Tb. M.2 2280 PCIe Upgrade [AMP00107]","price":"165.0000","price_type":"quantity_based","image":0,"visibility":true}]},"os-upgrades":{"name":"Estensione SO","type":"multiple_choice","position":0,"required":false,"title_format":"heading","default":"","description_enable":false,"description":"","placeholder_enable":false,"placeholder":"","display":"radiobutton","restrictions_type":"any_text","adjust_price":false,"price":"","price_type":"quantity_based","restrictions":false,"min":"0","max":"0","options":[{"label":"Change language to French [AMP00125]","price":"0.0000","price_type":"quantity_based","image":0,"visibility":true},{"label":"Change language to English [AMP00008]","price":"0.0000","price_type":"quantity_based","image":0,"visibility":true},{"label":"Change language to Portuguese [AMP00009]","price":"0.0000","price_type":"quantity_based","image":0,"visibility":true}]},"briefcase-upgrades":{"name":"Valigetta","type":"multiple_choice","position":0,"required":false,"title_format":"heading","default":"","description_enable":false,"description":"","placeholder_enable":false,"placeholder":"","display":"radiobutton","restrictions_type":"any_text","adjust_price":false,"price":"","price_type":"quantity_based","restrictions":false,"min":"0","max":"0","options":[{"label":"Laptop Briefcase [AMP00041]","price":"5.0000","price_type":"quantity_based","image":0,"visibility":true}]}},"df_price":738.58,"df_sale_price":"","df_regular_price":738.58,"df_image_link":"https:\/\/zoca.es\/wp-content\/uploads\/images\/product\/14801\/hp03289_01-300x225.jpg","_links":{"self":[{"href":"https:\/\/zoca.es\/it\/wp-json\/wp\/v2\/product\/201930","targetHints":{"allow":["GET"]}}],"collection":[{"href":"https:\/\/zoca.es\/it\/wp-json\/wp\/v2\/product"}],"about":[{"href":"https:\/\/zoca.es\/it\/wp-json\/wp\/v2\/types\/product"}],"wp:featuredmedia":[{"embeddable":true,"href":"https:\/\/zoca.es\/it\/wp-json\/wp\/v2\/media\/201838"}],"wp:attachment":[{"href":"https:\/\/zoca.es\/it\/wp-json\/wp\/v2\/media?parent=201930"}],"wp:term":[{"taxonomy":"product_brand","embeddable":true,"href":"https:\/\/zoca.es\/it\/wp-json\/wp\/v2\/product_brand?post=201930"},{"taxonomy":"product_cat","embeddable":true,"href":"https:\/\/zoca.es\/it\/wp-json\/wp\/v2\/product_cat?post=201930"},{"taxonomy":"product_tag","embeddable":true,"href":"https:\/\/zoca.es\/it\/wp-json\/wp\/v2\/product_tag?post=201930"}],"curies":[{"name":"wp","href":"https:\/\/api.w.org\/{rel}","templated":true}]}}