{"id":198455,"date":"2025-06-30T11:14:02","date_gmt":"2025-06-30T10:14:02","guid":{"rendered":"https:\/\/zoca.es\/producto\/panasonic-toughbook-fz-g1-mk4-rugged-101-ricondizionato-core-i5-24ghz-8-gb-ram-128-gb-ssd-1920x1200-it-13792\/"},"modified":"2026-03-11T12:54:04","modified_gmt":"2026-03-11T11:54:04","slug":"panasonic-toughbook-fz-g1-mk4-rugged-101-ricondizionato-core-i5-24ghz-8-gb-ram-128-gb-ssd-1920x1200-it-13792","status":"publish","type":"product","link":"https:\/\/zoca.es\/it\/producto\/panasonic-toughbook-fz-g1-mk4-rugged-101-ricondizionato-core-i5-24ghz-8-gb-ram-128-gb-ssd-1920x1200-it-13792\/","title":{"rendered":"Panasonic ToughBook FZ-G1 MK4 Rugged 10.1&#8221; | Ricondizionato | Core i5 2.4GHz | 8 GB RAM | 128 GB SSD 1920&#215;1200"},"content":{"rendered":"<p><strong>Processore<\/strong><br \/>Intel Core i5 6300U 2.4 GHz. [TPM 1.2]<br \/><strong>Memoria RAM<\/strong><br \/>8 Gb. SO-DDR3 RAM<br \/><strong>Disco duro<\/strong><br \/>128 Gb. SSD<br \/><strong>Carte<\/strong><br \/>Grafica: Intel Graphics 620<br \/>Suono: Realtek High Definition Audio<br \/><strong>Sistema operativo<\/strong><br \/>Windows 10 Pro<br \/><strong>Porte<\/strong><br \/>USB 3.0<br \/><strong>Schermo<\/strong><br \/>Tattile 10.1 &#8221; FullHD 16:9  \u00b7 Risoluzione 1920&#215;1200<br \/><strong>Porte video<\/strong><br \/>HDMI<br \/><strong>Multimedia<\/strong><br \/>Webcam<br \/>Webcam posteriore<br \/>Webcam frontale<br \/><strong>Connettivit\u00e0<\/strong><br \/>WIFI<br \/>Bluetooth<br \/>4G<br \/><strong>Altri<\/strong><br \/>Imballaggio hR<br \/><strong>Dimensioni<\/strong><br \/>28x20x4 cm.<br \/><strong>Peso<\/strong><br \/>1.40 Kg.<br \/><strong>Specifiche aggiuntive<\/strong><br \/>Il Panasonic Toughbook FZ-G1 MK4 \u00e8 un tablet professionale completamente rugged, progettato per garantire la massima resistenza, mobilit\u00e0 e affidabilit\u00e0 in settori come l\u2019industria, i servizi di emergenza, la difesa, la logistica o l\u2019edilizia. Compatto ma potente, integra un processore Intel Core i5 di sesta generazione, 8 GB di RAM e un SSD da 128 GB, eseguendo Windows 10 Pro in modo fluido anche in condizioni operative difficili.<br \/>Il suo schermo da 10,1\u201d Full HD in formato 16:10 \u00e8 leggibile alla luce diretta del sole, multitouch e utilizzabile con guanti o stilo \u2014 perfetto per il lavoro sul campo.<br \/><b>Caratteristiche di robustezza<\/b><br \/><u>Struttura rinforzata<\/u> in lega di magnesio con angoli protetti, resistente a urti e cadute fino a 1,2 metri.<br \/><u>Schermo ad alta luminosit\u00e0<\/u> (fino a 800 nit), leggibile all\u2019aperto e utilizzabile con guanti, dita bagnate o penna digitale.<br \/><u>Tenuta completa contro polvere e liquidi<\/u>, con connettori protetti e sportelli sigillati.<br \/>Resiste a vibrazioni, sbalzi di temperatura, umidit\u00e0 e pressione atmosferica \u2014 ideale per ambienti industriali o lavori sul campo.<br \/><b>Certificazioni di robustezza<\/b><br \/><u>MIL-STD-810G:<\/u> Certifica la resistenza a condizioni ambientali estreme, cadute, urti, vibrazioni, umidit\u00e0 e temperature comprese tra -10 \u00b0C e 50 \u00b0C.<br \/><u>IP65:<\/u> Protezione completa contro la polvere e resistenza ai getti d\u2019acqua.<br \/><u>MIL-STD-461F:<\/u> Compatibilit\u00e0 elettromagnetica in ambienti industriali e militari.<br \/>Il Panasonic Toughbook FZ-G1 MK4 \u00e8 un tablet compatto, robusto e affidabile \u2014 perfetto per i professionisti che richiedono prestazioni costanti e massima durata in condizioni di lavoro estreme.<br \/>Ottimo stato estetico. Per qualsiasi domanda non esitare a chiamarci o a usare la chat per ricevere maggiori informazioni o richiedere ulteriori dettagli.<\/p>\n","protected":false},"excerpt":{"rendered":"<p>Intel Core i5 6300U 2.4 GHz. [TPM 1.2] \u00b7 8 Gb. SO-DDR3 RAM \u00b7 128 Gb. SSD \u00b7 Windows 10 Pro \u00b7 Tattile 10.1 &#8221; FullHD 16:9  \u00b7 Risoluzione 1920&#215;1200<\/p>\n","protected":false},"featured_media":198456,"template":"","meta":[],"product_brand":[3467],"product_cat":[3872,3945,3869],"product_tag":[],"class_list":{"0":"post-198455","1":"product","2":"type-product","3":"status-publish","4":"has-post-thumbnail","6":"product_brand-panasonic","7":"product_cat-ruggerizzato-it","8":"product_cat-tablets-ruggerizzato-it","9":"product_cat-tablets-it","11":"first","12":"instock","13":"taxable","14":"shipping-taxable","15":"purchasable","16":"product-type-simple"},"bundled_by":[],"bundle_stock_status":"instock","bundle_stock_quantity":1,"bundle_virtual":false,"bundle_layout":"","bundle_add_to_cart_form_location":"","bundle_editable_in_cart":false,"bundle_sold_individually_context":"","bundle_item_grouping":"","bundle_min_size":"","bundle_max_size":"","bundle_price":[],"bundled_items":[],"bundle_sell_ids":[],"exclude_global_add_ons":true,"addons":{"battery-upgrades":{"name":"Estensione Batteria","type":"multiple_choice","position":0,"required":false,"title_format":"heading","default":"","description_enable":false,"description":"","placeholder_enable":false,"placeholder":"","display":"radiobutton","restrictions_type":"any_text","adjust_price":false,"price":"","price_type":"quantity_based","restrictions":false,"min":"0","max":"0","options":[{"label":"Switch to New Compatible Battery [AMP00167]","price":"75.0000","price_type":"quantity_based","image":0,"visibility":true}]},"docking-station-upgrades":{"name":"Estensione Docking Station","type":"multiple_choice","position":0,"required":false,"title_format":"heading","default":"","description_enable":false,"description":"","placeholder_enable":false,"placeholder":"","display":"radiobutton","restrictions_type":"any_text","adjust_price":false,"price":"","price_type":"quantity_based","restrictions":false,"min":"0","max":"0","options":[{"label":"Panasonic Docking ToughPad FZ-VEBG11 [AMP00128]","price":"100.0000","price_type":"quantity_based","image":0,"visibility":true}]},"os-upgrades":{"name":"Estensione SO","type":"multiple_choice","position":0,"required":false,"title_format":"heading","default":"","description_enable":false,"description":"","placeholder_enable":false,"placeholder":"","display":"radiobutton","restrictions_type":"any_text","adjust_price":false,"price":"","price_type":"quantity_based","restrictions":false,"min":"0","max":"0","options":[{"label":"Change language to French [AMP00125]","price":"0.0000","price_type":"quantity_based","image":0,"visibility":true},{"label":"Change language to English [AMP00008]","price":"0.0000","price_type":"quantity_based","image":0,"visibility":true},{"label":"Change language to Portuguese [AMP00009]","price":"0.0000","price_type":"quantity_based","image":0,"visibility":true}]}},"df_price":530.95,"df_sale_price":"","df_regular_price":530.95,"df_image_link":"https:\/\/zoca.es\/wp-content\/uploads\/images\/product\/13792\/pana00122_01-300x225.jpg","_links":{"self":[{"href":"https:\/\/zoca.es\/it\/wp-json\/wp\/v2\/product\/198455","targetHints":{"allow":["GET"]}}],"collection":[{"href":"https:\/\/zoca.es\/it\/wp-json\/wp\/v2\/product"}],"about":[{"href":"https:\/\/zoca.es\/it\/wp-json\/wp\/v2\/types\/product"}],"wp:featuredmedia":[{"embeddable":true,"href":"https:\/\/zoca.es\/it\/wp-json\/wp\/v2\/media\/198456"}],"wp:attachment":[{"href":"https:\/\/zoca.es\/it\/wp-json\/wp\/v2\/media?parent=198455"}],"wp:term":[{"taxonomy":"product_brand","embeddable":true,"href":"https:\/\/zoca.es\/it\/wp-json\/wp\/v2\/product_brand?post=198455"},{"taxonomy":"product_cat","embeddable":true,"href":"https:\/\/zoca.es\/it\/wp-json\/wp\/v2\/product_cat?post=198455"},{"taxonomy":"product_tag","embeddable":true,"href":"https:\/\/zoca.es\/it\/wp-json\/wp\/v2\/product_tag?post=198455"}],"curies":[{"name":"wp","href":"https:\/\/api.w.org\/{rel}","templated":true}]}}