{"id":192616,"date":"2026-03-02T16:30:29","date_gmt":"2026-03-02T15:30:29","guid":{"rendered":"https:\/\/zoca.es\/producto\/dell-latitude-7320-2-in-1-13-ricondizionato-core-i5-11ghz-16-gb-ram-512-gb-ssd-m2-1920x1280-it-14686\/"},"modified":"2026-04-15T14:25:52","modified_gmt":"2026-04-15T13:25:52","slug":"dell-latitude-7320-2-in-1-13-ricondizionato-core-i5-11ghz-16-gb-ram-512-gb-ssd-m2-1920x1280-it-14686","status":"publish","type":"product","link":"https:\/\/zoca.es\/it\/producto\/dell-latitude-7320-2-in-1-13-ricondizionato-core-i5-11ghz-16-gb-ram-512-gb-ssd-m2-1920x1280-it-14686\/","title":{"rendered":"Dell Latitude 7320 2-In-1 13&#8221; | Ricondizionato | Core i5 1.1GHz | 16 GB RAM | 512 GB SSD M2 1920&#215;1280"},"content":{"rendered":"<p><strong>Processore<\/strong><br \/>Intel Core i5 1140G7 1.1 GHz.<br \/><strong>Memoria RAM<\/strong><br \/>16 Gb. SO-DDR4 RAM<br \/><strong>Disco duro<\/strong><br \/>512 Gb. SSD M2<br \/><strong>Carte<\/strong><br \/>Grafica: Intel Iris Xe Graphics<br \/>Suono: Realtek SoundWire HW<br \/><strong>Sistema operativo<\/strong><br \/>Windows 11 Pro<br \/><strong>Porte<\/strong><br \/>2x USB-C<br \/><strong>Schermo<\/strong><br \/>Tattile 13 &#8221; FullHD 16:10 \u00b7 Risoluzione 1920&#215;1280<br \/><strong>Multimedia<\/strong><br \/>Webcam posteriore<br \/>Webcam frontale<br \/><strong>Connettivit\u00e0<\/strong><br \/>WIFI<br \/>Bluetooth<br \/>4G<br \/><strong>Altri<\/strong><br \/>Imballaggio hR<br \/><strong>Dimensioni<\/strong><br \/>28x20x1 cm.<br \/><strong>Peso<\/strong><br \/>0.78 Kg.<br \/><strong>Specifiche aggiuntive<\/strong><br \/>Il Dell Latitude 7320 2-in-1 \u00e8 un tablet convertibile progettato per chi necessita di potenza, versatilit\u00e0 e affidabilit\u00e0 aziendale in un formato leggero ed elegante. Ideale per ambienti di lavoro dinamici, smart working o mobilit\u00e0 costante, offre l\u2019esperienza completa di Windows 11 Pro con la flessibilit\u00e0 di passare da portatile a tablet in pochi secondi.Dotato di processore Intel Core i5-1140G7 di 11\u00aa generazione, 16 GB di memoria DDR4 e un ampio SSD M.2 da 512 GB, garantisce prestazioni fluide anche nel multitasking intensivo, applicazioni aziendali e gestione di grandi volumi di informazioni. Il display touch FullHD da 13 pollici (1920 x 1280) in formato 16:10 offre maggiore spazio verticale ed eccellente nitidezza per documenti, fogli di calcolo e presentazioni. La tastiera spagnola migliora l\u2019ergonomia durante lunghe giornate di lavoro, rafforzando l\u2019esperienza professionale.Il Dell Latitude 7320 2-in-1 combina elevata capacit\u00e0 di archiviazione, prestazioni solide e design premium, posizionandosi come un tablet Windows professionale pronto a sostituire il portatile tradizionale senza rinunciare alla mobilit\u00e0. Un dispositivo moderno ed efficiente, pronto a potenziare la produttivit\u00e0 quotidiana con sicurezza e stile.Buono stato esterno. Pu\u00f2 presentare lievi segni d\u2019uso sulla scocca. Se hai qualche dubbio chiamaci o usa la nostra chat per ampliare le informazioni o per richiedere maggiori dettagli.<br \/><strong>Commenti<\/strong><br \/><u>Tastiera spagnola<\/u><\/p>\n","protected":false},"excerpt":{"rendered":"<p>Intel Core i5 1140G7 1.1 GHz. \u00b7 16 Gb. SO-DDR4 RAM \u00b7 512 Gb. SSD M2 \u00b7 <strong>Windows 11 Pro<\/strong> \u00b7 Tattile 13 &#8221; FullHD 16:10 \u00b7<br \/>\n<strong>Tastiera spagnola<\/strong><\/p>\n","protected":false},"featured_media":192554,"template":"","meta":[],"product_brand":[3445],"product_cat":[3869,3939],"product_tag":[],"class_list":{"0":"post-192616","1":"product","2":"type-product","3":"status-publish","4":"has-post-thumbnail","6":"product_brand-dell","7":"product_cat-tablets-it","8":"product_cat-tablets-tablets-it","10":"first","11":"instock","12":"taxable","13":"shipping-taxable","14":"purchasable","15":"product-type-simple"},"bundled_by":[],"bundle_stock_status":"instock","bundle_stock_quantity":1,"bundle_virtual":false,"bundle_layout":"","bundle_add_to_cart_form_location":"","bundle_editable_in_cart":false,"bundle_sold_individually_context":"","bundle_item_grouping":"","bundle_min_size":"","bundle_max_size":"","bundle_price":[],"bundled_items":[],"bundle_sell_ids":[],"exclude_global_add_ons":true,"addons":{"keyboard-iso-upgrades":{"name":"Seleziona lingua della tastiera","type":"multiple_choice","position":0,"required":false,"title_format":"heading","default":"","description_enable":false,"description":"","placeholder_enable":false,"placeholder":"","display":"radiobutton","restrictions_type":"any_text","adjust_price":false,"price":"","price_type":"quantity_based","restrictions":false,"min":"0","max":"0","options":[{"label":"French Stickers [AMP00084]","price":"0.0000","price_type":"quantity_based","image":0,"visibility":true},{"label":"Portuguese Stickers [AMP00083]","price":"0.0000","price_type":"quantity_based","image":0,"visibility":true}]},"os-upgrades":{"name":"Estensione SO","type":"multiple_choice","position":0,"required":false,"title_format":"heading","default":"","description_enable":false,"description":"","placeholder_enable":false,"placeholder":"","display":"radiobutton","restrictions_type":"any_text","adjust_price":false,"price":"","price_type":"quantity_based","restrictions":false,"min":"0","max":"0","options":[{"label":"Change language to French [AMP00125]","price":"0.0000","price_type":"quantity_based","image":0,"visibility":true},{"label":"Change language to English [AMP00008]","price":"0.0000","price_type":"quantity_based","image":0,"visibility":true},{"label":"Change language to Portuguese [AMP00009]","price":"0.0000","price_type":"quantity_based","image":0,"visibility":true}]}},"df_price":696.11,"df_sale_price":"","df_regular_price":696.11,"df_image_link":"https:\/\/zoca.es\/wp-content\/uploads\/images\/product\/14686\/dell01635_01-300x225.jpg","_links":{"self":[{"href":"https:\/\/zoca.es\/it\/wp-json\/wp\/v2\/product\/192616","targetHints":{"allow":["GET"]}}],"collection":[{"href":"https:\/\/zoca.es\/it\/wp-json\/wp\/v2\/product"}],"about":[{"href":"https:\/\/zoca.es\/it\/wp-json\/wp\/v2\/types\/product"}],"wp:featuredmedia":[{"embeddable":true,"href":"https:\/\/zoca.es\/it\/wp-json\/wp\/v2\/media\/192554"}],"wp:attachment":[{"href":"https:\/\/zoca.es\/it\/wp-json\/wp\/v2\/media?parent=192616"}],"wp:term":[{"taxonomy":"product_brand","embeddable":true,"href":"https:\/\/zoca.es\/it\/wp-json\/wp\/v2\/product_brand?post=192616"},{"taxonomy":"product_cat","embeddable":true,"href":"https:\/\/zoca.es\/it\/wp-json\/wp\/v2\/product_cat?post=192616"},{"taxonomy":"product_tag","embeddable":true,"href":"https:\/\/zoca.es\/it\/wp-json\/wp\/v2\/product_tag?post=192616"}],"curies":[{"name":"wp","href":"https:\/\/api.w.org\/{rel}","templated":true}]}}