{"id":174622,"date":"2023-05-24T15:08:33","date_gmt":"2023-05-24T14:08:33","guid":{"rendered":"https:\/\/zoca.es\/producto\/stampante-finanziaria-wincor-nixdorf-nd-77-ricondizionato-it-1406\/"},"modified":"2026-02-25T10:45:22","modified_gmt":"2026-02-25T09:45:22","slug":"stampante-finanziaria-wincor-nixdorf-nd-77-ricondizionato-it-1406","status":"publish","type":"product","link":"https:\/\/zoca.es\/it\/producto\/stampante-finanziaria-wincor-nixdorf-nd-77-ricondizionato-it-1406\/","title":{"rendered":"Stampante finanziaria Wincor Nixdorf ND 77 | Ricondizionato"},"content":{"rendered":"<p><strong>Tecnologia:<\/strong><br \/>Matrice a 9 aghi<br \/><strong>Velocit\u00e0:<\/strong><br \/>Fino a 6 righe\/sec.<br \/><strong>Posizioni di stampa:<\/strong>&lt; br&gt;88<br \/><strong>Connettivit\u00e0:<\/strong><br \/>Porta seriale<br \/><strong>Dimensioni:<\/strong><br \/>215 x 251 x 280 mm<br \/><strong>Peso<\/strong><br \/>6 Kg.<br \/><b>Controlli di qualit\u00e0\/test di laboratorio:<\/b> <u>Ispezione fisica:<\/u> Ispezione, pulizia e verifica dei danni del telaio. <u>Connettivit\u00e0:<\/u> controllo di porte e connessioni (USB, Ethernet, ecc.). <u>Test di stampa:<\/u> Test di qualit\u00e0 e velocit\u00e0, controllo di allineamento e leggibilit\u00e0. <u>Gestione della carta:<\/u> Revisione del sistema di alimentazione e rilevamento degli inceppamenti. <u>Test di carico:<\/u> Test di affidabilit\u00e0 in uso continuo.<br \/>Ispezione interna: Verifica e pulizia dei componenti interni.<\/p>\n","protected":false},"excerpt":{"rendered":"<p>Tecnologia: matrice a 9 aghi. Velocit\u00e0: fino a 6 linee\/sec. Posizioni di stampa: 88. Connettivit\u00e0: Porta seriale<\/p>\n","protected":false},"featured_media":84773,"template":"","meta":[],"product_brand":[3524],"product_cat":[3900,3891],"product_tag":[],"class_list":{"0":"post-174622","1":"product","2":"type-product","3":"status-publish","4":"has-post-thumbnail","6":"product_brand-wincor-nixdorf","7":"product_cat-stampanti-pos-it","8":"product_cat-stampanti-it","10":"first","11":"instock","12":"taxable","13":"shipping-taxable","14":"purchasable","15":"product-type-simple"},"bundled_by":[],"bundle_stock_status":"instock","bundle_stock_quantity":5,"bundle_virtual":false,"bundle_layout":"","bundle_add_to_cart_form_location":"","bundle_editable_in_cart":false,"bundle_sold_individually_context":"","bundle_item_grouping":"","bundle_min_size":"","bundle_max_size":"","bundle_price":[],"bundled_items":[],"bundle_sell_ids":[],"exclude_global_add_ons":[],"addons":[],"df_price":143.99,"df_sale_price":"","df_regular_price":143.99,"df_image_link":"https:\/\/zoca.es\/wp-content\/uploads\/images\/product\/1406\/winc00002_01-300x225.jpg","_links":{"self":[{"href":"https:\/\/zoca.es\/it\/wp-json\/wp\/v2\/product\/174622","targetHints":{"allow":["GET"]}}],"collection":[{"href":"https:\/\/zoca.es\/it\/wp-json\/wp\/v2\/product"}],"about":[{"href":"https:\/\/zoca.es\/it\/wp-json\/wp\/v2\/types\/product"}],"wp:featuredmedia":[{"embeddable":true,"href":"https:\/\/zoca.es\/it\/wp-json\/wp\/v2\/media\/84773"}],"wp:attachment":[{"href":"https:\/\/zoca.es\/it\/wp-json\/wp\/v2\/media?parent=174622"}],"wp:term":[{"taxonomy":"product_brand","embeddable":true,"href":"https:\/\/zoca.es\/it\/wp-json\/wp\/v2\/product_brand?post=174622"},{"taxonomy":"product_cat","embeddable":true,"href":"https:\/\/zoca.es\/it\/wp-json\/wp\/v2\/product_cat?post=174622"},{"taxonomy":"product_tag","embeddable":true,"href":"https:\/\/zoca.es\/it\/wp-json\/wp\/v2\/product_tag?post=174622"}],"curies":[{"name":"wp","href":"https:\/\/api.w.org\/{rel}","templated":true}]}}