{"id":174387,"date":"2025-12-16T09:14:39","date_gmt":"2025-12-16T08:14:39","guid":{"rendered":"https:\/\/zoca.es\/producto\/benq-gl2450-t-24-led-169-ricondizionato-1920x1080-it-14547\/"},"modified":"2026-02-25T10:43:42","modified_gmt":"2026-02-25T09:43:42","slug":"benq-gl2450-t-24-led-169-ricondizionato-1920x1080-it-14547","status":"publish","type":"product","link":"https:\/\/zoca.es\/it\/producto\/benq-gl2450-t-24-led-169-ricondizionato-1920x1080-it-14547\/","title":{"rendered":"Benq GL2450-T 24&#8221; Led 16:9 | Ricondizionato | 1920&#215;1080"},"content":{"rendered":"<p><strong>Schermo<\/strong><br \/>Led 24 &#8221; FullHD 16:9 \u00b7 Risoluzione 1920&#215;1080<br \/>Punto passo 0.28 mm<br \/>Risposta 5 ms<br \/>Contrasto 1000:1<br \/>Luminosit\u00e0 250 cd\/m2<br \/>Angolo visione 160\u00b0v\/170\u00b0h<br \/><strong>Porte video<\/strong><br \/>VGA<br \/>DVI<br \/><strong>Schermo specifico<\/strong><br \/>Supporto VESA<br \/>Peana<br \/><strong>Altri<\/strong><br \/>Imballaggio hR<br \/><strong>Dimensioni<\/strong><br \/>58x45x18 cm.<br \/><strong>Peso<\/strong><br \/>3.80 Kg.<br \/><strong>Specifiche aggiuntive<\/strong><br \/>Il BenQ GL2450-T \u00e8 un monitor da 24 pollici pensato per chi cerca uno schermo solido, chiaro e senza fronzoli per l\u2019uso quotidiano. Il suo approccio pratico lo rende un\u2019opzione molto equilibrata per uffici, postazioni di lavoro fisse o ambienti in cui \u00e8 necessaria una visualizzazione affidabile durante lunghe giornate di lavoro.Questo monitor LED da 24\u201d offre una risoluzione Full HD 1920&#215;1080 in formato 16:9, garantendo un\u2019immagine nitida e ben definita per attivit\u00e0 di produttivit\u00e0, gestione dei contenuti o navigazione intensiva. Il dot pitch di 0,28 mm favorisce una lettura confortevole, mentre il tempo di risposta di 5 ms assicura un\u2019esperienza fluida nell\u2019uso quotidiano. Con una luminosit\u00e0 di 250 cd\/m\u00b2 e un contrasto di 1000:1, mantiene un buon equilibrio tra luce e dettaglio, e gli angoli di visione di 160\u00b0 in verticale e 170\u00b0 in orizzontale garantiscono una corretta visualizzazione da diverse posizioni. Dispone di connessioni VGA e DVI, facilitando la compatibilit\u00e0 con un\u2019ampia gamma di dispositivi.Il BenQ GL2450-T si distingue per stabilit\u00e0, semplicit\u00e0 ed efficienza, offrendo un\u2019esperienza visiva costante senza complicazioni. \u00c8 un monitor Full HD da 24 pollici che offre produttivit\u00e0, durata e un eccellente rapporto qualit\u00e0-prezzo, ideale per chi apprezza prestazioni costanti e una soluzione affidabile per il lavoro quotidiano.Buon aspetto esterno. Pu\u00f2 presentare lievi segni di utilizzo sulla scocca. Se hai qualche dubbio, chiamaci o utilizza la nostra chat per ottenere maggiori informazioni o richiedere ulteriori dettagli.<br \/><strong>Commenti<\/strong><br \/><u>Cavo di alimentazione e VGA inclusi<\/u><\/p>\n","protected":false},"excerpt":{"rendered":"<p>Led 24 &#8221; FullHD 16:9 \u00b7 Risoluzione 1920&#215;1080 \u00b7 Punto passo 0.28 mm \u00b7 Risposta 5 ms \u00b7 Contrasto 1000:1 \u00b7 Luminosit\u00e0 250 cd\/m2 \u00b7 VGA \u00b7 DVI \u00b7<br \/>\n<u>Cavo di alimentazione e VGA inclusi<br \/>\n<\/u><\/p>\n","protected":false},"featured_media":153021,"template":"","meta":[],"product_brand":[3475],"product_cat":[3851,3944],"product_tag":[],"class_list":{"0":"post-174387","1":"product","2":"type-product","3":"status-publish","4":"has-post-thumbnail","6":"product_brand-benq","7":"product_cat-monitor-it","8":"product_cat-monitor-monitors-it","10":"first","11":"instock","12":"taxable","13":"shipping-taxable","14":"purchasable","15":"product-type-simple"},"bundled_by":[],"bundle_stock_status":"instock","bundle_stock_quantity":1,"bundle_virtual":false,"bundle_layout":"","bundle_add_to_cart_form_location":"","bundle_editable_in_cart":false,"bundle_sold_individually_context":"","bundle_item_grouping":"","bundle_min_size":"","bundle_max_size":"","bundle_price":[],"bundled_items":[],"bundle_sell_ids":[],"exclude_global_add_ons":true,"addons":{"webcam-upgrades":{"name":"Estensione Webcam","type":"multiple_choice","position":0,"required":false,"title_format":"heading","default":"","description_enable":false,"description":"","placeholder_enable":false,"placeholder":"","display":"radiobutton","restrictions_type":"any_text","adjust_price":false,"price":"","price_type":"quantity_based","restrictions":false,"min":"0","max":"0","options":[{"label":"Conceptronic AMDIS FullHD [AMP00085]","price":"29.0000","price_type":"quantity_based","image":0,"visibility":true}]},"hdmi-upgrades":{"name":"Estensione cavo","type":"multiple_choice","position":0,"required":false,"title_format":"heading","default":"","description_enable":false,"description":"","placeholder_enable":false,"placeholder":"","display":"radiobutton","restrictions_type":"any_text","adjust_price":false,"price":"","price_type":"quantity_based","restrictions":false,"min":"0","max":"0","options":[{"label":"Dual Link DVI-D M\/M Cable 1,8 mts. [AMP00102]","price":"2.0000","price_type":"quantity_based","image":0,"visibility":true}]}},"df_price":147.14,"df_sale_price":"","df_regular_price":147.14,"df_image_link":"https:\/\/zoca.es\/wp-content\/uploads\/images\/product\/14547\/benq00013_01-300x225.jpg","_links":{"self":[{"href":"https:\/\/zoca.es\/it\/wp-json\/wp\/v2\/product\/174387","targetHints":{"allow":["GET"]}}],"collection":[{"href":"https:\/\/zoca.es\/it\/wp-json\/wp\/v2\/product"}],"about":[{"href":"https:\/\/zoca.es\/it\/wp-json\/wp\/v2\/types\/product"}],"wp:featuredmedia":[{"embeddable":true,"href":"https:\/\/zoca.es\/it\/wp-json\/wp\/v2\/media\/153021"}],"wp:attachment":[{"href":"https:\/\/zoca.es\/it\/wp-json\/wp\/v2\/media?parent=174387"}],"wp:term":[{"taxonomy":"product_brand","embeddable":true,"href":"https:\/\/zoca.es\/it\/wp-json\/wp\/v2\/product_brand?post=174387"},{"taxonomy":"product_cat","embeddable":true,"href":"https:\/\/zoca.es\/it\/wp-json\/wp\/v2\/product_cat?post=174387"},{"taxonomy":"product_tag","embeddable":true,"href":"https:\/\/zoca.es\/it\/wp-json\/wp\/v2\/product_tag?post=174387"}],"curies":[{"name":"wp","href":"https:\/\/api.w.org\/{rel}","templated":true}]}}