{"id":174094,"date":"2025-12-12T13:19:32","date_gmt":"2025-12-12T12:19:32","guid":{"rendered":"https:\/\/zoca.es\/producto\/dell-e228wfp-22-lcd-169-ricondizionato-1680x1050-it-14525\/"},"modified":"2026-02-25T10:42:26","modified_gmt":"2026-02-25T09:42:26","slug":"dell-e228wfp-22-lcd-169-ricondizionato-1680x1050-it-14525","status":"publish","type":"product","link":"https:\/\/zoca.es\/it\/producto\/dell-e228wfp-22-lcd-169-ricondizionato-1680x1050-it-14525\/","title":{"rendered":"Dell E228WFP 22&#8221; LCD 16:9 | Ricondizionato | 1680&#215;1050"},"content":{"rendered":"<p><strong>Schermo<\/strong><br \/>LCD 22 &#8221; HD 16:9 \u00b7 Risoluzione 1680&#215;1050<br \/>Punto passo 0.282 mm<br \/>Risposta 5 ms<br \/>Contrasto 800:1<br \/>Luminosit\u00e0 300 cd\/m2<br \/>Angolo visione 60\u00b0v\/60\u00b0h<br \/><strong>Porte video<\/strong><br \/>VGA<br \/>DVI<br \/><strong>Schermo specifico<\/strong><br \/>Supporto VESA<br \/>Peana<br \/><strong>Altri<\/strong><br \/>Imballaggio hR<br \/><strong>Dimensioni<\/strong><br \/>51x41x17 cm.<br \/><strong>Peso<\/strong><br \/>6.60 Kg.<br \/><strong>Specifiche aggiuntive<\/strong><br \/>Il Dell E228WFP \u00e8 un monitor pensato per chi cerca una soluzione pratica e funzionale che si integri senza problemi in qualsiasi ambiente di lavoro o studio. Con le sue 22 pollici e il formato 16:9, questo monitor offre un\u2019esperienza visiva comoda e stabile, ideale per uffici, aule, postazioni domestiche o qualsiasi spazio in cui efficienza e prestazioni quotidiane siano prioritarie.Il suo pannello LCD da 22\u2019\u2019 con risoluzione HD di 1680&#215;1050 offre un\u2019immagine chiara e ben proporzionata, con un dot pitch di 0,282 mm che mantiene una visualizzazione equilibrata su documenti, fogli di calcolo e navigazione web. Con un contrasto di 800:1 e una luminosit\u00e0 di 300\u202fcd\/m\u00b2, lo schermo offre sufficiente luminosit\u00e0 per ambienti con luce ambientale pi\u00f9 intensa, garantendo chiarezza e concentrazione in ogni attivit\u00e0. Il tempo di risposta di 5\u202fms assicura transizioni senza distrazioni e un\u2019esperienza fluida nelle attivit\u00e0 quotidiane. Sebbene gli angoli di visione di 60\u00b0\/60\u00b0 siano pi\u00f9 contenuti, il monitor \u00e8 progettato per un uso frontale continuativo ed efficiente. La connettivit\u00e0 VGA e DVI, insieme ai cavi inclusi, garantisce compatibilit\u00e0 immediata con un\u2019ampia variet\u00e0 di dispositivi.Il Dell E228WFP rappresenta un\u2019opzione solida per chi cerca un monitor funzionale, affidabile e senza fronzoli, ideale per aumentare la produttivit\u00e0 senza complicazioni. Il suo design semplice e l\u2019approccio pratico lo rendono perfetto per ambienti in cui la chiarezza visiva e l\u2019efficienza vengono prima di tutto.Buon aspetto esteriore. Se hai domande, chiamaci o utilizza la nostra chat per ottenere maggiori informazioni o richiedere ulteriori dettagli.<br \/><strong>Commenti<\/strong><br \/><u>Cavo di alimentazione e VGA inclusi<\/u><\/p>\n","protected":false},"excerpt":{"rendered":"<p>LCD 22 &#8221; HD 16:9 \u00b7 Risoluzione 1680&#215;1050 \u00b7 Punto passo 0.282 mm \u00b7 Risposta 5 ms \u00b7 Contrasto 800:1 \u00b7 Luminosit\u00e0 300 cd\/m2 \u00b7 VGA \u00b7 DVI \u00b7<br \/>\n<u>Cavo di alimentazione e VGA inclusi<br \/>\n<\/u><\/p>\n","protected":false},"featured_media":152583,"template":"","meta":[],"product_brand":[3445],"product_cat":[3851,3944],"product_tag":[],"class_list":{"0":"post-174094","1":"product","2":"type-product","3":"status-publish","4":"has-post-thumbnail","6":"product_brand-dell","7":"product_cat-monitor-it","8":"product_cat-monitor-monitors-it","10":"first","11":"instock","12":"taxable","13":"shipping-taxable","14":"purchasable","15":"product-type-simple"},"bundled_by":[],"bundle_stock_status":"instock","bundle_stock_quantity":2,"bundle_virtual":false,"bundle_layout":"","bundle_add_to_cart_form_location":"","bundle_editable_in_cart":false,"bundle_sold_individually_context":"","bundle_item_grouping":"","bundle_min_size":"","bundle_max_size":"","bundle_price":[],"bundled_items":[],"bundle_sell_ids":[],"exclude_global_add_ons":true,"addons":{"webcam-upgrades":{"name":"Estensione Webcam","type":"multiple_choice","position":0,"required":false,"title_format":"heading","default":"","description_enable":false,"description":"","placeholder_enable":false,"placeholder":"","display":"radiobutton","restrictions_type":"any_text","adjust_price":false,"price":"","price_type":"quantity_based","restrictions":false,"min":"0","max":"0","options":[{"label":"Conceptronic AMDIS FullHD [AMP00085]","price":"29.0000","price_type":"quantity_based","image":0,"visibility":true}]},"hdmi-upgrades":{"name":"Estensione cavo","type":"multiple_choice","position":0,"required":false,"title_format":"heading","default":"","description_enable":false,"description":"","placeholder_enable":false,"placeholder":"","display":"radiobutton","restrictions_type":"any_text","adjust_price":false,"price":"","price_type":"quantity_based","restrictions":false,"min":"0","max":"0","options":[{"label":"Dual Link DVI-D M\/M Cable 1,8 mts. [AMP00102]","price":"2.0000","price_type":"quantity_based","image":0,"visibility":true}]}},"df_price":140.84,"df_sale_price":"","df_regular_price":140.84,"df_image_link":"https:\/\/zoca.es\/wp-content\/uploads\/images\/product\/14525\/dell01605_01-300x225.jpg","_links":{"self":[{"href":"https:\/\/zoca.es\/it\/wp-json\/wp\/v2\/product\/174094","targetHints":{"allow":["GET"]}}],"collection":[{"href":"https:\/\/zoca.es\/it\/wp-json\/wp\/v2\/product"}],"about":[{"href":"https:\/\/zoca.es\/it\/wp-json\/wp\/v2\/types\/product"}],"wp:featuredmedia":[{"embeddable":true,"href":"https:\/\/zoca.es\/it\/wp-json\/wp\/v2\/media\/152583"}],"wp:attachment":[{"href":"https:\/\/zoca.es\/it\/wp-json\/wp\/v2\/media?parent=174094"}],"wp:term":[{"taxonomy":"product_brand","embeddable":true,"href":"https:\/\/zoca.es\/it\/wp-json\/wp\/v2\/product_brand?post=174094"},{"taxonomy":"product_cat","embeddable":true,"href":"https:\/\/zoca.es\/it\/wp-json\/wp\/v2\/product_cat?post=174094"},{"taxonomy":"product_tag","embeddable":true,"href":"https:\/\/zoca.es\/it\/wp-json\/wp\/v2\/product_tag?post=174094"}],"curies":[{"name":"wp","href":"https:\/\/api.w.org\/{rel}","templated":true}]}}