{"id":173901,"date":"2025-12-11T17:05:21","date_gmt":"2025-12-11T16:05:21","guid":{"rendered":"https:\/\/zoca.es\/producto\/lenovo-x13-yoga-gen-2-133-ricondizionato-core-i5-26ghz-16-gb-ram-256-gb-ssd-m2-1920x1200-it-14191\/"},"modified":"2026-03-30T10:37:49","modified_gmt":"2026-03-30T09:37:49","slug":"lenovo-x13-yoga-gen-2-133-ricondizionato-core-i5-26ghz-16-gb-ram-256-gb-ssd-m2-1920x1200-it-14191","status":"publish","type":"product","link":"https:\/\/zoca.es\/it\/producto\/lenovo-x13-yoga-gen-2-133-ricondizionato-core-i5-26ghz-16-gb-ram-256-gb-ssd-m2-1920x1200-it-14191\/","title":{"rendered":"Lenovo X13 Yoga Gen 2 13.3&#8221; | Ricondizionato | Core i5 2.6GHz | 16 GB RAM | 256 GB SSD M2 1920&#215;1200"},"content":{"rendered":"<p><strong>Processore<\/strong><br \/>Intel Core i5 1145G7 2.6 GHz.<br \/><strong>Memoria RAM<\/strong><br \/>16 Gb. SO-DDR4 RAM<br \/><strong>Disco duro<\/strong><br \/>256 Gb. SSD M2<br \/><strong>Carte<\/strong><br \/>Grafica: Intel Iris Xe Graphics<br \/>Suono: Realtek HDA<br \/>Rete: &#8211;<br \/><strong>Sistema operativo<\/strong><br \/>Windows 11 Pro<br \/><strong>Porte<\/strong><br \/>Thunderbolt<br \/>2x USB 3.0<br \/>USB-C<br \/><strong>Schermo<\/strong><br \/>Tattile 13.3 &#8221; FullHD 16:9 \u00b7 Risoluzione 1920&#215;1200<br \/><strong>Porte video<\/strong><br \/>HDMI<br \/><strong>Multimedia<\/strong><br \/>Webcam<br \/>Lettore DNI<br \/><strong>Connettivit\u00e0<\/strong><br \/>WIFI<br \/>Bluetooth<br \/><strong>Specifico portatile<\/strong><br \/>Lingua tastiera Internazionale (adesivi spagnoli)<br \/><strong>Altri<\/strong><br \/>Imballaggio hR<br \/><strong>Dimensioni<\/strong><br \/>31x18x2 cm.<br \/><strong>Peso<\/strong><br \/>1.27 Kg.<br \/><strong>Specifiche aggiuntive<\/strong><br \/>Il Lenovo ThinkPad X13 Yoga Gen 2 \u00e8 un convertibile premium progettato per professionisti che necessitano di versatilit\u00e0, mobilit\u00e0 e prestazioni solide in un dispositivo compatto. Il processore Intel Core i5-1145G7 a 2.6 GHz offre potenza pi\u00f9 che sufficiente per multitasking impegnativo, applicazioni aziendali, videoconferenze e lavoro nel cloud, mentre i suoi 16 GB di RAM DDR4 garantiscono fluidit\u00e0 anche negli scenari di utilizzo pi\u00f9 intensivi. L\u2019SSD M.2 da 256 GB assicura un accesso rapido ai dati e tempi di avvio molto ridotti con Windows 11 Pro.Il display touchscreen da 13.3&#8221; FullHD (1920&#215;1200) in formato 16:10 non solo offre un\u2019ottima qualit\u00e0 dell\u2019immagine, ma consente anche un utilizzo flessibile grazie alla cerniera a 360\u00b0, ideale per lavorare in modalit\u00e0 notebook, tablet o presentazione. La webcam integrata, il lettore DNI e la penna digitale inclusa completano un set pensato per massimizzare la produttivit\u00e0 in qualsiasi ambiente. La robustezza ThinkPad, la sicurezza avanzata e il design leggero rendono questo X13 Yoga Gen 2 lo strumento perfetto per professionisti dinamici che necessitano di un dispositivo affidabile, versatile e moderno.Buon aspetto esterno. Guarda \u201c+ Foto\u201d e \u201cVideo\u201d, e se hai qualche dubbio chiamaci o usa la nostra chat per maggiori informazioni o per richiedere ulteriori dettagli.<br \/><strong>Commenti<\/strong><br \/><u>Include matita<\/u><\/p>\n","protected":false},"excerpt":{"rendered":"<p>Intel Core i5 1145G7 2.6 GHz. \u00b7 16 Gb. SO-DDR4 RAM \u00b7 256 Gb. SSD M2 \u00b7 <strong>Windows 11 Pro \u00b7 Tattile 13.3 &#8221; FullHD<\/strong> 16:9 \u00b7 Webcam \u00b7<br \/>\n<u>Include matita \u00b7Tastiera internazionale<\/u><\/p>\n","protected":false},"featured_media":152411,"template":"","meta":[],"product_brand":[3452],"product_cat":[3856,3942,3869,3939,3859],"product_tag":[],"class_list":{"0":"post-173901","1":"product","2":"type-product","3":"status-publish","4":"has-post-thumbnail","6":"product_brand-lenovo","7":"product_cat-portatili-it","8":"product_cat-portatili-portatili-it","9":"product_cat-tablets-it","10":"product_cat-tablets-tablets-it","11":"product_cat-portatili-tattili-it","13":"first","14":"instock","15":"taxable","16":"shipping-taxable","17":"purchasable","18":"product-type-simple"},"bundled_by":[],"bundle_stock_status":"instock","bundle_stock_quantity":3,"bundle_virtual":false,"bundle_layout":"","bundle_add_to_cart_form_location":"","bundle_editable_in_cart":false,"bundle_sold_individually_context":"","bundle_item_grouping":"","bundle_min_size":"","bundle_max_size":"","bundle_price":[],"bundled_items":[],"bundle_sell_ids":[],"exclude_global_add_ons":true,"addons":{"keyboard-iso-upgrades":{"name":"Seleziona lingua della tastiera","type":"multiple_choice","position":0,"required":false,"title_format":"heading","default":"","description_enable":false,"description":"","placeholder_enable":false,"placeholder":"","display":"radiobutton","restrictions_type":"any_text","adjust_price":false,"price":"","price_type":"quantity_based","restrictions":false,"min":"0","max":"0","options":[{"label":"Spanish Stickers [AMP00082]","price":"0.0000","price_type":"quantity_based","image":0,"visibility":true},{"label":"French Stickers [AMP00084]","price":"0.0000","price_type":"quantity_based","image":0,"visibility":true},{"label":"Portuguese Stickers [AMP00083]","price":"0.0000","price_type":"quantity_based","image":0,"visibility":true}]},"hdd-upgrades":{"name":"Estensione HDD","type":"multiple_choice","position":0,"required":false,"title_format":"heading","default":"","description_enable":false,"description":"","placeholder_enable":false,"placeholder":"","display":"radiobutton","restrictions_type":"any_text","adjust_price":false,"price":"","price_type":"quantity_based","restrictions":false,"min":"0","max":"0","options":[{"label":"SSD 500 Gb. M.2 2280 PCIe Upgrade [AMP00106]","price":"110.0000","price_type":"quantity_based","image":0,"visibility":true},{"label":"SSD 1 Tb. M.2 2280 PCIe Upgrade [AMP00107]","price":"165.0000","price_type":"quantity_based","image":0,"visibility":true},{"label":"SSD 2 Tb. M.2 2280 PCIe Upgrade [AMP00171]","price":"260.0000","price_type":"quantity_based","image":0,"visibility":true}]},"os-upgrades":{"name":"Estensione SO","type":"multiple_choice","position":0,"required":false,"title_format":"heading","default":"","description_enable":false,"description":"","placeholder_enable":false,"placeholder":"","display":"radiobutton","restrictions_type":"any_text","adjust_price":false,"price":"","price_type":"quantity_based","restrictions":false,"min":"0","max":"0","options":[{"label":"Change language to French [AMP00125]","price":"0.0000","price_type":"quantity_based","image":0,"visibility":true},{"label":"Change language to English [AMP00008]","price":"0.0000","price_type":"quantity_based","image":0,"visibility":true},{"label":"Change language to Portuguese [AMP00009]","price":"0.0000","price_type":"quantity_based","image":0,"visibility":true}]},"briefcase-upgrades":{"name":"Valigetta","type":"multiple_choice","position":0,"required":false,"title_format":"heading","default":"","description_enable":false,"description":"","placeholder_enable":false,"placeholder":"","display":"radiobutton","restrictions_type":"any_text","adjust_price":false,"price":"","price_type":"quantity_based","restrictions":false,"min":"0","max":"0","options":[{"label":"Laptop Briefcase [AMP00041]","price":"5.0000","price_type":"quantity_based","image":0,"visibility":true}]}},"df_price":648.92,"df_sale_price":"","df_regular_price":648.92,"df_image_link":"https:\/\/zoca.es\/wp-content\/uploads\/images\/product\/14191\/leno01069_01-300x225.jpg","_links":{"self":[{"href":"https:\/\/zoca.es\/it\/wp-json\/wp\/v2\/product\/173901","targetHints":{"allow":["GET"]}}],"collection":[{"href":"https:\/\/zoca.es\/it\/wp-json\/wp\/v2\/product"}],"about":[{"href":"https:\/\/zoca.es\/it\/wp-json\/wp\/v2\/types\/product"}],"wp:featuredmedia":[{"embeddable":true,"href":"https:\/\/zoca.es\/it\/wp-json\/wp\/v2\/media\/152411"}],"wp:attachment":[{"href":"https:\/\/zoca.es\/it\/wp-json\/wp\/v2\/media?parent=173901"}],"wp:term":[{"taxonomy":"product_brand","embeddable":true,"href":"https:\/\/zoca.es\/it\/wp-json\/wp\/v2\/product_brand?post=173901"},{"taxonomy":"product_cat","embeddable":true,"href":"https:\/\/zoca.es\/it\/wp-json\/wp\/v2\/product_cat?post=173901"},{"taxonomy":"product_tag","embeddable":true,"href":"https:\/\/zoca.es\/it\/wp-json\/wp\/v2\/product_tag?post=173901"}],"curies":[{"name":"wp","href":"https:\/\/api.w.org\/{rel}","templated":true}]}}