{"id":173801,"date":"2024-12-09T15:33:23","date_gmt":"2024-12-09T14:33:23","guid":{"rendered":"https:\/\/zoca.es\/producto\/dell-poweredge-r820-2u-rack-ricondizionato-xeon-octa-core-22ghz-192-gb-ram-300-gb-sas-it-13093\/"},"modified":"2026-02-25T09:57:09","modified_gmt":"2026-02-25T08:57:09","slug":"dell-poweredge-r820-2u-rack-ricondizionato-xeon-octa-core-22ghz-192-gb-ram-300-gb-sas-it-13093","status":"publish","type":"product","link":"https:\/\/zoca.es\/it\/producto\/dell-poweredge-r820-2u-rack-ricondizionato-xeon-octa-core-22ghz-192-gb-ram-300-gb-sas-it-13093\/","title":{"rendered":"Dell PowerEdge R820 2U Rack | Ricondizionato | Xeon Octa Core 2.2GHz | 192 GB RAM | 300 GB SAS"},"content":{"rendered":"<p><strong>Processore<\/strong><br \/>2x Intel Xeon Octa Core E5-4620 2.2 GHz.<br \/><strong>Formato<\/strong><br \/>Rack  (2U)<br \/><strong>Memoria RAM<\/strong><br \/>192 Gb. DDR3 ECC RAM<br \/>48 baies (36 vuoti )<br \/><strong>Disco duro<\/strong><br \/>7x 300 Gb. SAS 2.5&#8221; 10000rpm<br \/>16 baies (10 vuoti )<br \/><strong>Carte<\/strong><br \/>Grafica: G200EW WPCM450<br \/>Rete: BROADCOM BCM5709 GIGABIT<br \/><strong>Sistema operativo<\/strong><br \/>&#8211; Nessun sistema operativo &#8211;<br \/><strong>Porte<\/strong><br \/>Serie<br \/>4x USB 2.0<br \/><strong>Connettivit\u00e0<\/strong><br \/>6x RJ-45<br \/><strong>Alimentazione<\/strong><br \/>2x Alimentatori (Hotplug)<br \/><strong>Altri<\/strong><br \/>Imballaggio hR<br \/><strong>Dimensioni<\/strong><br \/>76.5&#215;48.5&#215;8.5 cm.<br \/><strong>Peso<\/strong><br \/>23.50 Kg.<br \/><strong>Specifiche aggiuntive<\/strong><br \/>Dell PowerEdge R820 \u00e8 un server ad alte prestazioni progettato per gestire carichi di lavoro intensivi e ambienti aziendali critici. Con quattro processori Intel Xeon E5-4620 a otto core e 192 GB di memoria DDR3 ECC, offre una potenza eccezionale per virtualizzazione, database e applicazioni aziendali complesse. La sua capacit\u00e0 di archiviazione comprende unit\u00e0 SAS da 2,5&#8243; a 10.000 giri\/min, che combinano velocit\u00e0 e affidabilit\u00e0, con ampie opzioni di espansione grazie ai suoi 48 alloggiamenti, di cui 36 disponibili.<br \/>Il server incorpora il potente controller RAID PERC H710, che fornisce una gestione avanzata dei dati e opzioni di protezione, ottimizzando le prestazioni e garantendo la continuit\u00e0 operativa. Con pi\u00f9 slot di espansione PCIe x16 e x8, offre flessibilit\u00e0 per soddisfare le future esigenze hardware Progettato per scalabilit\u00e0, affidabilit\u00e0 e prestazioni eccellenti, Dell PowerEdge R820 \u00e8 la soluzione perfetta per le aziende che desiderano massimizzare la propria capacit\u00e0 operativa in modo robusto ed efficiente ambiente infrastrutturale.<\/p>\n<p><strong>Commenti<\/strong><br \/><u>Controller raid PERC H710 &#8211; 2xPCIe X16 \/ 5xPCIe X8<\/u><\/p>\n","protected":false},"excerpt":{"rendered":"<p>2x Intel Xeon Octa Core E5-4620 2.2 GHz. \u00b7 192 Gb. DDR3 ECC RAM \u00b7 48 baies (36 vuoti ) \u00b7 7x 300 Gb. SAS 2.5&#8221; 10000rpm \u00b7 16 baies (10 vuoti ) \u00b7 <u>Controller raid PERC H710 &#8211; 2xPCIe X16 \/ 5xPCIe X8<\/u><\/p>\n","protected":false},"featured_media":121878,"template":"","meta":[],"product_brand":[3445],"product_cat":[3884,3882],"product_tag":[],"class_list":{"0":"post-173801","1":"product","2":"type-product","3":"status-publish","4":"has-post-thumbnail","6":"product_brand-dell","7":"product_cat-server-rack-it","8":"product_cat-server-it","10":"first","11":"instock","12":"taxable","13":"shipping-taxable","14":"purchasable","15":"product-type-simple"},"bundled_by":[],"bundle_stock_status":"instock","bundle_stock_quantity":1,"bundle_virtual":false,"bundle_layout":"","bundle_add_to_cart_form_location":"","bundle_editable_in_cart":false,"bundle_sold_individually_context":"","bundle_item_grouping":"","bundle_min_size":"","bundle_max_size":"","bundle_price":[],"bundled_items":[],"bundle_sell_ids":[],"exclude_global_add_ons":true,"addons":{"hdd-upgrades":{"name":"Estensione HDD","type":"multiple_choice","position":0,"required":false,"title_format":"heading","default":"","description_enable":false,"description":"","placeholder_enable":false,"placeholder":"","display":"radiobutton","restrictions_type":"any_text","adjust_price":false,"price":"","price_type":"quantity_based","restrictions":false,"min":"0","max":"0","options":[{"label":"2x SSD 240 Gb. [AMP00058]","price":"100.0000","price_type":"quantity_based","image":0,"visibility":true},{"label":"2x SSD 480 Gb. [AMP00059]","price":"200.0000","price_type":"quantity_based","image":0,"visibility":true}]}},"df_price":1608.45,"df_sale_price":"","df_regular_price":1608.45,"df_image_link":"https:\/\/zoca.es\/wp-content\/uploads\/images\/product\/13093\/dell01392_01-300x225.jpg","_links":{"self":[{"href":"https:\/\/zoca.es\/it\/wp-json\/wp\/v2\/product\/173801","targetHints":{"allow":["GET"]}}],"collection":[{"href":"https:\/\/zoca.es\/it\/wp-json\/wp\/v2\/product"}],"about":[{"href":"https:\/\/zoca.es\/it\/wp-json\/wp\/v2\/types\/product"}],"wp:featuredmedia":[{"embeddable":true,"href":"https:\/\/zoca.es\/it\/wp-json\/wp\/v2\/media\/121878"}],"wp:attachment":[{"href":"https:\/\/zoca.es\/it\/wp-json\/wp\/v2\/media?parent=173801"}],"wp:term":[{"taxonomy":"product_brand","embeddable":true,"href":"https:\/\/zoca.es\/it\/wp-json\/wp\/v2\/product_brand?post=173801"},{"taxonomy":"product_cat","embeddable":true,"href":"https:\/\/zoca.es\/it\/wp-json\/wp\/v2\/product_cat?post=173801"},{"taxonomy":"product_tag","embeddable":true,"href":"https:\/\/zoca.es\/it\/wp-json\/wp\/v2\/product_tag?post=173801"}],"curies":[{"name":"wp","href":"https:\/\/api.w.org\/{rel}","templated":true}]}}