{"id":173437,"date":"2025-07-03T12:42:31","date_gmt":"2025-07-03T11:42:31","guid":{"rendered":"https:\/\/zoca.es\/producto\/fujitsu-p27-8-ts-pro-27-ips-1610-ricondizionato-2560x1440-it-13821\/"},"modified":"2026-03-10T16:10:19","modified_gmt":"2026-03-10T15:10:19","slug":"fujitsu-p27-8-ts-pro-27-ips-1610-ricondizionato-2560x1440-it-13821","status":"publish","type":"product","link":"https:\/\/zoca.es\/it\/producto\/fujitsu-p27-8-ts-pro-27-ips-1610-ricondizionato-2560x1440-it-13821\/","title":{"rendered":"Fujitsu P27-8 TS Pro 27&#8221; IPS 16:10 | Ricondizionato | 2560&#215;1440"},"content":{"rendered":"<p><strong>Schermo<\/strong><br \/>IPS 27 &#8221; 2K con Altoparlanti \u00b7  16:10  \u00b7 Risoluzione 2560&#215;1440<br \/>Punto passo 0.155 mm<br \/>Risposta 5 ms<br \/>Contrasto 1000:1<br \/>Luminosit\u00e0 350 cd\/m2<br \/>Angolo visione 178\u00b0v\/178\u00b0h<br \/><strong>Porte video<\/strong><br \/>HDMI<br \/>2x Display Port<br \/>DVI<br \/><strong>Schermo specifico<\/strong><br \/>Supporto VESA<br \/>Peana<br \/>Regolabile in altezza<br \/><strong>Altri<\/strong><br \/>Imballaggio hR<br \/><strong>Dimensioni<\/strong><br \/>62x39x23 cm.<br \/><strong>Peso<\/strong><br \/>7.45 Kg.<br \/><strong>Specifiche aggiuntive<\/strong><br \/>Il Fujitsu P27-8 TS Pro \u00e8 un monitor IPS da 27 pollici con risoluzione 2K (2560&#215;1440) in formato 16:10, ideale per chi necessita di maggiore spazio di lavoro verticale e massima precisione visiva. Con un dot pitch di 0,155 mm e un&#8217;elevata luminosit\u00e0 di 350 cd\/m\u00b2, offre una nitidezza eccezionale e un&#8217;eccellente visibilit\u00e0 anche in ambienti luminosi. Il pannello IPS offre colori vividi e uniformi da qualsiasi angolazione grazie all&#8217;angolo di visione orizzontale e verticale di 178\u00b0, mentre il tempo di risposta di 5 ms e il rapporto di contrasto di 1000:1 garantiscono prestazioni fluide e bilanciate per attivit\u00e0 di produttivit\u00e0 intensive o editing di contenuti. \u00c8 dotato di connessioni professionali come HDMI, doppia DisplayPort, DVI e quattro porte USB 3.2 per una completa integrazione con periferiche e dispositivi moderni. \u00c8 inoltre dotato di altoparlanti integrati e viene fornito con un cavo di alimentazione e un cavo DisplayPort inclusi, pronto per l&#8217;uso immediato. Il Fujitsu P27-8 TS Pro \u00e8 la soluzione perfetta per ambienti aziendali, creativi o tecnici che richiedono alta risoluzione, connettivit\u00e0 avanzata e una qualit\u00e0 d&#8217;immagine superiore in un monitor robusto ed efficiente.<br \/>Eccellente aspetto esterno. Per qualsiasi domanda, non esitate a contattarci telefonicamente o tramite la nostra chat per ulteriori informazioni o per richiedere maggiori dettagli.<br \/><strong>Commenti<\/strong><br \/><u>Cavo di alimentazione e DisplayPort inclusi &#8211; 4xUSB 3.2<\/u><\/p>\n","protected":false},"excerpt":{"rendered":"<p><strong>IPS 27 &#8221; 2K <\/strong>con Altoparlanti \u00b7 16:10 \u00b7 Punto passo 0.155 mm \u00b7 Risposta 5 ms \u00b7 Contrasto 1000:1 \u00b7 Luminosit\u00e0 350 cd\/m2 \u00b7 HDMI \u00b7 2x Display Port \u00b7 DVI \u00b7<br \/>\n<u>Cavo di alimentazione e DisplayPort inclusi &#8211; 4xUSB 3.2<br \/>\n<\/u><\/p>\n","protected":false},"featured_media":138716,"template":"","meta":[],"product_brand":[3458],"product_cat":[3851,3944],"product_tag":[],"class_list":{"0":"post-173437","1":"product","2":"type-product","3":"status-publish","4":"has-post-thumbnail","6":"product_brand-fujitsu","7":"product_cat-monitor-it","8":"product_cat-monitor-monitors-it","10":"first","11":"instock","12":"taxable","13":"shipping-taxable","14":"purchasable","15":"product-type-simple"},"bundled_by":[],"bundle_stock_status":"instock","bundle_stock_quantity":24,"bundle_virtual":false,"bundle_layout":"","bundle_add_to_cart_form_location":"","bundle_editable_in_cart":false,"bundle_sold_individually_context":"","bundle_item_grouping":"","bundle_min_size":"","bundle_max_size":"","bundle_price":[],"bundled_items":[],"bundle_sell_ids":[],"exclude_global_add_ons":true,"addons":{"hdmi-upgrades":{"name":"Estensione cavo","type":"multiple_choice","position":0,"required":false,"title_format":"heading","default":"","description_enable":false,"description":"","placeholder_enable":false,"placeholder":"","display":"radiobutton","restrictions_type":"any_text","adjust_price":false,"price":"","price_type":"quantity_based","restrictions":false,"min":"0","max":"0","options":[{"label":"HDMI cable 2 mts. [AMP00104]","price":"6.0000","price_type":"quantity_based","image":0,"visibility":true},{"label":"Dual Link DVI-D M\/M Cable 1,8 mts. [AMP00102]","price":"2.0000","price_type":"quantity_based","image":0,"visibility":true}]}},"df_price":288.71,"df_sale_price":"","df_regular_price":288.71,"df_image_link":"https:\/\/zoca.es\/wp-content\/uploads\/images\/product\/13821\/fuji00266_01-300x225.jpg","_links":{"self":[{"href":"https:\/\/zoca.es\/it\/wp-json\/wp\/v2\/product\/173437","targetHints":{"allow":["GET"]}}],"collection":[{"href":"https:\/\/zoca.es\/it\/wp-json\/wp\/v2\/product"}],"about":[{"href":"https:\/\/zoca.es\/it\/wp-json\/wp\/v2\/types\/product"}],"wp:featuredmedia":[{"embeddable":true,"href":"https:\/\/zoca.es\/it\/wp-json\/wp\/v2\/media\/138716"}],"wp:attachment":[{"href":"https:\/\/zoca.es\/it\/wp-json\/wp\/v2\/media?parent=173437"}],"wp:term":[{"taxonomy":"product_brand","embeddable":true,"href":"https:\/\/zoca.es\/it\/wp-json\/wp\/v2\/product_brand?post=173437"},{"taxonomy":"product_cat","embeddable":true,"href":"https:\/\/zoca.es\/it\/wp-json\/wp\/v2\/product_cat?post=173437"},{"taxonomy":"product_tag","embeddable":true,"href":"https:\/\/zoca.es\/it\/wp-json\/wp\/v2\/product_tag?post=173437"}],"curies":[{"name":"wp","href":"https:\/\/api.w.org\/{rel}","templated":true}]}}