{"id":173298,"date":"2023-09-25T12:42:04","date_gmt":"2023-09-25T11:42:04","guid":{"rendered":"https:\/\/zoca.es\/producto\/lenovo-thinkvision-t23i-10-238-ips-169-ricondizionato-1920x1080-it-11267\/"},"modified":"2026-04-14T16:22:09","modified_gmt":"2026-04-14T15:22:09","slug":"lenovo-thinkvision-t23i-10-238-ips-169-ricondizionato-1920x1080-it-11267","status":"publish","type":"product","link":"https:\/\/zoca.es\/it\/producto\/lenovo-thinkvision-t23i-10-238-ips-169-ricondizionato-1920x1080-it-11267\/","title":{"rendered":"Lenovo ThinkVision T23i-10 23.8&#8221; IPS 16:9 | Ricondizionato | 1920&#215;1080"},"content":{"rendered":"<p><strong>Schermo<\/strong><br \/>IPS 23.8 &#8221; FullHD 16:9  \u00b7 Risoluzione 1920&#215;1080<br \/>Punto passo 0.265 mm<br \/>Risposta 4 ms<br \/>Contrasto 1000:1<br \/>Luminosit\u00e0 250 cd\/m2<br \/>Angolo visione 178\u00b0v\/178\u00b0h<br \/><strong>Porte video<\/strong><br \/>VGA<br \/>HDMI<br \/>Display Port<br \/><strong>Schermo specifico<\/strong><br \/>Supporto VESA<br \/>Peana<br \/>Regolabile in altezza<br \/><strong>Altri<\/strong><br \/>Imballaggio hR<br \/><strong>Dimensioni<\/strong><br \/>52x31x5 cm.<br \/><strong>Peso<\/strong><br \/>3.15 Kg.<br \/><strong>Specifiche aggiuntive<\/strong><br \/>Il Lenovo ThinkVision T23i-10 \u00e8 un monitor da 23,8 pollici pensato per i professionisti che cercano immagini nitide, colori precisi e un flusso di lavoro pi\u00f9 organizzato. Perfetto per uffici aziendali, ambienti tecnici o configurazioni multitasking, questo monitor combina qualit\u00e0 dell\u2019immagine e connettivit\u00e0 versatile, aumentando la produttivit\u00e0 senza complicazioni.<br \/>Il pannello IPS Full HD da 23,8\u201d con risoluzione 1920&#215;1080 e formato 16:9 offre un\u2019immagine ampia e dettagliata, con angoli di visione di 178\u00b0 sia in verticale che in orizzontale, garantendo colori uniformi da qualsiasi posizione. Il pixel pitch di 0,265 mm assicura testi ben definiti e grafica chiara, mentre il tempo di risposta di 4 ms garantisce un\u2019esperienza fluida nelle attivit\u00e0 quotidiane e nelle transizioni visive. Con un contrasto di 1000:1 e una luminosit\u00e0 di 250 cd\/m\u00b2, lo schermo offre una visione equilibrata e confortevole anche in ambienti ben illuminati. Le connessioni VGA, HDMI e DisplayPort coprono diverse esigenze di collegamento, mentre le quattro porte USB 3.0 integrate consentono di collegare le periferiche direttamente al monitor, aiutando a mantenere la scrivania ordinata.<br \/>Il Lenovo ThinkVision T23i-10 si distingue per il suo approccio pratico e completo: un display che non solo mostra i contenuti in modo eccellente, ma funge anche da hub di produttivit\u00e0. Una soluzione solida per chi desidera prestazioni visive, versatilit\u00e0 di connessioni e un flusso di lavoro pi\u00f9 efficiente fin dal primo giorno.<br \/>Buon aspetto esterno. Guarda \u201c+ Foto\u201d e, se hai domande, chiamaci o utilizza la nostra chat per ottenere maggiori informazioni o richiedere ulteriori dettagli.<br \/><strong>Commenti<\/strong><br \/><u>Cavo di alimentazione e VGA inclusi &#8211; 4xUSB 3.0<\/u><\/p>\n","protected":false},"excerpt":{"rendered":"<p>IPS 23.8 &#8221; FullHD 16:9 \u00b7 Punto passo 0.265 mm \u00b7 Risposta 4 ms \u00b7 Contrasto 1000:1 \u00b7 Luminosit\u00e0 250 cd\/m2 \u00b7 VGA \u00b7 HDMI \u00b7 Display Port \u00b7<br \/>\n<u>Cavo di alimentazione e VGA inclusi &#8211; 4xUSB 3.0<br \/>\n<\/u><\/p>\n","protected":false},"featured_media":89751,"template":"","meta":[],"product_brand":[3452],"product_cat":[3851,3944],"product_tag":[],"class_list":{"0":"post-173298","1":"product","2":"type-product","3":"status-publish","4":"has-post-thumbnail","6":"product_brand-lenovo","7":"product_cat-monitor-it","8":"product_cat-monitor-monitors-it","10":"first","11":"instock","12":"taxable","13":"shipping-taxable","14":"purchasable","15":"product-type-simple"},"bundled_by":[],"bundle_stock_status":"instock","bundle_stock_quantity":10,"bundle_virtual":false,"bundle_layout":"","bundle_add_to_cart_form_location":"","bundle_editable_in_cart":false,"bundle_sold_individually_context":"","bundle_item_grouping":"","bundle_min_size":"","bundle_max_size":"","bundle_price":[],"bundled_items":[],"bundle_sell_ids":[],"exclude_global_add_ons":true,"addons":{"webcam-upgrades":{"name":"Estensione Webcam","type":"multiple_choice","position":0,"required":false,"title_format":"heading","default":"","description_enable":false,"description":"","placeholder_enable":false,"placeholder":"","display":"radiobutton","restrictions_type":"any_text","adjust_price":false,"price":"","price_type":"quantity_based","restrictions":false,"min":"0","max":"0","options":[{"label":"Conceptronic AMDIS FullHD [AMP00085]","price":"29.0000","price_type":"quantity_based","image":0,"visibility":true}]},"hdmi-upgrades":{"name":"Estensione cavo","type":"multiple_choice","position":0,"required":false,"title_format":"heading","default":"","description_enable":false,"description":"","placeholder_enable":false,"placeholder":"","display":"radiobutton","restrictions_type":"any_text","adjust_price":false,"price":"","price_type":"quantity_based","restrictions":false,"min":"0","max":"0","options":[{"label":"DisplayPort to DisplayPort cable 1,8 mts. [AMP00103]","price":"8.0000","price_type":"quantity_based","image":0,"visibility":true},{"label":"HDMI cable 2 mts. [AMP00104]","price":"6.0000","price_type":"quantity_based","image":0,"visibility":true}]}},"df_price":166.01,"df_sale_price":"","df_regular_price":166.01,"df_image_link":"https:\/\/zoca.es\/wp-content\/uploads\/images\/product\/11267\/leno00799_01-300x225.jpg","_links":{"self":[{"href":"https:\/\/zoca.es\/it\/wp-json\/wp\/v2\/product\/173298","targetHints":{"allow":["GET"]}}],"collection":[{"href":"https:\/\/zoca.es\/it\/wp-json\/wp\/v2\/product"}],"about":[{"href":"https:\/\/zoca.es\/it\/wp-json\/wp\/v2\/types\/product"}],"wp:featuredmedia":[{"embeddable":true,"href":"https:\/\/zoca.es\/it\/wp-json\/wp\/v2\/media\/89751"}],"wp:attachment":[{"href":"https:\/\/zoca.es\/it\/wp-json\/wp\/v2\/media?parent=173298"}],"wp:term":[{"taxonomy":"product_brand","embeddable":true,"href":"https:\/\/zoca.es\/it\/wp-json\/wp\/v2\/product_brand?post=173298"},{"taxonomy":"product_cat","embeddable":true,"href":"https:\/\/zoca.es\/it\/wp-json\/wp\/v2\/product_cat?post=173298"},{"taxonomy":"product_tag","embeddable":true,"href":"https:\/\/zoca.es\/it\/wp-json\/wp\/v2\/product_tag?post=173298"}],"curies":[{"name":"wp","href":"https:\/\/api.w.org\/{rel}","templated":true}]}}