{"id":173105,"date":"2025-12-10T11:25:25","date_gmt":"2025-12-10T10:25:25","guid":{"rendered":"https:\/\/zoca.es\/producto\/hannspree-hl226hpb-22-lcd-169-ricondizionato-1920x1080-it-14543\/"},"modified":"2026-02-25T10:34:34","modified_gmt":"2026-02-25T09:34:34","slug":"hannspree-hl226hpb-22-lcd-169-ricondizionato-1920x1080-it-14543","status":"publish","type":"product","link":"https:\/\/zoca.es\/it\/producto\/hannspree-hl226hpb-22-lcd-169-ricondizionato-1920x1080-it-14543\/","title":{"rendered":"Hannspree HL226HPB 22&#8221; LCD 16:9 | Ricondizionato | 1920&#215;1080"},"content":{"rendered":"<p><strong>Schermo<\/strong><br \/>LCD 22 &#8221; FullHD con Altoparlanti \u00b7 16:9 \u00b7 Risoluzione 1920&#215;1080<br \/>Punto passo 0.248 mm<br \/>Risposta 5 ms<br \/>Contrasto 8000:1<br \/>Luminosit\u00e0 250 cd\/m2<br \/>Angolo visione 160\u00b0v\/160\u00b0h<br \/><strong>Porte video<\/strong><br \/>VGA<br \/>HDMI<br \/>DVI<br \/><strong>Schermo specifico<\/strong><br \/>Supporto VESA<br \/>Peana<br \/><strong>Altri<\/strong><br \/>Imballaggio hR<br \/><strong>Dimensioni<\/strong><br \/>51x41x20 cm.<br \/><strong>Peso<\/strong><br \/>3.60 Kg.<br \/><strong>Specifiche aggiuntive<\/strong><br \/>L\u2019Hannspree HL226HPB \u00e8 stato progettato per chi cerca un monitor completo, funzionale e versatile \u2014 ideale sia per ambienti d\u2019ufficio che per l\u2019intrattenimento multimediale senza complicazioni. Perfetto per gli utenti che desiderano integrare schermo e audio in un unico dispositivo, senza bisogno di altoparlanti esterni, garantendo al tempo stesso un\u2019esperienza visiva confortevole e fluida.Il suo pannello LCD FullHD da 22\u2019\u2019 con risoluzione 1920&#215;1080 e formato 16:9 offre immagini nitide e dettagliate, con un dot pitch di 0,248 mm che mantiene la chiarezza in testi, grafici e video. Il contrasto di 8000:1 permette neri pi\u00f9 profondi e colori pi\u00f9 ricchi di dettagli, mentre la luminosit\u00e0 di 250 cd\/m\u00b2 assicura una resa equilibrata in diverse condizioni di luce. Il tempo di risposta di 5 ms garantisce transizioni fluide e gli angoli di visione di 160\u00b0\/160\u00b0 mantengono una buona qualit\u00e0 visiva da varie posizioni. Inoltre, con connessioni VGA, HDMI e DVI, l\u2019HL226HPB offre compatibilit\u00e0 con un\u2019ampia gamma di dispositivi per un uso immediato. Gli altoparlanti integrati aggiungono un valore extra, rendendo questo monitor una soluzione completa senza accessori aggiuntivi.L\u2019Hannspree HL226HPB rappresenta una soluzione pratica ed elegante per chi desidera ottimizzare lo spazio senza rinunciare a qualit\u00e0 visiva e audio. La sua versatilit\u00e0 lo rende ideale sia per le giornate di lavoro che per godersi film o contenuti multimediali, combinando efficienza, comfort e un\u2019esperienza completa in un unico prodotto.Buono stato esterno. Se hai qualche dubbio chiamaci o usa la nostra chat per ottenere maggiori informazioni o richiedere ulteriori dettagli.<br \/><strong>Commenti<\/strong><br \/><u>Cavo di alimentazione e VGA inclusi<\/u><\/p>\n","protected":false},"excerpt":{"rendered":"<p>LCD 22 &#8221; FullHD con Altoparlanti \u00b7 16:9 \u00b7 Risoluzione 1920&#215;1080 \u00b7 Punto passo 0.248 mm \u00b7 Risposta 5 ms \u00b7 Contrasto 8000:1 \u00b7 Luminosit\u00e0 250 cd\/m2 \u00b7 VGA \u00b7 HDMI \u00b7 DVI \u00b7<br \/>\n<u>Cavo di alimentazione e VGA inclusi<br \/>\n<\/u><\/p>\n","protected":false},"featured_media":151962,"template":"","meta":[],"product_brand":[3513],"product_cat":[3851,3944],"product_tag":[],"class_list":{"0":"post-173105","1":"product","2":"type-product","3":"status-publish","4":"has-post-thumbnail","6":"product_brand-hannspree","7":"product_cat-monitor-it","8":"product_cat-monitor-monitors-it","10":"first","11":"instock","12":"taxable","13":"shipping-taxable","14":"purchasable","15":"product-type-simple"},"bundled_by":[],"bundle_stock_status":"instock","bundle_stock_quantity":1,"bundle_virtual":false,"bundle_layout":"","bundle_add_to_cart_form_location":"","bundle_editable_in_cart":false,"bundle_sold_individually_context":"","bundle_item_grouping":"","bundle_min_size":"","bundle_max_size":"","bundle_price":[],"bundled_items":[],"bundle_sell_ids":[],"exclude_global_add_ons":true,"addons":{"webcam-upgrades":{"name":"Estensione Webcam","type":"multiple_choice","position":0,"required":false,"title_format":"heading","default":"","description_enable":false,"description":"","placeholder_enable":false,"placeholder":"","display":"radiobutton","restrictions_type":"any_text","adjust_price":false,"price":"","price_type":"quantity_based","restrictions":false,"min":"0","max":"0","options":[{"label":"Conceptronic AMDIS FullHD [AMP00085]","price":"29.0000","price_type":"quantity_based","image":0,"visibility":true}]},"hdmi-upgrades":{"name":"Estensione cavo","type":"multiple_choice","position":0,"required":false,"title_format":"heading","default":"","description_enable":false,"description":"","placeholder_enable":false,"placeholder":"","display":"radiobutton","restrictions_type":"any_text","adjust_price":false,"price":"","price_type":"quantity_based","restrictions":false,"min":"0","max":"0","options":[{"label":"Dual Link DVI-D M\/M Cable 1,8 mts. [AMP00102]","price":"2.0000","price_type":"quantity_based","image":0,"visibility":true},{"label":"HDMI cable 2 mts. [AMP00104]","price":"6.0000","price_type":"quantity_based","image":0,"visibility":true}]}},"df_price":140.84,"df_sale_price":"","df_regular_price":140.84,"df_image_link":"https:\/\/zoca.es\/wp-content\/uploads\/images\/product\/14543\/han00001_01-300x225.jpg","_links":{"self":[{"href":"https:\/\/zoca.es\/it\/wp-json\/wp\/v2\/product\/173105","targetHints":{"allow":["GET"]}}],"collection":[{"href":"https:\/\/zoca.es\/it\/wp-json\/wp\/v2\/product"}],"about":[{"href":"https:\/\/zoca.es\/it\/wp-json\/wp\/v2\/types\/product"}],"wp:featuredmedia":[{"embeddable":true,"href":"https:\/\/zoca.es\/it\/wp-json\/wp\/v2\/media\/151962"}],"wp:attachment":[{"href":"https:\/\/zoca.es\/it\/wp-json\/wp\/v2\/media?parent=173105"}],"wp:term":[{"taxonomy":"product_brand","embeddable":true,"href":"https:\/\/zoca.es\/it\/wp-json\/wp\/v2\/product_brand?post=173105"},{"taxonomy":"product_cat","embeddable":true,"href":"https:\/\/zoca.es\/it\/wp-json\/wp\/v2\/product_cat?post=173105"},{"taxonomy":"product_tag","embeddable":true,"href":"https:\/\/zoca.es\/it\/wp-json\/wp\/v2\/product_tag?post=173105"}],"curies":[{"name":"wp","href":"https:\/\/api.w.org\/{rel}","templated":true}]}}