{"id":172595,"date":"2026-02-18T17:47:01","date_gmt":"2026-02-18T16:47:01","guid":{"rendered":"https:\/\/zoca.es\/producto\/hp-elitedesk-800-g2-barebone-sff-ricondizionato-core-i5-32ghz-sin-disco-it-14763\/"},"modified":"2026-02-25T10:31:51","modified_gmt":"2026-02-25T09:31:51","slug":"hp-elitedesk-800-g2-barebone-sff-ricondizionato-core-i5-32ghz-sin-disco-it-14763","status":"publish","type":"product","link":"https:\/\/zoca.es\/it\/producto\/hp-elitedesk-800-g2-barebone-sff-ricondizionato-core-i5-32ghz-sin-disco-it-14763\/","title":{"rendered":"HP EliteDesk 800 G2 Barebone SFF | Ricondizionato | Core i5 3.2GHz | | &#8211; Sin disco &#8211;"},"content":{"rendered":"<p><strong>Processore<\/strong><br \/>Intel Core i5 6500 3.2 GHz.<br \/><strong>Formato<\/strong><br \/>SFF<br \/><strong>Memoria RAM<\/strong><br \/>DDR4 RAM<br \/><strong>Disco duro<\/strong><br \/>&#8211; Sin disco &#8211;<br \/><strong>Carte<\/strong><br \/>Grafica: Intel HD Graphics 530<br \/>Suono: High Definition Audio<br \/>Rete: I219LM GIGABIT<br \/><strong>Sistema operativo<\/strong><br \/>Windows 7 Pro<br \/><strong>Porte<\/strong><br \/>Serie<br \/>2x USB 2.0<br \/>2x PS2<br \/>8x USB 3.0<br \/><strong>Porte video<\/strong><br \/>VGA<br \/>2x Display Port<br \/><strong>Connettivit\u00e0<\/strong><br \/>RJ-45<br \/><strong>Altri<\/strong><br \/>Imballaggio hR<br \/><strong>Dimensioni<\/strong><br \/>34&#215;39.5&#215;10 cm.<br \/><strong>Peso<\/strong><br \/>5.45 Kg.<br \/><strong>Specifiche aggiuntive<\/strong><br \/><u>Computer Barebone: pu\u00f2 configurarlo su misura aggiungendo dischi rigidi o SSD e memoria. Di base viene fornito senza memoria e senza disco (include guide e viti per il disco).<\/u>HP EliteDesk 800 G2 Barebone \u00e8 un computer desktop professionale orientato a progetti che richiedono totale flessibilit\u00e0 di configurazione e ottimizzazione delle risorse. Equipaggiato con Intel Core i5-6500 a 3.2 GHz, offre una base di prestazioni solida e stabile, ideale per ambienti d\u2019ufficio, gestione aziendale e postazioni amministrative che richiedono continuit\u00e0 e affidabilit\u00e0.Si tratta di un\u2019unit\u00e0 barebone, fornita senza memoria RAM e senza disco rigido, che consente al cliente di configurare il sistema su misura, installare i propri componenti o riutilizzare hardware gi\u00e0 disponibile. Questa caratteristica lo rende un\u2019opzione strategica per rinnovi del parco informatico, standardizzazione dei sistemi o implementazioni tecniche dove si cerca il controllo totale sulla configurazione finale.Include Windows 7 Pro, fornendo un ambiente professionale compatibile con applicazioni legacy o infrastrutture che richiedono sistemi specifici. Il suo chassis robusto e predisposto per espansioni facilita l\u2019installazione di memoria DDR4, archiviazione SSD o HDD e schede aggiuntive secondo necessit\u00e0.EliteDesk 800 G2 Barebone \u00e8 un PC desktop per azienda pensato per chi valorizza versatilit\u00e0, controllo dei costi e capacit\u00e0 di personalizzazione. Un desktop affidabile e configurabile, ideale come base tecnica per creare un sistema su misura con la garanzia di qualit\u00e0 e durata della gamma EliteDesk.Buon aspetto esterno. Pu\u00f2 presentare lievi segni di utilizzo sulla scocca. Guarda in \u201c+ Foto\u201d e &#8220;Video&#8221; e se hai qualche dubbio chiamaci o utilizza la nostra chat per ampliare le informazioni o per richiedere maggiori dettagli.<br \/><strong>Commenti<\/strong><br \/><u>1xPCIe X16 \/ 1xPCIe X4 \/ 2xPCIe X2<\/u><\/p>\n","protected":false},"excerpt":{"rendered":"<p>Intel Core i5 6500 3,2 GHz. \u00b7 Nessuna memoria \u00b7 &#8211; Nessun disco rigido \u00b7 Windows 7 Pro \u00b7 <u>1xPCIe x16 \/ 1xPCIe x4 \/ 2xPCIe x2<\/u><\/p>\n","protected":false},"featured_media":161580,"template":"","meta":[],"product_brand":[3453],"product_cat":[3947,3845,3943],"product_tag":[],"class_list":{"0":"post-172595","1":"product","2":"type-product","3":"status-publish","4":"has-post-thumbnail","6":"product_brand-hp","7":"product_cat-barebone-it","8":"product_cat-computer-it","9":"product_cat-computer-computer-it","11":"first","12":"instock","13":"taxable","14":"shipping-taxable","15":"purchasable","16":"product-type-simple"},"bundled_by":[],"bundle_stock_status":"instock","bundle_stock_quantity":27,"bundle_virtual":false,"bundle_layout":"","bundle_add_to_cart_form_location":"","bundle_editable_in_cart":false,"bundle_sold_individually_context":"","bundle_item_grouping":"","bundle_min_size":"","bundle_max_size":"","bundle_price":[],"bundled_items":[],"bundle_sell_ids":[],"exclude_global_add_ons":true,"addons":{"webcam-upgrades":{"name":"Estensione Webcam","type":"multiple_choice","position":0,"required":false,"title_format":"heading","default":"","description_enable":false,"description":"","placeholder_enable":false,"placeholder":"","display":"radiobutton","restrictions_type":"any_text","adjust_price":false,"price":"","price_type":"quantity_based","restrictions":false,"min":"0","max":"0","options":[{"label":"Conceptronic AMDIS FullHD [AMP00085]","price":"29.0000","price_type":"quantity_based","image":0,"visibility":true}]},"graphic-card-upgrades":{"name":"Estensione scheda grafica","type":"multiple_choice","position":0,"required":false,"title_format":"heading","default":"","description_enable":false,"description":"","placeholder_enable":false,"placeholder":"","display":"radiobutton","restrictions_type":"any_text","adjust_price":false,"price":"","price_type":"quantity_based","restrictions":false,"min":"0","max":"0","options":[{"label":"Graphic Card 2 Gb. (1xDVI, 1xHDMI) [AMP00010]","price":"60.0000","price_type":"quantity_based","image":0,"visibility":true}]},"network-card-upgrades":{"name":"Estensione WIFI","type":"multiple_choice","position":0,"required":false,"title_format":"heading","default":"","description_enable":false,"description":"","placeholder_enable":false,"placeholder":"","display":"radiobutton","restrictions_type":"any_text","adjust_price":false,"price":"","price_type":"quantity_based","restrictions":false,"min":"0","max":"0","options":[{"label":"Wi-Fi PCI Card Upgrade [AMP00017]","price":"15.0000","price_type":"quantity_based","image":0,"visibility":true},{"label":"Wireless nano USB Upgrade [AMP00018]","price":"12.0000","price_type":"quantity_based","image":0,"visibility":true}]},"keyboard-upgrades":{"name":"Estensione tastiera","type":"multiple_choice","position":0,"required":false,"title_format":"heading","default":"","description_enable":false,"description":"","placeholder_enable":false,"placeholder":"","display":"radiobutton","restrictions_type":"any_text","adjust_price":false,"price":"","price_type":"quantity_based","restrictions":false,"min":"0","max":"0","options":[{"label":"Keyboard and Mouse [AMP00020]","price":"8.0000","price_type":"quantity_based","image":0,"visibility":true},{"label":"Portuguese New Keyboard and Mouse [AMP00088]","price":"15.0000","price_type":"quantity_based","image":0,"visibility":true},{"label":"Spanish USB Keyboard and Mouse (New) [AMP00068]","price":"12.0000","price_type":"quantity_based","image":0,"visibility":true}]}},"df_price":140.84,"df_sale_price":"","df_regular_price":140.84,"df_image_link":"https:\/\/zoca.es\/wp-content\/uploads\/images\/product\/14763\/hp03274_01-300x225.jpg","_links":{"self":[{"href":"https:\/\/zoca.es\/it\/wp-json\/wp\/v2\/product\/172595","targetHints":{"allow":["GET"]}}],"collection":[{"href":"https:\/\/zoca.es\/it\/wp-json\/wp\/v2\/product"}],"about":[{"href":"https:\/\/zoca.es\/it\/wp-json\/wp\/v2\/types\/product"}],"wp:featuredmedia":[{"embeddable":true,"href":"https:\/\/zoca.es\/it\/wp-json\/wp\/v2\/media\/161580"}],"wp:attachment":[{"href":"https:\/\/zoca.es\/it\/wp-json\/wp\/v2\/media?parent=172595"}],"wp:term":[{"taxonomy":"product_brand","embeddable":true,"href":"https:\/\/zoca.es\/it\/wp-json\/wp\/v2\/product_brand?post=172595"},{"taxonomy":"product_cat","embeddable":true,"href":"https:\/\/zoca.es\/it\/wp-json\/wp\/v2\/product_cat?post=172595"},{"taxonomy":"product_tag","embeddable":true,"href":"https:\/\/zoca.es\/it\/wp-json\/wp\/v2\/product_tag?post=172595"}],"curies":[{"name":"wp","href":"https:\/\/api.w.org\/{rel}","templated":true}]}}