{"id":172260,"date":"2025-08-01T13:12:23","date_gmt":"2025-08-01T12:12:23","guid":{"rendered":"https:\/\/zoca.es\/producto\/hp-proliant-dl380-g5-rack-ricondizionato-xeon-233ghz-14-gb-ram-300-gb-sas-it-12559\/"},"modified":"2026-02-25T09:53:38","modified_gmt":"2026-02-25T08:53:38","slug":"hp-proliant-dl380-g5-rack-ricondizionato-xeon-233ghz-14-gb-ram-300-gb-sas-it-12559","status":"publish","type":"product","link":"https:\/\/zoca.es\/it\/producto\/hp-proliant-dl380-g5-rack-ricondizionato-xeon-233ghz-14-gb-ram-300-gb-sas-it-12559\/","title":{"rendered":"HP ProLiant DL380 G5 Rack | Ricondizionato | Xeon 2.33GHz | 14 GB RAM | 300 GB SAS"},"content":{"rendered":"<p><strong>Processore<\/strong><br \/>2x Intel Xeon e5345 2.33 GHz.<br \/><strong>Formato<\/strong><br \/>Rack (2U)<br \/><strong>Memoria RAM<\/strong><br \/>14 Gb. DDR2 ECC RAM<br \/>8 baies (0 vuoti )<br \/><strong>Disco duro<\/strong><br \/>3x 300 Gb. SAS 2.5&#8221; 10000rpm<br \/>SAS 2.5&#8221; 10000rpm<br \/>8 baies (5 vuoti )<br \/><strong>Unit\u00e0 ottica<\/strong><br \/>Combo (CD-RW\/DVD)<br \/><strong>Carte<\/strong><br \/>Grafica: intel HD Graphics<br \/>Rete: Gigabit Ethernet<br \/><strong>Sistema operativo<\/strong><br \/>&#8211; Nessun sistema operativo &#8211;<br \/><strong>Porte<\/strong><br \/>Serie<br \/>4x USB 2.0<br \/>PS2<br \/><strong>Connettivit\u00e0<\/strong><br \/>4x RJ-45<br \/><strong>Alimentazione<\/strong><br \/>Alimentatori (Hotplug)<br \/><strong>Altri<\/strong><br \/>Imballaggio hR<br \/><strong>Dimensioni<\/strong><br \/>8.5&#215;67.4&#215;48.5 cm.<br \/><strong>Peso<\/strong><br \/>20.00 Kg.<br \/><strong>Specifiche aggiuntive<\/strong><br \/>HP ProLiant DL380 G5 \u00e8 un server rack 2U affidabile ed espandibile, ideale per piccole e medie imprese che necessitano di una soluzione robusta per attivit\u00e0 quali storage, servizi di rete, backup o ambienti di laboratorio. \u00c8 dotato di due processori Intel Xeon E5345 quad-core a 2,33 GHz, in grado di gestire in modo efficiente pi\u00f9 processi.\u00c8 dotato di 14 GB di memoria DDR2 ECC, che protegge l&#8217;integrit\u00e0 dei dati tramite correzione degli errori, ideale per sistemi critici. \u00c8 dotato di tre dischi rigidi SAS da 300 GB a 10.000 rpm in un formato da 2,5&#8243;, montati in uno chassis a 8 alloggiamenti (pieni) pi\u00f9 un vassoio aggiuntivo da 8 alloggiamenti (5 vuoti), consentendo di scalare lo storage per soddisfare le esigenze future.Lo storage \u00e8 gestito dall&#8217;affidabile HP Smart Array P400, che supporta livelli RAID per combinare prestazioni e ridondanza. Include un&#8217;unit\u00e0 combo CD-RW\/DVD e due slot PCIe X8, offrendo espandibilit\u00e0 per controller aggiuntivi, schede di rete o storage esterno.Un&#8217;opzione conveniente e funzionale per progetti IT che richiedono stabilit\u00e0 ed espandibilit\u00e0.Ottimo aspetto esterno. Per qualsiasi domanda, non esitate a contattarci o a utilizzare la nostra chat per ulteriori informazioni o per richiedere maggiori dettagli.<br \/><strong>Commenti<\/strong><br \/><u>HP Smart Array P400 RAID Controller &#8211; 2xPCIe X8<\/u><\/p>\n","protected":false},"excerpt":{"rendered":"<p>2x Intel Xeon e5345 2.33 GHz. \u00b7 14 Gb. DDR2 ECC RAM \u00b7 3x 300 Gb. SAS 2.5&#8221; \u00b7 Combo (CD-RW\/DVD) \u00b7<br \/>\n<u>HP Smart Array P400 RAID Controller &#8211; 2xPCIe X8<br \/>\n<\/u><\/p>\n","protected":false},"featured_media":140215,"template":"","meta":[],"product_brand":[3453],"product_cat":[3884,3882],"product_tag":[],"class_list":{"0":"post-172260","1":"product","2":"type-product","3":"status-publish","4":"has-post-thumbnail","6":"product_brand-hp","7":"product_cat-server-rack-it","8":"product_cat-server-it","10":"first","11":"instock","12":"taxable","13":"shipping-taxable","14":"purchasable","15":"product-type-simple"},"bundled_by":[],"bundle_stock_status":"instock","bundle_stock_quantity":1,"bundle_virtual":false,"bundle_layout":"","bundle_add_to_cart_form_location":"","bundle_editable_in_cart":false,"bundle_sold_individually_context":"","bundle_item_grouping":"","bundle_min_size":"","bundle_max_size":"","bundle_price":[],"bundled_items":[],"bundle_sell_ids":[],"exclude_global_add_ons":true,"addons":{"hdd-upgrades":{"name":"Estensione HDD","type":"multiple_choice","position":0,"required":false,"title_format":"heading","default":"","description_enable":false,"description":"","placeholder_enable":false,"placeholder":"","display":"radiobutton","restrictions_type":"any_text","adjust_price":false,"price":"","price_type":"quantity_based","restrictions":false,"min":"0","max":"0","options":[{"label":"2x SSD 240 Gb. [AMP00058]","price":"100.0000","price_type":"quantity_based","image":0,"visibility":true},{"label":"2x SSD 480 Gb. [AMP00059]","price":"200.0000","price_type":"quantity_based","image":0,"visibility":true}]}},"df_price":282.41,"df_sale_price":"","df_regular_price":282.41,"df_image_link":"https:\/\/zoca.es\/wp-content\/uploads\/images\/product\/12559\/hp02666_01-300x225.jpg","_links":{"self":[{"href":"https:\/\/zoca.es\/it\/wp-json\/wp\/v2\/product\/172260","targetHints":{"allow":["GET"]}}],"collection":[{"href":"https:\/\/zoca.es\/it\/wp-json\/wp\/v2\/product"}],"about":[{"href":"https:\/\/zoca.es\/it\/wp-json\/wp\/v2\/types\/product"}],"wp:featuredmedia":[{"embeddable":true,"href":"https:\/\/zoca.es\/it\/wp-json\/wp\/v2\/media\/140215"}],"wp:attachment":[{"href":"https:\/\/zoca.es\/it\/wp-json\/wp\/v2\/media?parent=172260"}],"wp:term":[{"taxonomy":"product_brand","embeddable":true,"href":"https:\/\/zoca.es\/it\/wp-json\/wp\/v2\/product_brand?post=172260"},{"taxonomy":"product_cat","embeddable":true,"href":"https:\/\/zoca.es\/it\/wp-json\/wp\/v2\/product_cat?post=172260"},{"taxonomy":"product_tag","embeddable":true,"href":"https:\/\/zoca.es\/it\/wp-json\/wp\/v2\/product_tag?post=172260"}],"curies":[{"name":"wp","href":"https:\/\/api.w.org\/{rel}","templated":true}]}}