{"id":171756,"date":"2025-11-20T12:38:41","date_gmt":"2025-11-20T11:38:41","guid":{"rendered":"https:\/\/zoca.es\/producto\/dell-poweredge-r410-barebone-rack-ricondizionato-xeon-quad-core-24ghz-4-gb-ram-sin-disco-it-14000\/"},"modified":"2026-02-25T09:51:55","modified_gmt":"2026-02-25T08:51:55","slug":"dell-poweredge-r410-barebone-rack-ricondizionato-xeon-quad-core-24ghz-4-gb-ram-sin-disco-it-14000","status":"publish","type":"product","link":"https:\/\/zoca.es\/it\/producto\/dell-poweredge-r410-barebone-rack-ricondizionato-xeon-quad-core-24ghz-4-gb-ram-sin-disco-it-14000\/","title":{"rendered":"Dell PowerEdge R410-Barebone Rack | Ricondizionato | Xeon Quad Core 2.4GHz | 4 GB RAM | &#8211; Sin disco &#8211;"},"content":{"rendered":"<p><strong>Processore<\/strong><br \/>2x Intel Xeon Quad Core E5620 2.4 GHz.<br \/><strong>Formato<\/strong><br \/>Rack (1U)<br \/><strong>Memoria RAM<\/strong><br \/>4 Gb. DDR3 ECC RAM<br \/>8 baies (6 vuoti )<br \/><strong>Disco duro<\/strong><br \/>&#8211; Sin disco &#8211; 3.5&#8221;<br \/>4 baies<br \/><strong>Unit\u00e0 ottica<\/strong><br \/>DVD<br \/><strong>Carte<\/strong><br \/>Grafica: MATROX G200EW<br \/>Rete: broadcom BCM5716<br \/><strong>Sistema operativo<\/strong><br \/>COA Windows Server 2008 aggiornato a &#8211; Nessun sistema operativo &#8211;<br \/><strong>Porte<\/strong><br \/>Serie<br \/>4x USB 2.0<br \/><strong>Connettivit\u00e0<\/strong><br \/>2x RJ-45<br \/><strong>Alimentazione<\/strong><br \/>2x Alimentatori (Hotplug)<br \/><strong>Altri<\/strong><br \/>Imballaggio hR<br \/><strong>Dimensioni<\/strong><br \/>xx cm.<br \/><strong>Peso<\/strong><br \/>15.00 Kg.<br \/><strong>Specifiche aggiuntive<\/strong><br \/>Il Dell PowerEdge R410-Barebone con processori Intel Xeon E5620 Quad Core \u00e8 la soluzione che il tuo canale necessita per affrontare progetti impegnativi con budget competitivi. Con 2 CPU Xeon a 2,4 GHz, questo server garantisce una piattaforma stabile ed efficiente, capace di gestire servizi dedicati, virtualizzazione iniziale e gestione file in aziende di qualsiasi dimensione.I suoi 4GB di memoria DDR3 ECC sono ideali per compiti di rete, servizi periferici o applicazioni aziendali di base, permettendo agli integratori di regolare facilmente la RAM secondo le esigenze del cliente finale. Inoltre, la capacit\u00e0 di 8 alloggi per dischi da 3,5\u201d \u2014 6 dei quali liberi \u2014 offre un ampio margine per future espansioni, storage scalabile e configurazioni RAID avanzate tramite l&#8217;affidabile controller Dell PERC 6i.Il formato compatto rack 1U \u00e8 perfetto per ottimizzare lo spazio fisico, facilitando l&#8217;installazione in setup ad alto volume o data center con infrastrutture in forte espansione. Lo slot PCIe X16 assicura la possibilit\u00e0 di aggiornare e adattare l&#8217;hardware secondo le sfide del mercato, mentre l&#8217;unit\u00e0 DVD semplifica migrazioni, ripristini e deployment su misura.Si tratta di una macchina versatile, pronta ad adattarsi a qualsiasi esigenza professionale, con un ottimo rapporto performance-costo e il supporto di un marchio leader nel settore server. Il Dell R410-Barebone E5620 \u00e8 la scelta ideale per chi cerca affidabilit\u00e0, scalabilit\u00e0 e flessibilit\u00e0 in un solo prodotto.Buon aspetto esteriore. Se hai domande chiamaci o usa la nostra chat per ulteriori informazioni o per richiedere pi\u00f9 dettagli.<br \/><strong>Commenti<\/strong><br \/><u>Perc 6i Raid Controller &#8211; 1xPCIe X16<\/u><\/p>\n","protected":false},"excerpt":{"rendered":"<p>2x Intel Xeon Quad Core E5620 2.4 GHz. \u00b7 4 Gb. DDR3 ECC RAM \u00b7 8 baies (6 vuoti ) \u00b7 3.5&#8221; \u00b7 4 baies \u00b7 DVD \u00b7<br \/>\n<strong>Perc 6i Raid Controller <\/strong>&#8211; <u>1xPCIe X16<br \/>\n<\/u><\/p>\n","protected":false},"featured_media":149413,"template":"","meta":[],"product_brand":[3445],"product_cat":[3947,3884,3882],"product_tag":[],"class_list":{"0":"post-171756","1":"product","2":"type-product","3":"status-publish","4":"has-post-thumbnail","6":"product_brand-dell","7":"product_cat-barebone-it","8":"product_cat-server-rack-it","9":"product_cat-server-it","11":"first","12":"instock","13":"taxable","14":"shipping-taxable","15":"purchasable","16":"product-type-simple"},"bundled_by":[],"bundle_stock_status":"instock","bundle_stock_quantity":1,"bundle_virtual":false,"bundle_layout":"","bundle_add_to_cart_form_location":"","bundle_editable_in_cart":false,"bundle_sold_individually_context":"","bundle_item_grouping":"","bundle_min_size":"","bundle_max_size":"","bundle_price":[],"bundled_items":[],"bundle_sell_ids":[],"exclude_global_add_ons":[],"addons":[],"df_price":206.91,"df_sale_price":"","df_regular_price":206.91,"df_image_link":"https:\/\/zoca.es\/wp-content\/uploads\/images\/product\/14000\/dell01500_01-300x225.jpg","_links":{"self":[{"href":"https:\/\/zoca.es\/it\/wp-json\/wp\/v2\/product\/171756","targetHints":{"allow":["GET"]}}],"collection":[{"href":"https:\/\/zoca.es\/it\/wp-json\/wp\/v2\/product"}],"about":[{"href":"https:\/\/zoca.es\/it\/wp-json\/wp\/v2\/types\/product"}],"wp:featuredmedia":[{"embeddable":true,"href":"https:\/\/zoca.es\/it\/wp-json\/wp\/v2\/media\/149413"}],"wp:attachment":[{"href":"https:\/\/zoca.es\/it\/wp-json\/wp\/v2\/media?parent=171756"}],"wp:term":[{"taxonomy":"product_brand","embeddable":true,"href":"https:\/\/zoca.es\/it\/wp-json\/wp\/v2\/product_brand?post=171756"},{"taxonomy":"product_cat","embeddable":true,"href":"https:\/\/zoca.es\/it\/wp-json\/wp\/v2\/product_cat?post=171756"},{"taxonomy":"product_tag","embeddable":true,"href":"https:\/\/zoca.es\/it\/wp-json\/wp\/v2\/product_tag?post=171756"}],"curies":[{"name":"wp","href":"https:\/\/api.w.org\/{rel}","templated":true}]}}