{"id":170677,"date":"2025-12-30T13:56:13","date_gmt":"2025-12-30T12:56:13","guid":{"rendered":"https:\/\/zoca.es\/producto\/philips-244el2sb-24-led-169-ricondizionato-1920x1080-it-14170\/"},"modified":"2026-02-25T09:48:51","modified_gmt":"2026-02-25T08:48:51","slug":"philips-244el2sb-24-led-169-ricondizionato-1920x1080-it-14170","status":"publish","type":"product","link":"https:\/\/zoca.es\/it\/producto\/philips-244el2sb-24-led-169-ricondizionato-1920x1080-it-14170\/","title":{"rendered":"Philips 244EL2SB 24&#8221; Led 16:9 | Ricondizionato | 1920&#215;1080"},"content":{"rendered":"<p><strong>Schermo<\/strong><br \/>Led 24 &#8221; FullHD con Altoparlanti \u00b7  16:9  \u00b7 Risoluzione 1920&#215;1080<br \/>Punto passo 0.276 mm<br \/>Risposta 5 ms<br \/>Contrasto 1000:1<br \/>Luminosit\u00e0 250 cd\/m2<br \/><strong>Porte video<\/strong><br \/>VGA<br \/>HDMI<br \/>DVI<br \/><strong>Schermo specifico<\/strong><br \/>Supporto VESA<br \/>Peana<br \/><strong>Dimensioni<\/strong><br \/>57&#215;43.6&#215;22.5 cm.<br \/><strong>Peso<\/strong><br \/>4.70 Kg.<br \/><strong>Specifiche aggiuntive<\/strong><br \/>Il Philips 244EL2SB \u00e8 un monitor LED da 24 pollici progettato per offrire un\u2019esperienza visiva confortevole e funzionale nell\u2019uso quotidiano. Pensato per uffici, postazioni di lavoro, spazi commerciali o ambienti domestici, combina una buona qualit\u00e0 dell\u2019immagine con altoparlanti integrati, offrendo una soluzione pratica e completa senza complicazioni.<br \/>Il suo pannello Full HD da 24\u201d con risoluzione 1920&#215;1080 e formato 16:9 garantisce una visualizzazione ampia e nitida, ideale per lavorare con pi\u00f9 applicazioni contemporaneamente o per godersi contenuti multimediali. Il pixel pitch di 0,276 mm assicura testi chiari e una lettura confortevole, mentre il contrasto di 1000:1 e la luminosit\u00e0 di 250 cd\/m\u00b2 offrono un\u2019immagine equilibrata in condizioni di luce normali. Con un tempo di risposta di 5 ms, le prestazioni risultano fluide nell\u2019uso quotidiano. La connettivit\u00e0 VGA, HDMI e DVI garantisce compatibilit\u00e0 con diversi dispositivi, e gli altoparlanti integrati aggiungono un ulteriore livello di comodit\u00e0 per videoconferenze o riproduzione audio. Inoltre, sono inclusi il cavo di alimentazione e il cavo VGA per un\u2019installazione rapida fin dal primo momento.<br \/>Il Philips 244EL2SB si distingue per la sua versatilit\u00e0 e l\u2019eccellente rapporto qualit\u00e0-prezzo, offrendo una soluzione all-in-one che ottimizza lo spazio e semplifica la postazione di lavoro. Un monitor affidabile e funzionale che apporta produttivit\u00e0, comfort e un reale valore aggiunto in qualsiasi ambiente in cui sia necessario uno schermo completo ed efficiente.<br \/>Buone condizioni esterne. Potrebbe presentare lievi segni di usura sulla cassa. Vedi &#8220;+ Foto&#8221; e per qualsiasi domanda, chiamaci o usa la nostra chat per maggiori informazioni o per richiedere ulteriori dettagli.<br \/><strong>Commenti<\/strong><br \/><u>Cavo di alimentazione e VGA inclusi<\/u><\/p>\n","protected":false},"excerpt":{"rendered":"<p>Led 24 &#8221; FullHD con Altoparlanti \u00b7 16:9 \u00b7 Risoluzione 1920&#215;1080 \u00b7 Punto passo 0.276 mm \u00b7 Risposta 5 ms \u00b7 Contrasto 1000:1 \u00b7 Luminosit\u00e0 250 cd\/m2 \u00b7 VGA \u00b7 HDMI \u00b7 DVI \u00b7<br \/>\n<u>Cavo di alimentazione e VGA inclusi<br \/>\n<\/u><\/p>\n","protected":false},"featured_media":154312,"template":"","meta":[],"product_brand":[3461],"product_cat":[3851,3944],"product_tag":[],"class_list":{"0":"post-170677","1":"product","2":"type-product","3":"status-publish","4":"has-post-thumbnail","6":"product_brand-philips","7":"product_cat-monitor-it","8":"product_cat-monitor-monitors-it","10":"first","11":"instock","12":"taxable","13":"shipping-taxable","14":"purchasable","15":"product-type-simple"},"bundled_by":[],"bundle_stock_status":"instock","bundle_stock_quantity":7,"bundle_virtual":false,"bundle_layout":"","bundle_add_to_cart_form_location":"","bundle_editable_in_cart":false,"bundle_sold_individually_context":"","bundle_item_grouping":"","bundle_min_size":"","bundle_max_size":"","bundle_price":[],"bundled_items":[],"bundle_sell_ids":[],"exclude_global_add_ons":true,"addons":{"hdmi-upgrades":{"name":"Estensione cavo","type":"multiple_choice","position":0,"required":false,"title_format":"heading","default":"","description_enable":false,"description":"","placeholder_enable":false,"placeholder":"","display":"radiobutton","restrictions_type":"any_text","adjust_price":false,"price":"","price_type":"quantity_based","restrictions":false,"min":"0","max":"0","options":[{"label":"HDMI cable 2 mts. [AMP00104]","price":"6.0000","price_type":"quantity_based","image":0,"visibility":true},{"label":"Dual Link DVI-D M\/M Cable 1,8 mts. [AMP00102]","price":"2.0000","price_type":"quantity_based","image":0,"visibility":true}]}},"df_price":166.01,"df_sale_price":"","df_regular_price":166.01,"df_image_link":"https:\/\/zoca.es\/wp-content\/uploads\/images\/product\/14170\/phil00052_01-300x225.jpg","_links":{"self":[{"href":"https:\/\/zoca.es\/it\/wp-json\/wp\/v2\/product\/170677","targetHints":{"allow":["GET"]}}],"collection":[{"href":"https:\/\/zoca.es\/it\/wp-json\/wp\/v2\/product"}],"about":[{"href":"https:\/\/zoca.es\/it\/wp-json\/wp\/v2\/types\/product"}],"wp:featuredmedia":[{"embeddable":true,"href":"https:\/\/zoca.es\/it\/wp-json\/wp\/v2\/media\/154312"}],"wp:attachment":[{"href":"https:\/\/zoca.es\/it\/wp-json\/wp\/v2\/media?parent=170677"}],"wp:term":[{"taxonomy":"product_brand","embeddable":true,"href":"https:\/\/zoca.es\/it\/wp-json\/wp\/v2\/product_brand?post=170677"},{"taxonomy":"product_cat","embeddable":true,"href":"https:\/\/zoca.es\/it\/wp-json\/wp\/v2\/product_cat?post=170677"},{"taxonomy":"product_tag","embeddable":true,"href":"https:\/\/zoca.es\/it\/wp-json\/wp\/v2\/product_tag?post=170677"}],"curies":[{"name":"wp","href":"https:\/\/api.w.org\/{rel}","templated":true}]}}