{"id":170620,"date":"2021-10-05T12:00:17","date_gmt":"2021-10-05T11:00:17","guid":{"rendered":"https:\/\/zoca.es\/producto\/stampante-pos-termica-toshiba-b-ep2dl-gh20-qm-r-ricondizionato-it-8510\/"},"modified":"2026-02-25T09:45:48","modified_gmt":"2026-02-25T08:45:48","slug":"stampante-pos-termica-toshiba-b-ep2dl-gh20-qm-r-ricondizionato-it-8510","status":"publish","type":"product","link":"https:\/\/zoca.es\/it\/producto\/stampante-pos-termica-toshiba-b-ep2dl-gh20-qm-r-ricondizionato-it-8510\/","title":{"rendered":"Stampante POS termica Toshiba B-EP2DL-GH20-QM-R | Ricondizionato"},"content":{"rendered":"<p><strong>Tecnologia<\/strong><br \/>Termica<br \/><strong>Copie<\/strong><br \/>Velocit\u00e0 di stampa 4 mm\/s<br \/>Caratteri per pollice 203<br \/><strong>Gestione della carta<\/strong><br \/>Taglio manuale<br \/><strong>Connettivit\u00e0 stampante<\/strong><br \/>Serie, USB<br \/><strong>Altri<\/strong><br \/>Alimentatore incluso<br \/><strong>Carcassa<\/strong><br \/>Colore nero<br \/><strong>Dimensioni<\/strong><br \/>11.9&#215;8.8&#215;6.5 cm.<br \/><strong>Peso<\/strong><br \/>1.00 Kg.<br \/><strong>Specifiche aggiuntive<\/strong><br \/>Stampante di biglietti portatile con connessione seriale e USB. Ideale per ambienti di mobilit\u00e0. Include 2 batterie che gli conferiscono una grande autonomia. <br \/><b>Controlli di qualit\u00e0\/test di laboratorio: <\/b><u>Ispezione fisica:<\/u> Ispezione, pulizia e verifica dei danni del telaio. <u>Connettivit\u00e0:<\/u> controllo di porte e connessioni (USB, Ethernet, ecc.). <u>Test di stampa:<\/u> Test di qualit\u00e0 e velocit\u00e0, controllo di allineamento e leggibilit\u00e0. <u>Gestione della carta:<\/u> Revisione del sistema di alimentazione e rilevamento degli inceppamenti. <u>Test di carico:<\/u> Test di affidabilit\u00e0 in uso continuo.<br \/><u>Ispezione interna:<\/u> Verifica e pulizia dei componenti interni.<br \/>Buon aspetto esterno. Potrebbe presentare qualche tipo di usura sui pulsanti. Cerca in &#8220;+ Foto&#8221; e &#8220;Video&#8221; e se hai domande, chiamaci o utilizza la nostra chat per ulteriori informazioni o per richiedere maggiori dettagli.<\/p>\n<p><strong>Commenti<\/strong><br \/><u>Connessione 232C &#8211; Seconda batteria aggiuntiva<\/u><\/p>\n","protected":false},"excerpt":{"rendered":"<p>Termica \u00b7 Taglio manuale \u00b7 Velocit\u00e0 di stampa 4 mm\/s \u00b7 Caratteri per pollice 203 \u00b7 Serie, USB \u00b7 Carcassa colore nero \u00b7 <u>Connessione 232C &#8211; Seconda batteria aggiuntiva<\/u><\/p>\n","protected":false},"featured_media":59605,"template":"","meta":[],"product_brand":[3444],"product_cat":[3900,3891],"product_tag":[],"class_list":{"0":"post-170620","1":"product","2":"type-product","3":"status-publish","4":"has-post-thumbnail","6":"product_brand-toshiba","7":"product_cat-stampanti-pos-it","8":"product_cat-stampanti-it","10":"first","11":"instock","12":"taxable","13":"shipping-taxable","14":"purchasable","15":"product-type-simple"},"bundled_by":[],"bundle_stock_status":"instock","bundle_stock_quantity":54,"bundle_virtual":false,"bundle_layout":"","bundle_add_to_cart_form_location":"","bundle_editable_in_cart":false,"bundle_sold_individually_context":"","bundle_item_grouping":"","bundle_min_size":"","bundle_max_size":"","bundle_price":[],"bundled_items":[],"bundle_sell_ids":[],"exclude_global_add_ons":[],"addons":[],"df_price":96.8,"df_sale_price":"","df_regular_price":96.8,"df_image_link":"https:\/\/zoca.es\/wp-content\/uploads\/images\/product\/8510\/tosh00137_01-300x225.jpg","_links":{"self":[{"href":"https:\/\/zoca.es\/it\/wp-json\/wp\/v2\/product\/170620","targetHints":{"allow":["GET"]}}],"collection":[{"href":"https:\/\/zoca.es\/it\/wp-json\/wp\/v2\/product"}],"about":[{"href":"https:\/\/zoca.es\/it\/wp-json\/wp\/v2\/types\/product"}],"wp:featuredmedia":[{"embeddable":true,"href":"https:\/\/zoca.es\/it\/wp-json\/wp\/v2\/media\/59605"}],"wp:attachment":[{"href":"https:\/\/zoca.es\/it\/wp-json\/wp\/v2\/media?parent=170620"}],"wp:term":[{"taxonomy":"product_brand","embeddable":true,"href":"https:\/\/zoca.es\/it\/wp-json\/wp\/v2\/product_brand?post=170620"},{"taxonomy":"product_cat","embeddable":true,"href":"https:\/\/zoca.es\/it\/wp-json\/wp\/v2\/product_cat?post=170620"},{"taxonomy":"product_tag","embeddable":true,"href":"https:\/\/zoca.es\/it\/wp-json\/wp\/v2\/product_tag?post=170620"}],"curies":[{"name":"wp","href":"https:\/\/api.w.org\/{rel}","templated":true}]}}