{"id":170244,"date":"2026-01-12T15:58:06","date_gmt":"2026-01-12T14:58:06","guid":{"rendered":"https:\/\/zoca.es\/producto\/stampante-pos-termica-epson-tm-l90-termica-usb-negra-impecable-ricondizionato-it-14470\/"},"modified":"2026-02-25T09:46:55","modified_gmt":"2026-02-25T08:46:55","slug":"stampante-pos-termica-epson-tm-l90-termica-usb-negra-impecable-ricondizionato-it-14470","status":"publish","type":"product","link":"https:\/\/zoca.es\/it\/producto\/stampante-pos-termica-epson-tm-l90-termica-usb-negra-impecable-ricondizionato-it-14470\/","title":{"rendered":"Stampante POS termica Epson TM-L90 T\u00e9rmica USB Negra-Impecable | Ricondizionato"},"content":{"rendered":"<p><strong>Tecnologia<\/strong><br \/>Termica<br \/><strong>Copie<\/strong><br \/>Velocit\u00e0 di stampa 150 mm\/s<br \/>Caratteri per pollice 20<br \/><strong>Gestione della carta<\/strong><br \/>Larghezza di carta 80mm<br \/>Taglio automatico<br \/><strong>Connettivit\u00e0 stampante<\/strong><br \/>Serie, USB, Apertura cassetto<br \/><strong>Dimensioni<\/strong><br \/>14&#215;14.5&#215;20 cm.<br \/><strong>Peso<\/strong><br \/>1.90 Kg.<br \/><strong>Specifiche aggiuntive<\/strong><br \/>La EPSON TM-L90 \u00e8 una stampante termica progettata per offrire prestazioni affidabili dove velocit\u00e0, affidabilit\u00e0 e chiarezza di stampa fanno la differenza. Pensata per punti vendita, ambienti di ristorazione e applicazioni professionali ad alto ritmo, garantisce un funzionamento agile e costante che ottimizza il flusso di lavoro quotidiano e riduce i tempi di attesa, anche nei momenti di massima attivit\u00e0.<br \/>Grazie alla tecnologia di stampa termica diretta e alla larghezza della carta di 80 mm, la TM-L90 assicura scontrini ed etichette nitidi, ben definiti e perfettamente leggibili. L\u2019elevata velocit\u00e0 di stampa fino a 150 mm al secondo, unita a una densit\u00e0 di 20 caratteri per pollice, consente di generare documenti rapidamente senza rinunciare alla qualit\u00e0. Il sistema di taglio automatico aggiunge precisione e praticit\u00e0, mentre le molteplici opzioni di connessione \u2014 porta seriale, USB e uscita per l\u2019apertura del cassetto \u2014 permettono un\u2019integrazione semplice e flessibile in qualsiasi ambiente professionale.<br \/>Robusta, affidabile e caratterizzata da un\u2019elegante scocca nera, la EPSON TM-L90 \u00e8 una scelta sicura per chi cerca una stampante termica professionale in grado di migliorare la produttivit\u00e0 e offrire un\u2019esperienza d\u2019uso fluida e senza interruzioni. Una soluzione versatile che apporta valore reale al business, pronta a lavorare senza sosta e ad adattarsi alle esigenze di ogni installazione.<br \/><b>Aspetto esterno impeccabile<\/b>. Guarda \u201c+ Foto\u201d e \u201cVideo\u201d e, se hai qualche dubbio, chiamaci o utilizza la nostra chat per ottenere maggiori informazioni o richiedere ulteriori dettagli.<\/p>\n","protected":false},"excerpt":{"rendered":"<p>Termica \u00b7 Larghezza di carta 80mm \u00b7 Taglio automatico \u00b7 Velocit\u00e0 di stampa 150 mm\/s \u00b7 Caratteri per pollice 20 \u00b7 Serie, USB, Apertura cassetto \u00b7 Carcassa colore nero<\/p>\n","protected":false},"featured_media":154878,"template":"","meta":[],"product_brand":[3472],"product_cat":[3873,3900,3891,3941],"product_tag":[],"class_list":{"0":"post-170244","1":"product","2":"type-product","3":"status-publish","4":"has-post-thumbnail","6":"product_brand-epson","7":"product_cat-pos-it","8":"product_cat-stampanti-pos-it","9":"product_cat-stampanti-it","10":"product_cat-pos-stampanti-it","12":"first","13":"instock","14":"taxable","15":"shipping-taxable","16":"purchasable","17":"product-type-simple"},"bundled_by":[],"bundle_stock_status":"instock","bundle_stock_quantity":13,"bundle_virtual":false,"bundle_layout":"","bundle_add_to_cart_form_location":"","bundle_editable_in_cart":false,"bundle_sold_individually_context":"","bundle_item_grouping":"","bundle_min_size":"","bundle_max_size":"","bundle_price":[],"bundled_items":[],"bundle_sell_ids":[],"exclude_global_add_ons":[],"addons":[],"df_price":159.72,"df_sale_price":"","df_regular_price":159.72,"df_image_link":"https:\/\/zoca.es\/wp-content\/uploads\/images\/product\/14470\/epso00065_01-300x225.jpg","_links":{"self":[{"href":"https:\/\/zoca.es\/it\/wp-json\/wp\/v2\/product\/170244","targetHints":{"allow":["GET"]}}],"collection":[{"href":"https:\/\/zoca.es\/it\/wp-json\/wp\/v2\/product"}],"about":[{"href":"https:\/\/zoca.es\/it\/wp-json\/wp\/v2\/types\/product"}],"wp:featuredmedia":[{"embeddable":true,"href":"https:\/\/zoca.es\/it\/wp-json\/wp\/v2\/media\/154878"}],"wp:attachment":[{"href":"https:\/\/zoca.es\/it\/wp-json\/wp\/v2\/media?parent=170244"}],"wp:term":[{"taxonomy":"product_brand","embeddable":true,"href":"https:\/\/zoca.es\/it\/wp-json\/wp\/v2\/product_brand?post=170244"},{"taxonomy":"product_cat","embeddable":true,"href":"https:\/\/zoca.es\/it\/wp-json\/wp\/v2\/product_cat?post=170244"},{"taxonomy":"product_tag","embeddable":true,"href":"https:\/\/zoca.es\/it\/wp-json\/wp\/v2\/product_tag?post=170244"}],"curies":[{"name":"wp","href":"https:\/\/api.w.org\/{rel}","templated":true}]}}