{"id":170009,"date":"2024-12-11T15:39:20","date_gmt":"2024-12-11T14:39:20","guid":{"rendered":"https:\/\/zoca.es\/producto\/switch-cisco-air-ct5508-k9-wirelless-controller-ricondizionato-it-12490\/"},"modified":"2026-02-25T10:21:43","modified_gmt":"2026-02-25T09:21:43","slug":"switch-cisco-air-ct5508-k9-wirelless-controller-ricondizionato-it-12490","status":"publish","type":"product","link":"https:\/\/zoca.es\/it\/producto\/switch-cisco-air-ct5508-k9-wirelless-controller-ricondizionato-it-12490\/","title":{"rendered":"Switch CISCO AIR-CT5508-K9 Wirelless Controller | Ricondizionato"},"content":{"rendered":"<p><strong>Generale stampante<\/strong><br \/>Switch<br \/><strong>Porte di rete<\/strong><br \/>Ethernet 1000 Mbps.<br \/>8x Fibra 1000 Mbps.<br \/><strong>Altri<\/strong><br \/>Imballaggio hR<br \/><strong>Dimensioni<\/strong><br \/>44.5x54x4.5 cm.<br \/><strong>Peso<\/strong><br \/>11.00 Kg.<br \/><strong>Specifiche aggiuntive<\/strong><br \/>Cisco AIR-CT5508-K9 \u00e8 un controller wireless progettato per reti aziendali su larga scala. Supporta fino a 500 punti di accesso e 7.000 client, offrendo gestione centralizzata, elevata disponibilit\u00e0 e funzionalit\u00e0 di sicurezza avanzate. Dispone di porte Gigabit Ethernet per la connettivit\u00e0 e la compatibilit\u00e0 con gli standard 802.11a\/b\/g\/n\/ac. Fornisce una qualit\u00e0 del servizio (QoS) ottimizzata per le applicazioni critiche e consente l&#8217;integrazione con le soluzioni di mobilit\u00e0 Cisco, garantendo prestazioni affidabili e scalabili in ambienti ad alta densit\u00e0.<\/p>\n<p><strong>Commenti<\/strong><br \/><u>Fino a 500 punti di accesso &#8211; Compatibilit\u00e0 802.11a\/b\/g\/n\/ac<\/u><\/p>\n","protected":false},"excerpt":{"rendered":"<p>Switch \u00b7 Ethernet 1000 Mbps. \u00b7 8x Fibra 1000 Mbps. \u00b7 Enrackable \u00b7 <u>Fino a 500 punti di accesso &#8211; Compatibilit\u00e0 802.11a\/b\/g\/n\/ac<\/u><\/p>\n","protected":false},"featured_media":122091,"template":"","meta":[],"product_brand":[3477],"product_cat":[3889,3951],"product_tag":[],"class_list":{"0":"post-170009","1":"product","2":"type-product","3":"status-publish","4":"has-post-thumbnail","6":"product_brand-cisco","7":"product_cat-reti-it","8":"product_cat-reti-wireless-it","10":"first","11":"instock","12":"taxable","13":"shipping-taxable","14":"purchasable","15":"product-type-simple"},"bundled_by":[],"bundle_stock_status":"instock","bundle_stock_quantity":5,"bundle_virtual":false,"bundle_layout":"","bundle_add_to_cart_form_location":"","bundle_editable_in_cart":false,"bundle_sold_individually_context":"","bundle_item_grouping":"","bundle_min_size":"","bundle_max_size":"","bundle_price":[],"bundled_items":[],"bundle_sell_ids":[],"exclude_global_add_ons":[],"addons":[],"df_price":244.66,"df_sale_price":"","df_regular_price":244.66,"df_image_link":"https:\/\/zoca.es\/wp-content\/uploads\/images\/product\/12490\/cisc00092_01-300x225.jpg","_links":{"self":[{"href":"https:\/\/zoca.es\/it\/wp-json\/wp\/v2\/product\/170009","targetHints":{"allow":["GET"]}}],"collection":[{"href":"https:\/\/zoca.es\/it\/wp-json\/wp\/v2\/product"}],"about":[{"href":"https:\/\/zoca.es\/it\/wp-json\/wp\/v2\/types\/product"}],"wp:featuredmedia":[{"embeddable":true,"href":"https:\/\/zoca.es\/it\/wp-json\/wp\/v2\/media\/122091"}],"wp:attachment":[{"href":"https:\/\/zoca.es\/it\/wp-json\/wp\/v2\/media?parent=170009"}],"wp:term":[{"taxonomy":"product_brand","embeddable":true,"href":"https:\/\/zoca.es\/it\/wp-json\/wp\/v2\/product_brand?post=170009"},{"taxonomy":"product_cat","embeddable":true,"href":"https:\/\/zoca.es\/it\/wp-json\/wp\/v2\/product_cat?post=170009"},{"taxonomy":"product_tag","embeddable":true,"href":"https:\/\/zoca.es\/it\/wp-json\/wp\/v2\/product_tag?post=170009"}],"curies":[{"name":"wp","href":"https:\/\/api.w.org\/{rel}","templated":true}]}}