{"id":169842,"date":"2025-12-02T13:01:57","date_gmt":"2025-12-02T12:01:57","guid":{"rendered":"https:\/\/zoca.es\/producto\/lenovo-x13-yoga-gen-1-133-ricondizionato-core-i5-16ghz-8-gb-ram-256-gb-ssd-m2-1920x1080-it-14340\/"},"modified":"2026-02-25T09:45:36","modified_gmt":"2026-02-25T08:45:36","slug":"lenovo-x13-yoga-gen-1-133-ricondizionato-core-i5-16ghz-8-gb-ram-256-gb-ssd-m2-1920x1080-it-14340","status":"publish","type":"product","link":"https:\/\/zoca.es\/it\/producto\/lenovo-x13-yoga-gen-1-133-ricondizionato-core-i5-16ghz-8-gb-ram-256-gb-ssd-m2-1920x1080-it-14340\/","title":{"rendered":"Lenovo X13 Yoga Gen 1 13.3&#8221; | Ricondizionato | Core i5 1.6GHz | 8 GB RAM | 256 GB SSD M2 1920&#215;1080"},"content":{"rendered":"<p><strong>Processore<\/strong><br \/>Intel Core i5 10210U 1.6 GHz.<br \/><strong>Memoria RAM<\/strong><br \/>8 Gb. SO-DDR4 RAM<br \/><strong>Disco duro<\/strong><br \/>256 Gb. SSD M2<br \/><strong>Carte<\/strong><br \/>Grafica: Intel UHD Graphics<br \/>Suono: Realtek Audio<br \/>Rete: Intel Ethernet Connection I219-LM ( necesita adaptador RJ45)<br \/><strong>Sistema operativo<\/strong><br \/>Windows 11 Pro<br \/><strong>Porte<\/strong><br \/>2x USB 3.0<br \/>USB-C<br \/><strong>Schermo<\/strong><br \/>Tattile 13.3 &#8221; FullHD 16:9  \u00b7 Risoluzione 1920&#215;1080<br \/><strong>Porte video<\/strong><br \/>HDMI<br \/><strong>Multimedia<\/strong><br \/>Webcam<br \/>Lettore impronte<br \/><strong>Connettivit\u00e0<\/strong><br \/>RJ-45<br \/>WIFI<br \/>Bluetooth<br \/><strong>Specifico portatile<\/strong><br \/>Lingua tastiera Internazionale (adesivi spagnoli)<br \/><strong>Altri<\/strong><br \/>Imballaggio hR<br \/><strong>Dimensioni<\/strong><br \/>31x21x2 cm.<br \/><strong>Peso<\/strong><br \/>1.25 Kg.<br \/><strong>Specifiche aggiuntive<\/strong><br \/>Il Lenovo X13 Yoga Gen 1 \u00e8 un laptop convertibile progettato per i professionisti che cercano versatilit\u00e0, mobilit\u00e0 e prestazioni in un unico dispositivo. Dotato di Intel Core i5 di 10\u00aa generazione, 8 GB di RAM DDR4 e SSD M.2 da 256 GB, garantisce un funzionamento fluido e stabile per multitasking, applicazioni d\u2019ufficio e progetti quotidiani. Il suo touchscreen da 13,3\u201d FullHD (1920&#215;1080) permette di lavorare in modalit\u00e0 laptop tradizionale o di convertirlo in tablet per prendere appunti, fare presentazioni o interagire in modo pi\u00f9 intuitivo.<br \/>La sicurezza \u00e8 rafforzata da TPM 2.0 e lettore di impronte digitali, proteggendo i dati in modo efficiente. Include anche una webcam integrata per videoconferenze chiare e comode, ideale per riunioni a distanza o chiamate professionali. Il design compatto e robusto combina portabilit\u00e0 e durata, rendendo lo X13 Yoga un compagno di lavoro affidabile in qualsiasi ambiente.<br \/>Un laptop convertibile che unisce stile, funzionalit\u00e0 e produttivit\u00e0, offrendo un\u2019esperienza moderna e sicura per i professionisti che devono adattarsi a qualsiasi situazione con facilit\u00e0.<br \/>Buono stato esterno. Pu\u00f2 presentare lievi segni di utilizzo sulla scocca. Guarda in &#8220;+ Foto&#8221; e &#8220;Video&#8221; e se hai domande chiamaci o usa la nostra chat per ampliare le informazioni o per richiedere maggiori dettagli.<\/p>\n","protected":false},"excerpt":{"rendered":"<p>Intel Core i5 10210U 1.6 GHz. \u00b7 8 Gb. SO-DDR4 RAM \u00b7 256 Gb. SSD M2 \u00b7 <strong>Windows 11 Pro \u00b7 Tattile 13.3 &#8221; FullHD<\/strong> 16:9 \u00b7 Webcam \u00b7<u>Tastiera internazionale<\/u><\/p>\n","protected":false},"featured_media":150908,"template":"","meta":[],"product_brand":[3452],"product_cat":[3856,3942,3869,3939,3859],"product_tag":[],"class_list":{"0":"post-169842","1":"product","2":"type-product","3":"status-publish","4":"has-post-thumbnail","6":"product_brand-lenovo","7":"product_cat-portatili-it","8":"product_cat-portatili-portatili-it","9":"product_cat-tablets-it","10":"product_cat-tablets-tablets-it","11":"product_cat-portatili-tattili-it","13":"first","14":"instock","15":"taxable","16":"shipping-taxable","17":"purchasable","18":"product-type-simple"},"bundled_by":[],"bundle_stock_status":"instock","bundle_stock_quantity":9,"bundle_virtual":false,"bundle_layout":"","bundle_add_to_cart_form_location":"","bundle_editable_in_cart":false,"bundle_sold_individually_context":"","bundle_item_grouping":"","bundle_min_size":"","bundle_max_size":"","bundle_price":[],"bundled_items":[],"bundle_sell_ids":[],"exclude_global_add_ons":true,"addons":{"keyboard-iso-upgrades":{"name":"Seleziona lingua della tastiera","type":"multiple_choice","position":0,"required":false,"title_format":"heading","default":"","description_enable":false,"description":"","placeholder_enable":false,"placeholder":"","display":"radiobutton","restrictions_type":"any_text","adjust_price":false,"price":"","price_type":"quantity_based","restrictions":false,"min":"0","max":"0","options":[{"label":"Spanish Stickers [AMP00082]","price":"0.0000","price_type":"quantity_based","image":0,"visibility":true},{"label":"French Stickers [AMP00084]","price":"0.0000","price_type":"quantity_based","image":0,"visibility":true},{"label":"Portuguese Stickers [AMP00083]","price":"0.0000","price_type":"quantity_based","image":0,"visibility":true}]},"hdd-upgrades":{"name":"Estensione HDD","type":"multiple_choice","position":0,"required":false,"title_format":"heading","default":"","description_enable":false,"description":"","placeholder_enable":false,"placeholder":"","display":"radiobutton","restrictions_type":"any_text","adjust_price":false,"price":"","price_type":"quantity_based","restrictions":false,"min":"0","max":"0","options":[{"label":"SSD 500 Gb. M.2 2280 PCIe Upgrade [AMP00106]","price":110,"price_type":"quantity_based","image":0,"visibility":true},{"label":"SSD 1 Tb. M.2 2280 PCIe Upgrade [AMP00107]","price":165,"price_type":"quantity_based","image":0,"visibility":true},{"label":"SSD 2 Tb. M.2 2280 PCIe Upgrade [AMP00171]","price":260,"price_type":"quantity_based","image":0,"visibility":true}]},"os-upgrades":{"name":"Estensione SO","type":"multiple_choice","position":0,"required":false,"title_format":"heading","default":"","description_enable":false,"description":"","placeholder_enable":false,"placeholder":"","display":"radiobutton","restrictions_type":"any_text","adjust_price":false,"price":"","price_type":"quantity_based","restrictions":false,"min":"0","max":"0","options":[{"label":"Change language to French [AMP00125]","price":"0.0000","price_type":"quantity_based","image":0,"visibility":true},{"label":"Change language to English [AMP00008]","price":"0.0000","price_type":"quantity_based","image":0,"visibility":true},{"label":"Change language to Portuguese [AMP00009]","price":"0.0000","price_type":"quantity_based","image":0,"visibility":true}]},"briefcase-upgrades":{"name":"Valigetta","type":"multiple_choice","position":0,"required":false,"title_format":"heading","default":"","description_enable":false,"description":"","placeholder_enable":false,"placeholder":"","display":"radiobutton","restrictions_type":"any_text","adjust_price":false,"price":"","price_type":"quantity_based","restrictions":false,"min":"0","max":"0","options":[{"label":"Laptop Briefcase [AMP00041]","price":"5.0000","price_type":"quantity_based","image":0,"visibility":true}]}},"df_price":441.29,"df_sale_price":"","df_regular_price":441.29,"df_image_link":"https:\/\/zoca.es\/wp-content\/uploads\/images\/product\/14340\/leno01102_01-300x225.jpg","_links":{"self":[{"href":"https:\/\/zoca.es\/it\/wp-json\/wp\/v2\/product\/169842","targetHints":{"allow":["GET"]}}],"collection":[{"href":"https:\/\/zoca.es\/it\/wp-json\/wp\/v2\/product"}],"about":[{"href":"https:\/\/zoca.es\/it\/wp-json\/wp\/v2\/types\/product"}],"wp:featuredmedia":[{"embeddable":true,"href":"https:\/\/zoca.es\/it\/wp-json\/wp\/v2\/media\/150908"}],"wp:attachment":[{"href":"https:\/\/zoca.es\/it\/wp-json\/wp\/v2\/media?parent=169842"}],"wp:term":[{"taxonomy":"product_brand","embeddable":true,"href":"https:\/\/zoca.es\/it\/wp-json\/wp\/v2\/product_brand?post=169842"},{"taxonomy":"product_cat","embeddable":true,"href":"https:\/\/zoca.es\/it\/wp-json\/wp\/v2\/product_cat?post=169842"},{"taxonomy":"product_tag","embeddable":true,"href":"https:\/\/zoca.es\/it\/wp-json\/wp\/v2\/product_tag?post=169842"}],"curies":[{"name":"wp","href":"https:\/\/api.w.org\/{rel}","templated":true}]}}