{"id":169579,"date":"2024-10-14T10:41:49","date_gmt":"2024-10-14T09:41:49","guid":{"rendered":"https:\/\/zoca.es\/producto\/dell-poweredge-r810-rack-ricondizionato-xeon-octa-core-187ghz-128-gb-ram-300-gb-sas-it-12795\/"},"modified":"2026-04-14T10:53:17","modified_gmt":"2026-04-14T09:53:17","slug":"dell-poweredge-r810-rack-ricondizionato-xeon-octa-core-187ghz-128-gb-ram-300-gb-sas-it-12795","status":"publish","type":"product","link":"https:\/\/zoca.es\/it\/producto\/dell-poweredge-r810-rack-ricondizionato-xeon-octa-core-187ghz-128-gb-ram-300-gb-sas-it-12795\/","title":{"rendered":"Dell PowerEdge R810 Rack | Ricondizionato | Xeon Octa Core 1.87GHz | 128 GB RAM | 300 GB SAS"},"content":{"rendered":"<p><strong>Processore<\/strong><br \/>4x Intel Xeon Octa Core L7555 1.87 GHz.<br \/><strong>Formato<\/strong><br \/>Rack  (2U)<br \/><strong>Memoria RAM<\/strong><br \/>128 Gb. DDR3 ECC RAM<br \/>32 baies  (0 vuoti )<br \/><strong>Disco duro<\/strong><br \/>6x 300 Gb. SAS 2.5&#8221; 10000rpm<br \/>6 baies  (0 vuoti )<br \/><strong>Carte<\/strong><br \/>Grafica: G200EW WPCM450<br \/>Rete: BROADCOM BCM5709 GIGABIT<br \/><strong>Sistema operativo<\/strong><br \/>&#8211; Nessun sistema operativo &#8211;<br \/><strong>Porte<\/strong><br \/>1x Serie<br \/>4x USB 2.0<br \/><strong>Connettivit\u00e0<\/strong><br \/>6x RJ-45<br \/><strong>Alimentazione<\/strong><br \/>2x Alimentatori (Hotplug)<br \/><strong>Dimensioni<\/strong><br \/>76.5&#215;48.5&#215;8.5 cm.<br \/><strong>Peso<\/strong><br \/>23.50 Kg.<br \/><strong>Specifiche aggiuntive<\/strong><br \/>Server progettato per ambienti ad alta richiesta che richiedono potenza di elaborazione e grande capacit\u00e0 di archiviazione. Dotato di 4 processori Intel Xeon Octa Core L7555 e RAM DDR3 ECC da 128 GB, offre prestazioni eccezionali per gestire carichi di lavoro critici e virtualizzazione avanzata. I suoi 32 alloggiamenti, con 6 unit\u00e0 SAS da 300 GB a 10.000 RPM, garantiscono una capacit\u00e0 di archiviazione veloce e robusta.<br \/>Grazie al controller RAID PERC H700 e ai molteplici slot PCIe per l&#8217;espansione, questo server \u00e8 pronto a soddisfare le esigenze delle grandi infrastrutture IT e data center. Dell PowerEdge R810 \u00e8 la soluzione perfetta per le aziende che cercano scalabilit\u00e0, affidabilit\u00e0 e prestazioni elevate nelle proprie attivit\u00e0.<br \/>Buon aspetto esteriore. Se hai domande, chiamaci o utilizza la nostra chat per ulteriori informazioni o per richiedere maggiori dettagli.<\/p>\n<p><strong>Commenti<\/strong><br \/><u>Controller raid PERC H700 &#8211; 5xPCIe X8 \/ 1xPCIe X4<\/u><\/p>\n","protected":false},"excerpt":{"rendered":"<p>4x Intel Xeon Octa Core L7555 1.87 GHz. \u00b7 128 Gb. DDR3 ECC RAM \u00b7 32 baies  (0 vuoti ) \u00b7 6x 300 Gb. SAS 2.5&#8221; 10000rpm \u00b7 6 baies  (0 vuoti ) \u00b7 <u>Controller raid PERC H700 &#8211; 5xPCIe X8 \/ 1xPCIe X4<\/u><\/p>\n","protected":false},"featured_media":116431,"template":"","meta":[],"product_brand":[3445],"product_cat":[3884,3882],"product_tag":[],"class_list":{"0":"post-169579","1":"product","2":"type-product","3":"status-publish","4":"has-post-thumbnail","6":"product_brand-dell","7":"product_cat-server-rack-it","8":"product_cat-server-it","10":"first","11":"instock","12":"taxable","13":"shipping-taxable","14":"purchasable","15":"product-type-simple"},"bundled_by":[],"bundle_stock_status":"instock","bundle_stock_quantity":3,"bundle_virtual":false,"bundle_layout":"","bundle_add_to_cart_form_location":"","bundle_editable_in_cart":false,"bundle_sold_individually_context":"","bundle_item_grouping":"","bundle_min_size":"","bundle_max_size":"","bundle_price":[],"bundled_items":[],"bundle_sell_ids":[],"exclude_global_add_ons":[],"addons":[],"df_price":1784.63,"df_sale_price":"","df_regular_price":1784.63,"df_image_link":"https:\/\/zoca.es\/wp-content\/uploads\/images\/product\/12795\/dell01330_01-300x225.jpg","_links":{"self":[{"href":"https:\/\/zoca.es\/it\/wp-json\/wp\/v2\/product\/169579","targetHints":{"allow":["GET"]}}],"collection":[{"href":"https:\/\/zoca.es\/it\/wp-json\/wp\/v2\/product"}],"about":[{"href":"https:\/\/zoca.es\/it\/wp-json\/wp\/v2\/types\/product"}],"wp:featuredmedia":[{"embeddable":true,"href":"https:\/\/zoca.es\/it\/wp-json\/wp\/v2\/media\/116431"}],"wp:attachment":[{"href":"https:\/\/zoca.es\/it\/wp-json\/wp\/v2\/media?parent=169579"}],"wp:term":[{"taxonomy":"product_brand","embeddable":true,"href":"https:\/\/zoca.es\/it\/wp-json\/wp\/v2\/product_brand?post=169579"},{"taxonomy":"product_cat","embeddable":true,"href":"https:\/\/zoca.es\/it\/wp-json\/wp\/v2\/product_cat?post=169579"},{"taxonomy":"product_tag","embeddable":true,"href":"https:\/\/zoca.es\/it\/wp-json\/wp\/v2\/product_tag?post=169579"}],"curies":[{"name":"wp","href":"https:\/\/api.w.org\/{rel}","templated":true}]}}