{"id":169420,"date":"2026-01-07T13:15:05","date_gmt":"2026-01-07T12:15:05","guid":{"rendered":"https:\/\/zoca.es\/producto\/switch-cyberoam-cr-25wing-firewall-ricondizionato-it-14108\/"},"modified":"2026-02-25T10:19:18","modified_gmt":"2026-02-25T09:19:18","slug":"switch-cyberoam-cr-25wing-firewall-ricondizionato-it-14108","status":"publish","type":"product","link":"https:\/\/zoca.es\/it\/producto\/switch-cyberoam-cr-25wing-firewall-ricondizionato-it-14108\/","title":{"rendered":"Switch Cyberoam CR 25wiNG Firewall | Ricondizionato"},"content":{"rendered":"<p><strong>Generale stampante<\/strong><br \/>Switch<br \/><strong>Porte di rete<\/strong><br \/>4x Ethernet 1000 Mbps.<br \/><strong>Dimensioni<\/strong><br \/>23.5x16x4.5 cm.<br \/><strong>Peso<\/strong><br \/>2.00 Kg.<br \/><strong>Specifiche aggiuntive<\/strong><br \/>Il CR25wiNG \u00e8 una soluzione di sicurezza completa \u201ctutto in uno\u201d, progettata per proteggere reti aziendali e professionali con un approccio avanzato, centralizzato e facile da gestire. Non si tratta solo di un firewall tradizionale, ma di un sistema completo di sicurezza perimetrale che combina protezione della rete, controllo delle applicazioni, sicurezza web e connettivit\u00e0 wireless in un unico dispositivo, ideale per PMI, uffici remoti e ambienti aziendali che richiedono un alto livello di protezione senza eccessiva complessit\u00e0.<br \/>Nell\u2019ambito della sicurezza, il CR25wiNG integra un firewall con ispezione dello stato, consentendo il filtraggio per IP, porta, applicazione e utente per un controllo preciso del traffico. Include un Sistema di Prevenzione delle Intrusioni (IPS) per il rilevamento e la prevenzione attiva di intrusioni e attacchi alla rete, nonch\u00e9 antivirus, anti-spyware e anti-spam a livello di gateway, proteggendo la rete prima che le minacce raggiungano i dispositivi interni. Il filtraggio web e dei contenuti consente di applicare politiche per categorie e URL, mentre il controllo delle applicazioni a livello Layer 7 offre piena visibilit\u00e0 sull\u2019uso reale della rete. Inoltre, integra protezione avanzata delle applicazioni web (WAF) e un sistema completo di gestione e reporting, con log e report dettagliati per audit e controllo.<br \/>Per quanto riguarda connettivit\u00e0 e prestazioni, il CR25wiNG dispone di 4 porte Ethernet Gigabit configurabili come LAN, WAN o DMZ, adattandosi a diverse topologie di rete. Supporta VLAN 802.1q e la creazione di pi\u00f9 zone di sicurezza, facilitando la segmentazione della rete e aumentando il livello di protezione. Include Wi-Fi integrato compatibile con gli standard 802.11b\/g\/n, supportando 2,4 GHz e parte dei 5 GHz, con tecnologia 3\u00d73 MIMO, garantendo migliore copertura e maggiore velocit\u00e0 wireless. \u00c8 possibile configurare fino a 8 SSID con sicurezza WPA\/WPA2, 802.1x e crittografia AES\/TKIP, rendendolo una soluzione flessibile sia per utenti interni sia per reti guest.<br \/>In sintesi, il CR25wiNG \u00e8 una soluzione di sicurezza e connettivit\u00e0 robusta, efficiente e scalabile, pensata per aziende che necessitano di proteggere la rete, controllare il traffico e semplificare la gestione della sicurezza da un unico dispositivo affidabile e professionale.<br \/>Aspetto esterno gradevole. Se avete domande, chiamateci o utilizzate la nostra chat per ulteriori informazioni o per richiedere maggiori dettagli.<br \/><strong>Commenti<\/strong><br \/><u>UTM + Wi-Fi per SOHO\/PMI &#8211; Stateful + identit\u00e0 (Layer 8) &#8211; Antivirus, IPS, controllo web\/app, anti-spam &#8211; 4\u00d7 GbE, Wi-Fi 3\u00d73 MIMO<\/u><\/p>\n","protected":false},"excerpt":{"rendered":"<p>Switch \u00b7 4x Ethernet 1000 Mbps. \u00b7 <u>UTM + Wi-Fi per SOHO\/PMI &#8211; Stateful + identit\u00e0 (Layer 8) &#8211; Antivirus, IPS, controllo web\/app, anti-spam &#8211; 4\u00d7 GbE, Wi-Fi 3\u00d73 MIMO<\/u><\/p>\n","protected":false},"featured_media":154693,"template":"","meta":[],"product_brand":[3511],"product_cat":[3889,3949],"product_tag":[],"class_list":{"0":"post-169420","1":"product","2":"type-product","3":"status-publish","4":"has-post-thumbnail","6":"product_brand-cyberoam","7":"product_cat-reti-it","8":"product_cat-reti-switches-it","10":"first","11":"instock","12":"taxable","13":"shipping-taxable","14":"purchasable","15":"product-type-simple"},"bundled_by":[],"bundle_stock_status":"instock","bundle_stock_quantity":1,"bundle_virtual":false,"bundle_layout":"","bundle_add_to_cart_form_location":"","bundle_editable_in_cart":false,"bundle_sold_individually_context":"","bundle_item_grouping":"","bundle_min_size":"","bundle_max_size":"","bundle_price":[],"bundled_items":[],"bundle_sell_ids":[],"exclude_global_add_ons":[],"addons":[],"df_price":143.99,"df_sale_price":"","df_regular_price":143.99,"df_image_link":"https:\/\/zoca.es\/wp-content\/uploads\/images\/product\/14108\/cyb00001_01-300x225.jpg","_links":{"self":[{"href":"https:\/\/zoca.es\/it\/wp-json\/wp\/v2\/product\/169420","targetHints":{"allow":["GET"]}}],"collection":[{"href":"https:\/\/zoca.es\/it\/wp-json\/wp\/v2\/product"}],"about":[{"href":"https:\/\/zoca.es\/it\/wp-json\/wp\/v2\/types\/product"}],"wp:featuredmedia":[{"embeddable":true,"href":"https:\/\/zoca.es\/it\/wp-json\/wp\/v2\/media\/154693"}],"wp:attachment":[{"href":"https:\/\/zoca.es\/it\/wp-json\/wp\/v2\/media?parent=169420"}],"wp:term":[{"taxonomy":"product_brand","embeddable":true,"href":"https:\/\/zoca.es\/it\/wp-json\/wp\/v2\/product_brand?post=169420"},{"taxonomy":"product_cat","embeddable":true,"href":"https:\/\/zoca.es\/it\/wp-json\/wp\/v2\/product_cat?post=169420"},{"taxonomy":"product_tag","embeddable":true,"href":"https:\/\/zoca.es\/it\/wp-json\/wp\/v2\/product_tag?post=169420"}],"curies":[{"name":"wp","href":"https:\/\/api.w.org\/{rel}","templated":true}]}}