{"id":168950,"date":"2026-02-16T09:56:08","date_gmt":"2026-02-16T08:56:08","guid":{"rendered":"https:\/\/zoca.es\/producto\/dell-vostro-7500-156-difetto-core-i7-26ghz-16-gb-ram-1024-gb-ssd-m2-1920x1080-it-14673\/"},"modified":"2026-02-25T09:42:07","modified_gmt":"2026-02-25T08:42:07","slug":"dell-vostro-7500-156-difetto-core-i7-26ghz-16-gb-ram-1024-gb-ssd-m2-1920x1080-it-14673","status":"publish","type":"product","link":"https:\/\/zoca.es\/it\/producto\/dell-vostro-7500-156-difetto-core-i7-26ghz-16-gb-ram-1024-gb-ssd-m2-1920x1080-it-14673\/","title":{"rendered":"Dell Vostro 7500 15.6&#8221; | Difetto | Core i7 2.6GHz | 16 GB RAM | 1024 GB SSD M2 1920&#215;1080"},"content":{"rendered":"<p><strong>Processore<\/strong><br \/>Intel Core i7 10750H 2.6 GHz.<br \/><strong>Memoria RAM<\/strong><br \/>16 Gb. SO-DDR4 RAM<br \/><strong>Disco duro<\/strong><br \/>1.00 Tb. SSD M2<br \/><strong>Carte<\/strong><br \/>Grafica: nVIDIA Geforce GTX-1650TI 4Gb \/\/ Intel UHD Graphics 630<br \/>Suono: Realtek HD Audio<br \/><strong>Sistema operativo<\/strong><br \/>Windows 11 Pro<br \/><strong>Porte<\/strong><br \/>USB-C<br \/>2x USB 3.1<br \/><strong>Schermo<\/strong><br \/>IPS 15.6 &#8221; FullHD 16:10  \u00b7 Risoluzione 1920&#215;1080<br \/><strong>Porte video<\/strong><br \/>HDMI<br \/><strong>Multimedia<\/strong><br \/>Webcam<br \/>Lettore SD<br \/><strong>Connettivit\u00e0<\/strong><br \/>WIFI<br \/>Bluetooth<br \/><strong>Specifico portatile<\/strong><br \/>Lingua tastiera Internazionale (adesivi spagnoli)<br \/>Tastierino numerico<br \/><strong>Dimensioni<\/strong><br \/>35x23x1.8 cm.<br \/><strong>Peso<\/strong><br \/>1.90 Kg.<br \/><strong>Commenti<\/strong><br \/><u>Lievi segni di usura sulla scocca. Si tratta di segni di usura e piccole ammaccature sulla cornice dello schermo e sul poggiapolsi. Non sono molto evidenti. Piccolo graffio sullo schermo. \u00c8 visibile solo a schermo spento; quando \u00e8 acceso, con sfondi sia bianchi che scuri, \u00e8 appena percettibile. Vedi &#8220;+ Foto&#8221; e per qualsiasi domanda, chiamaci o usa la nostra chat per maggiori informazioni o per richiedere ulteriori dettagli.<\/u><\/p>\n","protected":false},"excerpt":{"rendered":"<p>Intel Core i7 10750H 2.6 GHz. \u00b7 16 Gb. SO-DDR4 RAM \u00b7<u>Lievi segni di usura sulla custodia. Lievissimo segno sullo schermo (vedi in &#8220;+ Foto&#8221;)<\/u><\/p>\n","protected":false},"featured_media":159855,"template":"","meta":[],"product_brand":[3445],"product_cat":[3861,3932,3856,3936],"product_tag":[],"class_list":{"0":"post-168950","1":"product","2":"type-product","3":"status-publish","4":"has-post-thumbnail","6":"product_brand-dell","7":"product_cat-portatili-con-difetti-it","8":"product_cat-con-difetti-it","9":"product_cat-portatili-it","10":"product_cat-con-difetti-portatili-it","12":"first","13":"instock","14":"taxable","15":"shipping-taxable","16":"purchasable","17":"product-type-simple"},"bundled_by":[],"bundle_stock_status":"instock","bundle_stock_quantity":2,"bundle_virtual":false,"bundle_layout":"","bundle_add_to_cart_form_location":"","bundle_editable_in_cart":false,"bundle_sold_individually_context":"","bundle_item_grouping":"","bundle_min_size":"","bundle_max_size":"","bundle_price":[],"bundled_items":[],"bundle_sell_ids":[],"exclude_global_add_ons":true,"addons":{"keyboard-iso-upgrades":{"name":"Seleziona lingua della tastiera","type":"multiple_choice","position":0,"required":false,"title_format":"heading","default":"","description_enable":false,"description":"","placeholder_enable":false,"placeholder":"","display":"radiobutton","restrictions_type":"any_text","adjust_price":false,"price":"","price_type":"quantity_based","restrictions":false,"min":"0","max":"0","options":[{"label":"Spanish Stickers [AMP00082]","price":"0.0000","price_type":"quantity_based","image":0,"visibility":true},{"label":"French Stickers [AMP00084]","price":"0.0000","price_type":"quantity_based","image":0,"visibility":true},{"label":"Portuguese Stickers [AMP00083]","price":"0.0000","price_type":"quantity_based","image":0,"visibility":true}]},"hdd-upgrades":{"name":"Estensione HDD","type":"multiple_choice","position":0,"required":false,"title_format":"heading","default":"","description_enable":false,"description":"","placeholder_enable":false,"placeholder":"","display":"radiobutton","restrictions_type":"any_text","adjust_price":false,"price":"","price_type":"quantity_based","restrictions":false,"min":"0","max":"0","options":[{"label":"SSD 2 Tb. M.2 2280 PCIe Upgrade [AMP00171]","price":260,"price_type":"quantity_based","image":0,"visibility":true},{"label":"Additional SSD 500 Gb. M.2 2280 PCIe [AMP00108]","price":115,"price_type":"quantity_based","image":0,"visibility":true},{"label":"1 Tb SSD disk. M.2 2280 PCIe Additional [AMP00109]","price":170,"price_type":"quantity_based","image":0,"visibility":true},{"label":"2 Tb SSD disk. M.2 2280 PCIe Additional [AMP00176]","price":265,"price_type":"quantity_based","image":0,"visibility":true}]},"os-upgrades":{"name":"Estensione SO","type":"multiple_choice","position":0,"required":false,"title_format":"heading","default":"","description_enable":false,"description":"","placeholder_enable":false,"placeholder":"","display":"radiobutton","restrictions_type":"any_text","adjust_price":false,"price":"","price_type":"quantity_based","restrictions":false,"min":"0","max":"0","options":[{"label":"Change language to French [AMP00125]","price":"0.0000","price_type":"quantity_based","image":0,"visibility":true},{"label":"Change language to English [AMP00008]","price":"0.0000","price_type":"quantity_based","image":0,"visibility":true},{"label":"Change language to Portuguese [AMP00009]","price":"0.0000","price_type":"quantity_based","image":0,"visibility":true}]},"briefcase-upgrades":{"name":"Valigetta","type":"multiple_choice","position":0,"required":false,"title_format":"heading","default":"","description_enable":false,"description":"","placeholder_enable":false,"placeholder":"","display":"radiobutton","restrictions_type":"any_text","adjust_price":false,"price":"","price_type":"quantity_based","restrictions":false,"min":"0","max":"0","options":[{"label":"Laptop Briefcase [AMP00041]","price":"5.0000","price_type":"quantity_based","image":0,"visibility":true}]}},"df_price":990.26,"df_sale_price":"","df_regular_price":990.26,"df_image_link":"https:\/\/zoca.es\/wp-content\/uploads\/images\/product\/14673\/dell01601tr01_01-300x225.jpg","_links":{"self":[{"href":"https:\/\/zoca.es\/it\/wp-json\/wp\/v2\/product\/168950","targetHints":{"allow":["GET"]}}],"collection":[{"href":"https:\/\/zoca.es\/it\/wp-json\/wp\/v2\/product"}],"about":[{"href":"https:\/\/zoca.es\/it\/wp-json\/wp\/v2\/types\/product"}],"wp:featuredmedia":[{"embeddable":true,"href":"https:\/\/zoca.es\/it\/wp-json\/wp\/v2\/media\/159855"}],"wp:attachment":[{"href":"https:\/\/zoca.es\/it\/wp-json\/wp\/v2\/media?parent=168950"}],"wp:term":[{"taxonomy":"product_brand","embeddable":true,"href":"https:\/\/zoca.es\/it\/wp-json\/wp\/v2\/product_brand?post=168950"},{"taxonomy":"product_cat","embeddable":true,"href":"https:\/\/zoca.es\/it\/wp-json\/wp\/v2\/product_cat?post=168950"},{"taxonomy":"product_tag","embeddable":true,"href":"https:\/\/zoca.es\/it\/wp-json\/wp\/v2\/product_tag?post=168950"}],"curies":[{"name":"wp","href":"https:\/\/api.w.org\/{rel}","templated":true}]}}