{"id":168201,"date":"2026-01-29T11:49:07","date_gmt":"2026-01-29T10:49:07","guid":{"rendered":"https:\/\/zoca.es\/producto\/dell-poweredge-r410-barebone-rack-ricondizionato-xeon-quad-core-253ghz-8-gb-ram-sin-disco-it-14003\/"},"modified":"2026-02-25T10:14:33","modified_gmt":"2026-02-25T09:14:33","slug":"dell-poweredge-r410-barebone-rack-ricondizionato-xeon-quad-core-253ghz-8-gb-ram-sin-disco-it-14003","status":"publish","type":"product","link":"https:\/\/zoca.es\/it\/producto\/dell-poweredge-r410-barebone-rack-ricondizionato-xeon-quad-core-253ghz-8-gb-ram-sin-disco-it-14003\/","title":{"rendered":"Dell PowerEdge R410-Barebone Rack | Ricondizionato | Xeon Quad Core 2.53GHz | 8 GB RAM | &#8211; Sin disco &#8211;"},"content":{"rendered":"<p><strong>Processore<\/strong><br \/>2x Intel Xeon Quad Core E5540 2.53 GHz.<br \/><strong>Formato<\/strong><br \/>Rack (1U)<br \/><strong>Memoria RAM<\/strong><br \/>8 Gb. DDR3 ECC RAM<br \/>8 baies (6 vuoti )<br \/><strong>Disco duro<\/strong><br \/>&#8211; Sin disco &#8211; 3.5&#8221;<br \/>4 baies<br \/><strong>Unit\u00e0 ottica<\/strong><br \/>DVD<br \/><strong>Carte<\/strong><br \/>Grafica: MATROX G200EW<br \/>Rete: broadcom BCM5716<br \/><strong>Sistema operativo<\/strong><br \/>COA Windows Server 2008 aggiornato a &#8211; Nessun sistema operativo &#8211;<br \/><strong>Porte<\/strong><br \/>Serie<br \/>4x USB 2.0<br \/><strong>Connettivit\u00e0<\/strong><br \/>2x RJ-45<br \/><strong>Alimentazione<\/strong><br \/>2x Alimentatori (Hotplug)<br \/><strong>Altri<\/strong><br \/>Imballaggio hR<br \/><strong>Dimensioni<\/strong><br \/>xx cm.<br \/><strong>Peso<\/strong><br \/>15.00 Kg.<br \/><strong>Specifiche aggiuntive<\/strong><br \/>Il Dell PowerEdge R410-Barebone \u00e8 sinonimo di flessibilit\u00e0 ed efficienza, ideale per i distributori informatici che cercano una piattaforma affidabile e pronta per l\u2019espansione in ambienti aziendali ad alto ritmo. Il doppio processore Intel Xeon Quad Core E5540 a 2,53 GHz e gli 8 GB di memoria RAM DDR3 ECC garantiscono prestazioni stabili nelle attivit\u00e0 intensive, dalla virtualizzazione leggera ai server di file condivisi.Progettato per crescere al ritmo dei tuoi progetti, questo server include 4 alloggiamenti per dischi da 3.5\u201d, facilitando la personalizzazione dello storage e l\u2019integrazione di futuri ampliamenti senza complicazioni. Grazie al potente controller RAID PERC 6i e allo slot PCIe X16, aggiungere protezione dei dati o schede aggiuntive \u00e8 rapido e semplice, riducendo i tempi di manutenzione e migliorando l\u2019adattabilit\u00e0 per ogni tipo di soluzione IT.Il suo formato compatto da 1U consente di ottimizzare lo spazio nel rack, mentre il design barebone facilita l\u2019integrazione su misura per ogni cliente finale, adattando l\u2019hardware alle esigenze esatte di ogni implementazione, dalle PMI alle infrastrutture pi\u00f9 robuste. La presenza dell\u2019unit\u00e0 DVD offre vantaggi per installazioni fisiche o aggiornamenti rapidi.Il PowerEdge R410-Barebone \u00e8 una scelta sicura per il canale, offrendo margine e soluzioni versatili con un eccellente rapporto qualit\u00e0-prezzo.Buon aspetto esterno. Se hai qualche dubbio, chiamaci o utilizza la nostra chat per ampliare le informazioni o per richiedere maggiori dettagli.<br \/><strong>Commenti<\/strong><br \/><u>Perc 6i Raid Controller &#8211; 1xPCIe X16<\/u><\/p>\n","protected":false},"excerpt":{"rendered":"<p>2x Intel Xeon Quad Core E5540 2.53 GHz. \u00b7 8 Gb. DDR3 ECC RAM \u00b7 8 baies (6 vuoti ) &#8211; 3.5&#8221; \u00b7 4 baies \u00b7 DVD \u00b7<br \/>\n<strong>Perc 6i Raid Controller<\/strong> &#8211; <u>1xPCIe X16<br \/>\n<\/u><\/p>\n","protected":false},"featured_media":156653,"template":"","meta":[],"product_brand":[3445],"product_cat":[3947,3884,3882],"product_tag":[],"class_list":{"0":"post-168201","1":"product","2":"type-product","3":"status-publish","4":"has-post-thumbnail","6":"product_brand-dell","7":"product_cat-barebone-it","8":"product_cat-server-rack-it","9":"product_cat-server-it","11":"first","12":"instock","13":"taxable","14":"shipping-taxable","15":"purchasable","16":"product-type-simple"},"bundled_by":[],"bundle_stock_status":"instock","bundle_stock_quantity":1,"bundle_virtual":false,"bundle_layout":"","bundle_add_to_cart_form_location":"","bundle_editable_in_cart":false,"bundle_sold_individually_context":"","bundle_item_grouping":"","bundle_min_size":"","bundle_max_size":"","bundle_price":[],"bundled_items":[],"bundle_sell_ids":[],"exclude_global_add_ons":true,"addons":{"hdd-upgrades":{"name":"Estensione HDD","type":"multiple_choice","position":0,"required":false,"title_format":"heading","default":"","description_enable":false,"description":"","placeholder_enable":false,"placeholder":"","display":"radiobutton","restrictions_type":"any_text","adjust_price":false,"price":"","price_type":"quantity_based","restrictions":false,"min":"0","max":"0","options":[{"label":"2x SSD 240 Gb. [AMP00058]","price":"100.0000","price_type":"quantity_based","image":0,"visibility":true},{"label":"2x SSD 480 Gb. [AMP00059]","price":"200.0000","price_type":"quantity_based","image":0,"visibility":true}]}},"df_price":244.66,"df_sale_price":"","df_regular_price":244.66,"df_image_link":"https:\/\/zoca.es\/wp-content\/uploads\/images\/product\/14003\/dell01503_01-300x225.jpg","_links":{"self":[{"href":"https:\/\/zoca.es\/it\/wp-json\/wp\/v2\/product\/168201","targetHints":{"allow":["GET"]}}],"collection":[{"href":"https:\/\/zoca.es\/it\/wp-json\/wp\/v2\/product"}],"about":[{"href":"https:\/\/zoca.es\/it\/wp-json\/wp\/v2\/types\/product"}],"wp:featuredmedia":[{"embeddable":true,"href":"https:\/\/zoca.es\/it\/wp-json\/wp\/v2\/media\/156653"}],"wp:attachment":[{"href":"https:\/\/zoca.es\/it\/wp-json\/wp\/v2\/media?parent=168201"}],"wp:term":[{"taxonomy":"product_brand","embeddable":true,"href":"https:\/\/zoca.es\/it\/wp-json\/wp\/v2\/product_brand?post=168201"},{"taxonomy":"product_cat","embeddable":true,"href":"https:\/\/zoca.es\/it\/wp-json\/wp\/v2\/product_cat?post=168201"},{"taxonomy":"product_tag","embeddable":true,"href":"https:\/\/zoca.es\/it\/wp-json\/wp\/v2\/product_tag?post=168201"}],"curies":[{"name":"wp","href":"https:\/\/api.w.org\/{rel}","templated":true}]}}