{"id":168167,"date":"2025-05-30T12:04:29","date_gmt":"2025-05-30T11:04:29","guid":{"rendered":"https:\/\/zoca.es\/producto\/hp-elite-x2-g8-impecable-13-ricondizionato-core-i5-26ghz-8-gb-ram-256-gb-ssd-m2-3000x2000-it-13334\/"},"modified":"2026-04-23T07:45:21","modified_gmt":"2026-04-23T06:45:21","slug":"hp-elite-x2-g8-impecable-13-ricondizionato-core-i5-26ghz-8-gb-ram-256-gb-ssd-m2-3000x2000-it-13334","status":"publish","type":"product","link":"https:\/\/zoca.es\/it\/producto\/hp-elite-x2-g8-impecable-13-ricondizionato-core-i5-26ghz-8-gb-ram-256-gb-ssd-m2-3000x2000-it-13334\/","title":{"rendered":"HP Elite X2 G8-Impecable 13&#8221; | Ricondizionato | Core i5 2.6GHz | 8 GB RAM | 256 GB SSD M2 3000&#215;2000"},"content":{"rendered":"<p><strong>Processore<\/strong><br \/>Intel Core i5 i5-1145G7 2.6 GHz.<br \/><strong>Memoria RAM<\/strong><br \/>8 Gb. SO-DDR4 RAM<br \/><strong>Disco duro<\/strong><br \/>256 Gb. SSD M2<br \/><strong>Carte<\/strong><br \/>Grafica: Intel Irix Xe Graphics<br \/>Suono: Audio Bang &amp; Olufsen<br \/><strong>Sistema operativo<\/strong><br \/>Windows 11 Pro<br \/><strong>Porte<\/strong><br \/>3x USB-C<br \/><strong>Schermo<\/strong><br \/>Tattile 13 &#8221; 2K 16:10  \u00b7 Risoluzione 3000&#215;2000<br \/><strong>Multimedia<\/strong><br \/>Lettore impronte<br \/>Webcam posteriore<br \/>Webcam frontale<br \/><strong>Connettivit\u00e0<\/strong><br \/>WIFI<br \/>Bluetooth<br \/>4G<br \/><strong>Altri<\/strong><br \/>Imballaggio hR<br \/><strong>Dimensioni<\/strong><br \/>29&#215;22.5&#215;2 cm.<br \/><strong>Peso<\/strong><br \/>1.15 Kg.<br \/><strong>Specifiche aggiuntive<\/strong><br \/>HP Elite X2 G8 \u00e8 una soluzione di elaborazione di fascia alta progettata per i professionisti che necessitano di mobilit\u00e0, sicurezza e potenza in un unico dispositivo. \u00c8 dotato di un processore Intel Core i5-1145G7 da 2,6 GHz, 8 GB di RAM SO-DDR4 e un veloce SSD M.2 da 256 GB, garantendo prestazioni efficienti nel multitasking, nelle applicazioni aziendali e nella produttivit\u00e0 mobile.<br \/>Il suo touchscreen da 13 pollici con risoluzione 2K (3000&#215;2000) e formato 16:10 offre un&#8217;esperienza visiva eccezionale, ideale per lavori grafici, letture prolungate o presentazioni. Dotato di Windows 11 Pro e TPM 2.0, questo tablet soddisfa gli standard aziendali di sicurezza e compatibilit\u00e0.<br \/>Compatto, resistente e sofisticato, HP Elite X2 G8 \u00e8 la scelta ideale per chi cerca un tablet 2 in 1 professionale con display ad alta risoluzione e grande affidabilit\u00e0.<br \/>Buon aspetto esteriore. Guarda sotto \u201c+ Foto\u201d e se hai domande, chiamaci o usa la nostra chat per maggiori informazioni o per richiedere maggiori dettagli.<\/p>\n","protected":false},"excerpt":{"rendered":"<p>Intel Core i5 i5-1145G7 2.6 GHz. \u00b7 8 Gb. SO-DDR4 RAM \u00b7 256 Gb. SSD M2 \u00b7 <strong>Windows 11 Pro<\/strong> \u00b7 Tattile 13 &#8221; 2K 16:10 \u00b7 Risoluzione 3000&#215;2000 \u00b7<u>Tastiera internazionale<\/u><\/p>\n","protected":false},"featured_media":135118,"template":"","meta":[],"product_brand":[3453],"product_cat":[3869,3939],"product_tag":[],"class_list":{"0":"post-168167","1":"product","2":"type-product","3":"status-publish","4":"has-post-thumbnail","6":"product_brand-hp","7":"product_cat-tablets-it","8":"product_cat-tablets-tablets-it","10":"first","11":"instock","12":"taxable","13":"shipping-taxable","14":"purchasable","15":"product-type-simple"},"bundled_by":[],"bundle_stock_status":"instock","bundle_stock_quantity":1,"bundle_virtual":false,"bundle_layout":"","bundle_add_to_cart_form_location":"","bundle_editable_in_cart":false,"bundle_sold_individually_context":"","bundle_item_grouping":"","bundle_min_size":"","bundle_max_size":"","bundle_price":[],"bundled_items":[],"bundle_sell_ids":[],"exclude_global_add_ons":true,"addons":{"keyboard-iso-upgrades":{"name":"Seleziona lingua della tastiera","type":"multiple_choice","position":0,"required":false,"title_format":"heading","default":"","description_enable":false,"description":"","placeholder_enable":false,"placeholder":"","display":"radiobutton","restrictions_type":"any_text","adjust_price":false,"price":"","price_type":"quantity_based","restrictions":false,"min":"0","max":"0","options":[{"label":"Spanish Stickers [AMP00082]","price":"0.0000","price_type":"quantity_based","image":0,"visibility":true},{"label":"French Stickers [AMP00084]","price":"0.0000","price_type":"quantity_based","image":0,"visibility":true},{"label":"Portuguese Stickers [AMP00083]","price":"0.0000","price_type":"quantity_based","image":0,"visibility":true}]},"pencil-upgrades":{"name":"Estensione Matita","type":"multiple_choice","position":0,"required":false,"title_format":"heading","default":"","description_enable":false,"description":"","placeholder_enable":false,"placeholder":"","display":"radiobutton","restrictions_type":"any_text","adjust_price":false,"price":"","price_type":"quantity_based","restrictions":false,"min":"0","max":"0","options":[{"label":"Active Stylus HP Elite X2 [AMP00092]","price":"35.0000","price_type":"quantity_based","image":0,"visibility":true}]},"os-upgrades":{"name":"Estensione SO","type":"multiple_choice","position":0,"required":false,"title_format":"heading","default":"","description_enable":false,"description":"","placeholder_enable":false,"placeholder":"","display":"radiobutton","restrictions_type":"any_text","adjust_price":false,"price":"","price_type":"quantity_based","restrictions":false,"min":"0","max":"0","options":[{"label":"Change language to French [AMP00125]","price":"0.0000","price_type":"quantity_based","image":0,"visibility":true},{"label":"Change language to English [AMP00008]","price":"0.0000","price_type":"quantity_based","image":0,"visibility":true},{"label":"Change language to Portuguese [AMP00009]","price":"0.0000","price_type":"quantity_based","image":0,"visibility":true}]}},"df_price":666.23,"df_sale_price":"","df_regular_price":666.23,"df_image_link":"https:\/\/zoca.es\/wp-content\/uploads\/images\/product\/13334\/hp02905_01-300x225.jpg","_links":{"self":[{"href":"https:\/\/zoca.es\/it\/wp-json\/wp\/v2\/product\/168167","targetHints":{"allow":["GET"]}}],"collection":[{"href":"https:\/\/zoca.es\/it\/wp-json\/wp\/v2\/product"}],"about":[{"href":"https:\/\/zoca.es\/it\/wp-json\/wp\/v2\/types\/product"}],"wp:featuredmedia":[{"embeddable":true,"href":"https:\/\/zoca.es\/it\/wp-json\/wp\/v2\/media\/135118"}],"wp:attachment":[{"href":"https:\/\/zoca.es\/it\/wp-json\/wp\/v2\/media?parent=168167"}],"wp:term":[{"taxonomy":"product_brand","embeddable":true,"href":"https:\/\/zoca.es\/it\/wp-json\/wp\/v2\/product_brand?post=168167"},{"taxonomy":"product_cat","embeddable":true,"href":"https:\/\/zoca.es\/it\/wp-json\/wp\/v2\/product_cat?post=168167"},{"taxonomy":"product_tag","embeddable":true,"href":"https:\/\/zoca.es\/it\/wp-json\/wp\/v2\/product_tag?post=168167"}],"curies":[{"name":"wp","href":"https:\/\/api.w.org\/{rel}","templated":true}]}}