{"id":167928,"date":"2025-02-14T13:34:48","date_gmt":"2025-02-14T12:34:48","guid":{"rendered":"https:\/\/zoca.es\/producto\/hp-prodesk-400-g6-sff-ricondizionato-core-i5-29ghz-16-gb-ram-256-gb-ssd-m2-it-13220\/"},"modified":"2026-04-16T07:57:54","modified_gmt":"2026-04-16T06:57:54","slug":"hp-prodesk-400-g6-sff-ricondizionato-core-i5-29ghz-16-gb-ram-256-gb-ssd-m2-it-13220","status":"publish","type":"product","link":"https:\/\/zoca.es\/it\/producto\/hp-prodesk-400-g6-sff-ricondizionato-core-i5-29ghz-16-gb-ram-256-gb-ssd-m2-it-13220\/","title":{"rendered":"HP ProDesk 400 G6 SFF | Ricondizionato | Core i5 2.9GHz | 16 GB RAM | 256 GB SSD M2"},"content":{"rendered":"<p><strong>Processore<\/strong><br \/>Intel Core i5 9400 2.9 GHz.<br \/><strong>Formato<\/strong><br \/>SFF<br \/><strong>Memoria RAM<\/strong><br \/>16 Gb. DDR4 RAM<br \/><strong>Disco duro<\/strong><br \/>256 Gb. SSD M2<br \/><strong>Carte<\/strong><br \/>Grafica: Intel UHD 630<br \/>Suono: Synaptics HD Audio<br \/>Rete: Realtek PCIe GBe family<br \/><strong>Sistema operativo<\/strong><br \/>Windows 11 Pro<br \/><strong>Porte<\/strong><br \/>4x USB 2.0<br \/>4x USB 3.0<br \/><strong>Porte video<\/strong><br \/>VGA<br \/>Display Port<br \/><strong>Connettivit\u00e0<\/strong><br \/>RJ-45<br \/><strong>Altri<\/strong><br \/>Imballaggio hR<br \/><strong>Dimensioni<\/strong><br \/>30.5x27x9.5 cm.<br \/><strong>Peso<\/strong><br \/>3.80 Kg.<br \/><strong>Specifiche aggiuntive<\/strong><br \/>HP ProDesk 400 G6 \u00e8 un computer desktop potente e affidabile, progettato per soddisfare le esigenze di professionisti e aziende che cercano un computer agile ed efficiente. Alimentato da un processore Intel Core i5 9400 da 2.90 GHz, offre solide prestazioni per multitasking, automazione d&#8217;ufficio avanzata e applicazioni aziendali esigenti. Con 16 GB di memoria DDR4 e un SSD M.2 da 512 GB, garantisce un avvio rapido del sistema, tempi di caricamento ridotti e un&#8217;esperienza quotidiana fluida. Viene fornito con Windows 11 Pro, che fornisce un ambiente sicuro e ottimizzato per la produttivit\u00e0, con strumenti avanzati di gestione e sicurezza rafforzati con TPM 2.0. Inoltre, dispone di slot di espansione PCIe X16 e PCIe X1, che consentono di espandere le sue capacit\u00e0 in base alle esigenze dell&#8217;utente. Il design professionale e l&#8217;affidabilit\u00e0 rendono HP ProDesk 400 G6 la scelta ideale per gli ambienti aziendali che richiedono stabilit\u00e0, prestazioni e capacit\u00e0 di crescita.<br \/>Buon aspetto esteriore.. Guarda in &#8220;+ Foto&#8221; e &#8220;Video&#8221; e se hai domande, chiamaci o usa la nostra chat per ulteriori informazioni o per richiedere maggiori dettagli.<br \/><strong>Commenti<\/strong><br \/><u>1xM.2 2280 per archiviazione &#8211; 1xPCIe X16 \/ 1xPCIe X1<\/u><\/p>\n","protected":false},"excerpt":{"rendered":"<p>Intel Core i5 9400 2.90 GHz. \u00b7 16 Gb. DDR4 RAM \u00b7 240 Gb. SSD \u00b7 <strong>Windows 11 Pro<\/strong> \u00b7<br \/>\n<u>1xM.2 2280 per archiviazione<\/u> &#8211; <u>1xPCIe X16 \/ 1xPCIe X1<br \/>\n<\/u><\/p>\n","protected":false},"featured_media":126549,"template":"","meta":[],"product_brand":[3453],"product_cat":[3845,3943],"product_tag":[],"class_list":{"0":"post-167928","1":"product","2":"type-product","3":"status-publish","4":"has-post-thumbnail","6":"product_brand-hp","7":"product_cat-computer-it","8":"product_cat-computer-computer-it","10":"first","11":"instock","12":"taxable","13":"shipping-taxable","14":"purchasable","15":"product-type-simple"},"bundled_by":[],"bundle_stock_status":"instock","bundle_stock_quantity":32,"bundle_virtual":false,"bundle_layout":"","bundle_add_to_cart_form_location":"","bundle_editable_in_cart":false,"bundle_sold_individually_context":"","bundle_item_grouping":"","bundle_min_size":"","bundle_max_size":"","bundle_price":[],"bundled_items":[],"bundle_sell_ids":[],"exclude_global_add_ons":true,"addons":{"webcam-upgrades":{"name":"Estensione Webcam","type":"multiple_choice","position":0,"required":false,"title_format":"heading","default":"","description_enable":false,"description":"","placeholder_enable":false,"placeholder":"","display":"radiobutton","restrictions_type":"any_text","adjust_price":false,"price":"","price_type":"quantity_based","restrictions":false,"min":"0","max":"0","options":[{"label":"Conceptronic AMDIS FullHD [AMP00085]","price":"29.0000","price_type":"quantity_based","image":0,"visibility":true}]},"ram-memory-upgrades":{"name":"Espansione RAM","type":"multiple_choice","position":0,"required":false,"title_format":"heading","default":"","description_enable":false,"description":"","placeholder_enable":false,"placeholder":"","display":"radiobutton","restrictions_type":"any_text","adjust_price":false,"price":"","price_type":"quantity_based","restrictions":false,"min":"0","max":"0","options":[{"label":"32 Gb DIMM RAM extension [AMP00122]","price":"150.0000","price_type":"quantity_based","image":0,"visibility":true}]},"hdd-upgrades":{"name":"Estensione HDD","type":"multiple_choice","position":0,"required":false,"title_format":"heading","default":"","description_enable":false,"description":"","placeholder_enable":false,"placeholder":"","display":"radiobutton","restrictions_type":"any_text","adjust_price":false,"price":"","price_type":"quantity_based","restrictions":false,"min":"0","max":"0","options":[{"label":"SSD 480 Gb. Upgrade [AMP00014]","price":"59.0000","price_type":"quantity_based","image":0,"visibility":true},{"label":"SSD 1 Tb. Upgrade [AMP00071]","price":"95.0000","price_type":"quantity_based","image":0,"visibility":true},{"label":"SSD 500 Gb. M.2 2280 PCIe Upgrade [AMP00106]","price":"110.0000","price_type":"quantity_based","image":0,"visibility":true},{"label":"SSD 1 Tb. M.2 2280 PCIe Upgrade [AMP00107]","price":"165.0000","price_type":"quantity_based","image":0,"visibility":true},{"label":"Additional SSD 500 Gb. M.2 2280 PCIe [AMP00108]","price":"115.0000","price_type":"quantity_based","image":0,"visibility":true},{"label":"1 Tb SSD disk. M.2 2280 PCIe Additional [AMP00109]","price":"170.0000","price_type":"quantity_based","image":0,"visibility":true}]},"graphic-card-upgrades":{"name":"Estensione scheda grafica","type":"multiple_choice","position":0,"required":false,"title_format":"heading","default":"","description_enable":false,"description":"","placeholder_enable":false,"placeholder":"","display":"radiobutton","restrictions_type":"any_text","adjust_price":false,"price":"","price_type":"quantity_based","restrictions":false,"min":"0","max":"0","options":[{"label":"Graphic Card 2 Gb. (1xDVI, 1xHDMI) [AMP00010]","price":"60.0000","price_type":"quantity_based","image":0,"visibility":true}]},"network-card-upgrades":{"name":"Estensione WIFI","type":"multiple_choice","position":0,"required":false,"title_format":"heading","default":"","description_enable":false,"description":"","placeholder_enable":false,"placeholder":"","display":"radiobutton","restrictions_type":"any_text","adjust_price":false,"price":"","price_type":"quantity_based","restrictions":false,"min":"0","max":"0","options":[{"label":"Wi-Fi PCI Card Upgrade [AMP00017]","price":"15.0000","price_type":"quantity_based","image":0,"visibility":true},{"label":"Wireless nano USB Upgrade [AMP00018]","price":"12.0000","price_type":"quantity_based","image":0,"visibility":true}]},"os-upgrades":{"name":"Estensione SO","type":"multiple_choice","position":0,"required":false,"title_format":"heading","default":"","description_enable":false,"description":"","placeholder_enable":false,"placeholder":"","display":"radiobutton","restrictions_type":"any_text","adjust_price":false,"price":"","price_type":"quantity_based","restrictions":false,"min":"0","max":"0","options":[{"label":"Change language to French [AMP00125]","price":"0.0000","price_type":"quantity_based","image":0,"visibility":true},{"label":"Change language to English [AMP00008]","price":"0.0000","price_type":"quantity_based","image":0,"visibility":true},{"label":"Change language to Portuguese [AMP00009]","price":"0.0000","price_type":"quantity_based","image":0,"visibility":true}]},"keyboard-upgrades":{"name":"Estensione tastiera","type":"multiple_choice","position":0,"required":false,"title_format":"heading","default":"","description_enable":false,"description":"","placeholder_enable":false,"placeholder":"","display":"radiobutton","restrictions_type":"any_text","adjust_price":false,"price":"","price_type":"quantity_based","restrictions":false,"min":"0","max":"0","options":[{"label":"Keyboard and Mouse [AMP00020]","price":"8.0000","price_type":"quantity_based","image":0,"visibility":true},{"label":"Portuguese New Keyboard and Mouse [AMP00088]","price":"15.0000","price_type":"quantity_based","image":0,"visibility":true},{"label":"Spanish USB Keyboard and Mouse (New) [AMP00068]","price":"12.0000","price_type":"quantity_based","image":0,"visibility":true}]}},"df_price":532.52,"df_sale_price":"","df_regular_price":532.52,"df_image_link":"https:\/\/zoca.es\/wp-content\/uploads\/images\/product\/13220\/hp02876_01-300x225.jpg","_links":{"self":[{"href":"https:\/\/zoca.es\/it\/wp-json\/wp\/v2\/product\/167928","targetHints":{"allow":["GET"]}}],"collection":[{"href":"https:\/\/zoca.es\/it\/wp-json\/wp\/v2\/product"}],"about":[{"href":"https:\/\/zoca.es\/it\/wp-json\/wp\/v2\/types\/product"}],"wp:featuredmedia":[{"embeddable":true,"href":"https:\/\/zoca.es\/it\/wp-json\/wp\/v2\/media\/126549"}],"wp:attachment":[{"href":"https:\/\/zoca.es\/it\/wp-json\/wp\/v2\/media?parent=167928"}],"wp:term":[{"taxonomy":"product_brand","embeddable":true,"href":"https:\/\/zoca.es\/it\/wp-json\/wp\/v2\/product_brand?post=167928"},{"taxonomy":"product_cat","embeddable":true,"href":"https:\/\/zoca.es\/it\/wp-json\/wp\/v2\/product_cat?post=167928"},{"taxonomy":"product_tag","embeddable":true,"href":"https:\/\/zoca.es\/it\/wp-json\/wp\/v2\/product_tag?post=167928"}],"curies":[{"name":"wp","href":"https:\/\/api.w.org\/{rel}","templated":true}]}}