{"id":167897,"date":"2025-03-11T15:40:51","date_gmt":"2025-03-11T14:40:51","guid":{"rendered":"https:\/\/zoca.es\/producto\/hp-elite-x2-g8-impecable-13-ricondizionato-core-i5-26ghz-16-gb-ram-256-gb-ssd-m2-1920x1280-it-13378\/"},"modified":"2026-02-25T10:12:53","modified_gmt":"2026-02-25T09:12:53","slug":"hp-elite-x2-g8-impecable-13-ricondizionato-core-i5-26ghz-16-gb-ram-256-gb-ssd-m2-1920x1280-it-13378","status":"publish","type":"product","link":"https:\/\/zoca.es\/it\/producto\/hp-elite-x2-g8-impecable-13-ricondizionato-core-i5-26ghz-16-gb-ram-256-gb-ssd-m2-1920x1280-it-13378\/","title":{"rendered":"HP Elite X2 G8-Impecable 13&#8221; | Ricondizionato | Core i5 2.6GHz | 16 GB RAM | 256 GB SSD M2 1920&#215;1280"},"content":{"rendered":"<p><strong>Processore<\/strong><br \/>Intel Core i5 i5-1145G7 2.6 GHz.<br \/><strong>Memoria RAM<\/strong><br \/>16 Gb. SO-DDR4 RAM<br \/><strong>Disco duro<\/strong><br \/>256 Gb. SSD M2<br \/><strong>Carte<\/strong><br \/>Grafica: Intel Irix Xe Graphics<br \/>Suono: Audio Bang &amp; Olufsen<br \/><strong>Sistema operativo<\/strong><br \/>Windows 11 Pro<br \/><strong>Porte<\/strong><br \/>3x USB-C<br \/><strong>Schermo<\/strong><br \/>Tattile 13 &#8221; FullHD 16:10  \u00b7 Risoluzione 1920&#215;1280<br \/><strong>Multimedia<\/strong><br \/>Webcam posteriore<br \/>Webcam frontale<br \/><strong>Connettivit\u00e0<\/strong><br \/>WIFI<br \/>Bluetooth<br \/>4G<br \/><strong>Altri<\/strong><br \/>Imballaggio hR<br \/><strong>Dimensioni<\/strong><br \/>29&#215;22.5&#215;2 cm.<br \/><strong>Peso<\/strong><br \/>1.15 Kg.<br \/><strong>Specifiche aggiuntive<\/strong><br \/>HP Elite X2 G8 \u00e8 progettato per la produttivit\u00e0 e la mobilit\u00e0. Dotato di un potente Intel Core i5-1145G7 da 2,6 GHz, 16 GB di RAM SO-DDR4 e un SSD M2 da 256 GB, offre prestazioni fluide ed efficienti in qualsiasi ambiente.<br \/>Il suo display touch da 13 pollici FullHD (1920&#215;1280) in formato 16:10 garantisce un&#8217;esperienza visiva eccezionale, perfetta per il lavoro e l&#8217;intrattenimento. Con Windows 11 Pro, fornisce sicurezza e funzionalit\u00e0 avanzate.<br \/>Aspetto esterno impeccabile. Se hai domande, chiamaci o usa la nostra chat per maggiori informazioni o per richiedere maggiori dettagli.<\/p>\n","protected":false},"excerpt":{"rendered":"<p>Intel Core i5 i5-1145G7 2.6 GHz. [TPM 2.0] \u00b7 16 Gb. SO-DDR4 RAM \u00b7 256 Gb. SSD M2 \u00b7 <strong>Windows 11 Pro<\/strong> \u00b7 Tattile 13 &#8221; FullHD 16:10 \u00b7 Risoluzione 1920&#215;1280<\/p>\n","protected":false},"featured_media":128026,"template":"","meta":[],"product_brand":[3453],"product_cat":[3869,3939],"product_tag":[],"class_list":{"0":"post-167897","1":"product","2":"type-product","3":"status-publish","4":"has-post-thumbnail","6":"product_brand-hp","7":"product_cat-tablets-it","8":"product_cat-tablets-tablets-it","10":"first","11":"instock","12":"taxable","13":"shipping-taxable","14":"purchasable","15":"product-type-simple"},"bundled_by":[],"bundle_stock_status":"instock","bundle_stock_quantity":11,"bundle_virtual":false,"bundle_layout":"","bundle_add_to_cart_form_location":"","bundle_editable_in_cart":false,"bundle_sold_individually_context":"","bundle_item_grouping":"","bundle_min_size":"","bundle_max_size":"","bundle_price":[],"bundled_items":[],"bundle_sell_ids":[],"exclude_global_add_ons":true,"addons":{"docking-station-upgrades":{"name":"Estensione Docking Station","type":"multiple_choice","position":0,"required":false,"title_format":"heading","default":"","description_enable":false,"description":"","placeholder_enable":false,"placeholder":"","display":"radiobutton","restrictions_type":"any_text","adjust_price":false,"price":"","price_type":"quantity_based","restrictions":false,"min":"0","max":"0","options":[{"label":"Microsoft Surface Docking Station 1661 [AMP00061]","price":"45.0000","price_type":"quantity_based","image":0,"visibility":true}]},"pencil-upgrades":{"name":"Estensione Matita","type":"multiple_choice","position":0,"required":false,"title_format":"heading","default":"","description_enable":false,"description":"","placeholder_enable":false,"placeholder":"","display":"radiobutton","restrictions_type":"any_text","adjust_price":false,"price":"","price_type":"quantity_based","restrictions":false,"min":"0","max":"0","options":[{"label":"Active Stylus HP Elite X2 [AMP00092]","price":"35.0000","price_type":"quantity_based","image":0,"visibility":true}]},"os-upgrades":{"name":"Estensione SO","type":"multiple_choice","position":0,"required":false,"title_format":"heading","default":"","description_enable":false,"description":"","placeholder_enable":false,"placeholder":"","display":"radiobutton","restrictions_type":"any_text","adjust_price":false,"price":"","price_type":"quantity_based","restrictions":false,"min":"0","max":"0","options":[{"label":"Change language to French [AMP00125]","price":"0.0000","price_type":"quantity_based","image":0,"visibility":true},{"label":"Change language to English [AMP00008]","price":"0.0000","price_type":"quantity_based","image":0,"visibility":true},{"label":"Change language to Portuguese [AMP00009]","price":"0.0000","price_type":"quantity_based","image":0,"visibility":true}]}},"df_price":666.23,"df_sale_price":"","df_regular_price":666.23,"df_image_link":"https:\/\/zoca.es\/wp-content\/uploads\/images\/product\/13378\/hp02924_01-300x225.jpg","_links":{"self":[{"href":"https:\/\/zoca.es\/it\/wp-json\/wp\/v2\/product\/167897","targetHints":{"allow":["GET"]}}],"collection":[{"href":"https:\/\/zoca.es\/it\/wp-json\/wp\/v2\/product"}],"about":[{"href":"https:\/\/zoca.es\/it\/wp-json\/wp\/v2\/types\/product"}],"wp:featuredmedia":[{"embeddable":true,"href":"https:\/\/zoca.es\/it\/wp-json\/wp\/v2\/media\/128026"}],"wp:attachment":[{"href":"https:\/\/zoca.es\/it\/wp-json\/wp\/v2\/media?parent=167897"}],"wp:term":[{"taxonomy":"product_brand","embeddable":true,"href":"https:\/\/zoca.es\/it\/wp-json\/wp\/v2\/product_brand?post=167897"},{"taxonomy":"product_cat","embeddable":true,"href":"https:\/\/zoca.es\/it\/wp-json\/wp\/v2\/product_cat?post=167897"},{"taxonomy":"product_tag","embeddable":true,"href":"https:\/\/zoca.es\/it\/wp-json\/wp\/v2\/product_tag?post=167897"}],"curies":[{"name":"wp","href":"https:\/\/api.w.org\/{rel}","templated":true}]}}