{"id":167593,"date":"2026-01-27T16:06:08","date_gmt":"2026-01-27T15:06:08","guid":{"rendered":"https:\/\/zoca.es\/producto\/dell-vostro-5590-156-difetto-core-i5-16ghz-8-gb-ram-512-gb-ssd-m2-1920x1080-it-14665\/"},"modified":"2026-02-25T09:38:42","modified_gmt":"2026-02-25T08:38:42","slug":"dell-vostro-5590-156-difetto-core-i5-16ghz-8-gb-ram-512-gb-ssd-m2-1920x1080-it-14665","status":"publish","type":"product","link":"https:\/\/zoca.es\/it\/producto\/dell-vostro-5590-156-difetto-core-i5-16ghz-8-gb-ram-512-gb-ssd-m2-1920x1080-it-14665\/","title":{"rendered":"Dell VOSTRO 5590 15.6&#8221; | Difetto | Core i5 1.6GHz | 8 GB RAM | 512 GB SSD M2 1920&#215;1080"},"content":{"rendered":"<p><strong>Processore<\/strong><br \/>Intel Core i5 10210U 1.6 GHz.<br \/><strong>Memoria RAM<\/strong><br \/>8 Gb. SO-DDR4 RAM<br \/><strong>Disco duro<\/strong><br \/>512 Gb. SSD M2<br \/><strong>Carte<\/strong><br \/>Grafica: Intel cometlake-u GT2 UHD<br \/>Suono: Realtek ALC3204<br \/><strong>Sistema operativo<\/strong><br \/>Windows 11 Pro<br \/><strong>Porte<\/strong><br \/>USB 2.0<br \/>USB-C<br \/>2x USB 3.1<br \/><strong>Schermo<\/strong><br \/>IPS 15.6 &#8221; FullHD 16:9  \u00b7 Risoluzione 1920&#215;1080<br \/><strong>Porte video<\/strong><br \/>HDMI<br \/><strong>Multimedia<\/strong><br \/>Webcam<br \/><strong>Connettivit\u00e0<\/strong><br \/>RJ-45<br \/>WIFI<br \/>Bluetooth<br \/><strong>Specifico portatile<\/strong><br \/>Lingua tastiera Inglese<br \/>Tastierino numerico<br \/><strong>Dimensioni<\/strong><br \/>35x23x1.7 cm.<br \/><strong>Peso<\/strong><br \/>1.82 Kg.<br \/><strong>Commenti<\/strong><br \/><u>Porta LAN non funzionante. Piccole ammaccature sulla scocca. Un segno molto leggero, appena percettibile, sullo schermo. \u00c8 pi\u00f9 visibile quando lo schermo \u00e8 acceso. Il resto \u00e8 un danno estetico che non compromette la funzionalit\u00e0 del portatile. Sicuramente un&#8217;ottima opportunit\u00e0. Vedi &#8220;+ Foto&#8221; e se hai domande, chiamaci o usa la nostra chat per maggiori informazioni o per richiedere ulteriori dettagli.<\/u><\/p>\n","protected":false},"excerpt":{"rendered":"<p>Intel Core i5 10210U 1.6 GHz. \u00b7 8 Gb. SO-DDR4 RAM \u00b7<u>Porta LAN rotta. Piccole ammaccature sulla scocca. Lieve segno sullo schermo (vedi &#8220;+ Foto&#8221;)<\/u><\/p>\n","protected":false},"featured_media":156387,"template":"","meta":[],"product_brand":[3445],"product_cat":[3861,3932,3856,3936],"product_tag":[],"class_list":{"0":"post-167593","1":"product","2":"type-product","3":"status-publish","4":"has-post-thumbnail","6":"product_brand-dell","7":"product_cat-portatili-con-difetti-it","8":"product_cat-con-difetti-it","9":"product_cat-portatili-it","10":"product_cat-con-difetti-portatili-it","12":"first","13":"instock","14":"taxable","15":"shipping-taxable","16":"purchasable","17":"product-type-simple"},"bundled_by":[],"bundle_stock_status":"instock","bundle_stock_quantity":1,"bundle_virtual":false,"bundle_layout":"","bundle_add_to_cart_form_location":"","bundle_editable_in_cart":false,"bundle_sold_individually_context":"","bundle_item_grouping":"","bundle_min_size":"","bundle_max_size":"","bundle_price":[],"bundled_items":[],"bundle_sell_ids":[],"exclude_global_add_ons":true,"addons":{"keyboard-iso-upgrades":{"name":"Seleziona lingua della tastiera","type":"multiple_choice","position":0,"required":false,"title_format":"heading","default":"","description_enable":false,"description":"","placeholder_enable":false,"placeholder":"","display":"radiobutton","restrictions_type":"any_text","adjust_price":false,"price":"","price_type":"quantity_based","restrictions":false,"min":"0","max":"0","options":[{"label":"Spanish Stickers [AMP00082]","price":"0.0000","price_type":"quantity_based","image":0,"visibility":true},{"label":"French Stickers [AMP00084]","price":"0.0000","price_type":"quantity_based","image":0,"visibility":true},{"label":"Portuguese Stickers [AMP00083]","price":"0.0000","price_type":"quantity_based","image":0,"visibility":true}]},"ram-memory-upgrades":{"name":"Espansione RAM","type":"multiple_choice","position":0,"required":false,"title_format":"heading","default":"","description_enable":false,"description":"","placeholder_enable":false,"placeholder":"","display":"radiobutton","restrictions_type":"any_text","adjust_price":false,"price":"","price_type":"quantity_based","restrictions":false,"min":"0","max":"0","options":[{"label":"DDR4 16 Gb SO-DIMM RAM extension [AMP00081]","price":"60.0000","price_type":"quantity_based","image":0,"visibility":true}]},"hdd-upgrades":{"name":"Estensione HDD","type":"multiple_choice","position":0,"required":false,"title_format":"heading","default":"","description_enable":false,"description":"","placeholder_enable":false,"placeholder":"","display":"radiobutton","restrictions_type":"any_text","adjust_price":false,"price":"","price_type":"quantity_based","restrictions":false,"min":"0","max":"0","options":[{"label":"SSD 1 Tb. M.2 2280 PCIe Upgrade [AMP00107]","price":165,"price_type":"quantity_based","image":0,"visibility":true},{"label":"SSD 2 Tb. M.2 2280 PCIe Upgrade [AMP00171]","price":260,"price_type":"quantity_based","image":0,"visibility":true}]},"os-upgrades":{"name":"Estensione SO","type":"multiple_choice","position":0,"required":false,"title_format":"heading","default":"","description_enable":false,"description":"","placeholder_enable":false,"placeholder":"","display":"radiobutton","restrictions_type":"any_text","adjust_price":false,"price":"","price_type":"quantity_based","restrictions":false,"min":"0","max":"0","options":[{"label":"Change language to French [AMP00125]","price":"0.0000","price_type":"quantity_based","image":0,"visibility":true},{"label":"Change language to English [AMP00008]","price":"0.0000","price_type":"quantity_based","image":0,"visibility":true},{"label":"Change language to Portuguese [AMP00009]","price":"0.0000","price_type":"quantity_based","image":0,"visibility":true}]},"briefcase-upgrades":{"name":"Valigetta","type":"multiple_choice","position":0,"required":false,"title_format":"heading","default":"","description_enable":false,"description":"","placeholder_enable":false,"placeholder":"","display":"radiobutton","restrictions_type":"any_text","adjust_price":false,"price":"","price_type":"quantity_based","restrictions":false,"min":"0","max":"0","options":[{"label":"Laptop Briefcase [AMP00041]","price":"5.0000","price_type":"quantity_based","image":0,"visibility":true}]}},"df_price":469.6,"df_sale_price":"","df_regular_price":469.6,"df_image_link":"https:\/\/zoca.es\/wp-content\/uploads\/images\/product\/14665\/dell01600tr01_01-300x225.jpg","_links":{"self":[{"href":"https:\/\/zoca.es\/it\/wp-json\/wp\/v2\/product\/167593","targetHints":{"allow":["GET"]}}],"collection":[{"href":"https:\/\/zoca.es\/it\/wp-json\/wp\/v2\/product"}],"about":[{"href":"https:\/\/zoca.es\/it\/wp-json\/wp\/v2\/types\/product"}],"wp:featuredmedia":[{"embeddable":true,"href":"https:\/\/zoca.es\/it\/wp-json\/wp\/v2\/media\/156387"}],"wp:attachment":[{"href":"https:\/\/zoca.es\/it\/wp-json\/wp\/v2\/media?parent=167593"}],"wp:term":[{"taxonomy":"product_brand","embeddable":true,"href":"https:\/\/zoca.es\/it\/wp-json\/wp\/v2\/product_brand?post=167593"},{"taxonomy":"product_cat","embeddable":true,"href":"https:\/\/zoca.es\/it\/wp-json\/wp\/v2\/product_cat?post=167593"},{"taxonomy":"product_tag","embeddable":true,"href":"https:\/\/zoca.es\/it\/wp-json\/wp\/v2\/product_tag?post=167593"}],"curies":[{"name":"wp","href":"https:\/\/api.w.org\/{rel}","templated":true}]}}