{"id":167389,"date":"2026-01-27T15:06:38","date_gmt":"2026-01-27T14:06:38","guid":{"rendered":"https:\/\/zoca.es\/producto\/dell-vostro-15-5501-156-difetto-core-i7-13ghz-8-gb-ram-512-gb-ssd-m2-1920x1080-it-14667\/"},"modified":"2026-02-25T10:09:17","modified_gmt":"2026-02-25T09:09:17","slug":"dell-vostro-15-5501-156-difetto-core-i7-13ghz-8-gb-ram-512-gb-ssd-m2-1920x1080-it-14667","status":"publish","type":"product","link":"https:\/\/zoca.es\/it\/producto\/dell-vostro-15-5501-156-difetto-core-i7-13ghz-8-gb-ram-512-gb-ssd-m2-1920x1080-it-14667\/","title":{"rendered":"Dell VOSTRO 15 5501 15.6&#8221; | Difetto | Core i7 1.3GHz | 8 GB RAM | 512 GB SSD M2 1920&#215;1080"},"content":{"rendered":"<p><strong>Processore<\/strong><br \/>Intel Core i7 1065G7 1.3 GHz.<br \/><strong>Memoria RAM<\/strong><br \/>8 Gb. SO-DDR4 RAM<br \/><strong>Disco duro<\/strong><br \/>512 Gb. SSD M2<br \/><strong>Carte<\/strong><br \/>Grafica: NVIDIA GEFORCE MX330 \/\/ INTEL IRIS PLUS G7<br \/>Suono: Realtek ALC3204<br \/><strong>Sistema operativo<\/strong><br \/>Windows 11 Pro<br \/><strong>Porte<\/strong><br \/>USB-C<br \/>2x USB 3.1<br \/><strong>Schermo<\/strong><br \/>IPS 15.6 &#8221; FullHD 16:9  \u00b7 Risoluzione 1920&#215;1080<br \/><strong>Porte video<\/strong><br \/>HDMI<br \/><strong>Multimedia<\/strong><br \/>Webcam<br \/><strong>Connettivit\u00e0<\/strong><br \/>RJ-45<br \/>WIFI<br \/>Bluetooth<br \/><strong>Specifico portatile<\/strong><br \/>Lingua tastiera Inglese<br \/>Tastierino numerico<br \/><strong>Dimensioni<\/strong><br \/>35x23x1.7 cm.<br \/><strong>Peso<\/strong><br \/>1.70 Kg.<br \/><strong>Commenti<\/strong><br \/><u>Ci sono alcuni graffi sulla scocca, soprattutto sul retro dello schermo e in un angolo. C&#8217;\u00e8 anche un leggerissimo segno sulla tastiera, ma \u00e8 appena percettibile. \u00c8 molto difficile vederlo con lo schermo acceso. Tutte le funzioni e le caratteristiche del portatile funzionano correttamente. Vedi &#8220;+ Foto&#8221; e per qualsiasi domanda, chiamaci o usa la nostra chat per maggiori informazioni o per richiedere ulteriori dettagli.<\/u><\/p>\n","protected":false},"excerpt":{"rendered":"<p>Intel Core i7 1065G7 1.3 GHz. \u00b7 8 Gb. SO-DDR4 RAM \u00b7<u>Ammaccature sulla scocca. Lievi segni sullo schermo (Vedi &#8220;+ Foto&#8221;)<\/u><\/p>\n","protected":false},"featured_media":156333,"template":"","meta":[],"product_brand":[3445],"product_cat":[3861,3932,3856,3936],"product_tag":[],"class_list":{"0":"post-167389","1":"product","2":"type-product","3":"status-publish","4":"has-post-thumbnail","6":"product_brand-dell","7":"product_cat-portatili-con-difetti-it","8":"product_cat-con-difetti-it","9":"product_cat-portatili-it","10":"product_cat-con-difetti-portatili-it","12":"first","13":"instock","14":"taxable","15":"shipping-taxable","16":"purchasable","17":"product-type-simple"},"bundled_by":[],"bundle_stock_status":"instock","bundle_stock_quantity":1,"bundle_virtual":false,"bundle_layout":"","bundle_add_to_cart_form_location":"","bundle_editable_in_cart":false,"bundle_sold_individually_context":"","bundle_item_grouping":"","bundle_min_size":"","bundle_max_size":"","bundle_price":[],"bundled_items":[],"bundle_sell_ids":[],"exclude_global_add_ons":true,"addons":{"keyboard-iso-upgrades":{"name":"Seleziona lingua della tastiera","type":"multiple_choice","position":0,"required":false,"title_format":"heading","default":"","description_enable":false,"description":"","placeholder_enable":false,"placeholder":"","display":"radiobutton","restrictions_type":"any_text","adjust_price":false,"price":"","price_type":"quantity_based","restrictions":false,"min":"0","max":"0","options":[{"label":"Spanish Stickers [AMP00082]","price":"0.0000","price_type":"quantity_based","image":0,"visibility":true},{"label":"French Stickers [AMP00084]","price":"0.0000","price_type":"quantity_based","image":0,"visibility":true},{"label":"Portuguese Stickers [AMP00083]","price":"0.0000","price_type":"quantity_based","image":0,"visibility":true}]},"ram-memory-upgrades":{"name":"Espansione RAM","type":"multiple_choice","position":0,"required":false,"title_format":"heading","default":"","description_enable":false,"description":"","placeholder_enable":false,"placeholder":"","display":"radiobutton","restrictions_type":"any_text","adjust_price":false,"price":"","price_type":"quantity_based","restrictions":false,"min":"0","max":"0","options":[{"label":"DDR4 16 Gb SO-DIMM RAM extension [AMP00081]","price":"60.0000","price_type":"quantity_based","image":0,"visibility":true}]},"hdd-upgrades":{"name":"Estensione HDD","type":"multiple_choice","position":0,"required":false,"title_format":"heading","default":"","description_enable":false,"description":"","placeholder_enable":false,"placeholder":"","display":"radiobutton","restrictions_type":"any_text","adjust_price":false,"price":"","price_type":"quantity_based","restrictions":false,"min":"0","max":"0","options":[{"label":"SSD 1 Tb. M.2 2280 PCIe Upgrade [AMP00107]","price":165,"price_type":"quantity_based","image":0,"visibility":true},{"label":"SSD 2 Tb. M.2 2280 PCIe Upgrade [AMP00171]","price":260,"price_type":"quantity_based","image":0,"visibility":true}]},"os-upgrades":{"name":"Estensione SO","type":"multiple_choice","position":0,"required":false,"title_format":"heading","default":"","description_enable":false,"description":"","placeholder_enable":false,"placeholder":"","display":"radiobutton","restrictions_type":"any_text","adjust_price":false,"price":"","price_type":"quantity_based","restrictions":false,"min":"0","max":"0","options":[{"label":"Change language to French [AMP00125]","price":"0.0000","price_type":"quantity_based","image":0,"visibility":true},{"label":"Change language to English [AMP00008]","price":"0.0000","price_type":"quantity_based","image":0,"visibility":true},{"label":"Change language to Portuguese [AMP00009]","price":"0.0000","price_type":"quantity_based","image":0,"visibility":true}]},"briefcase-upgrades":{"name":"Valigetta","type":"multiple_choice","position":0,"required":false,"title_format":"heading","default":"","description_enable":false,"description":"","placeholder_enable":false,"placeholder":"","display":"radiobutton","restrictions_type":"any_text","adjust_price":false,"price":"","price_type":"quantity_based","restrictions":false,"min":"0","max":"0","options":[{"label":"Laptop Briefcase [AMP00041]","price":"5.0000","price_type":"quantity_based","image":0,"visibility":true}]}},"df_price":515.22,"df_sale_price":"","df_regular_price":515.22,"df_image_link":"https:\/\/zoca.es\/wp-content\/uploads\/images\/product\/14667\/dell01597tr01_01-300x225.jpg","_links":{"self":[{"href":"https:\/\/zoca.es\/it\/wp-json\/wp\/v2\/product\/167389","targetHints":{"allow":["GET"]}}],"collection":[{"href":"https:\/\/zoca.es\/it\/wp-json\/wp\/v2\/product"}],"about":[{"href":"https:\/\/zoca.es\/it\/wp-json\/wp\/v2\/types\/product"}],"wp:featuredmedia":[{"embeddable":true,"href":"https:\/\/zoca.es\/it\/wp-json\/wp\/v2\/media\/156333"}],"wp:attachment":[{"href":"https:\/\/zoca.es\/it\/wp-json\/wp\/v2\/media?parent=167389"}],"wp:term":[{"taxonomy":"product_brand","embeddable":true,"href":"https:\/\/zoca.es\/it\/wp-json\/wp\/v2\/product_brand?post=167389"},{"taxonomy":"product_cat","embeddable":true,"href":"https:\/\/zoca.es\/it\/wp-json\/wp\/v2\/product_cat?post=167389"},{"taxonomy":"product_tag","embeddable":true,"href":"https:\/\/zoca.es\/it\/wp-json\/wp\/v2\/product_tag?post=167389"}],"curies":[{"name":"wp","href":"https:\/\/api.w.org\/{rel}","templated":true}]}}